{"id":3575,"date":"2016-12-14T17:29:59","date_gmt":"2016-12-14T15:29:59","guid":{"rendered":"http:\/\/truckmaint.ee\/?page_id=3575\/"},"modified":"2016-12-14T17:29:59","modified_gmt":"2016-12-14T15:29:59","slug":"rehvide-taastamine","status":"publish","type":"page","link":"https:\/\/truckmaint.ee\/lv\/pakalpojumi\/rehvide-taastamine\/","title":{"rendered":"Rehvide taastamine"},"content":{"rendered":"<div class=\"wpb-content-wrapper\"><p>[vc_row][vc_column width=&#8221;2\/3&#8243;][vc_row_inner][vc_column_inner][vc_column_text]<\/p>\n<h1 style=\"margin-top: 0;\"><strong>REHVIDE TAASTAMINE<\/strong><\/h1>\n<p>Oleme saksa rehvide taastamise firma R\u00f6sler esindaja Baltikumis. Esindame 50 aastast saksa traditsiooni.[\/vc_column_text][\/vc_column_inner][\/vc_row_inner][vc_column_text]<\/p>\n<h3><strong>\u201eKuumalt\u201c taastatult, Rodos seeria<\/strong><\/h3>\n<p>[\/vc_column_text][vc_single_image image=&#8221;3015&#8243; img_size=&#8221;large&#8221;][vc_column_text]<\/p>\n<h3><strong>\u201eK\u00fclmalt\u201c taastatult, Schelkmann seeria<\/strong><\/h3>\n<p>[\/vc_column_text][vc_single_image image=&#8221;3070&#8243; img_size=&#8221;large&#8221;][vc_column_text]<\/p>\n<h3><strong>Rehvide t\u00e4itmine<\/strong><\/h3>\n<p>[\/vc_column_text][vc_single_image image=&#8221;3072&#8243; img_size=&#8221;large&#8221;][vc_column_text]<\/p>\n<h3><strong>Rehvide t\u00f6\u00f6parameetrite halduss\u00fcsteem<\/strong><\/h3>\n<p>[\/vc_column_text][vc_single_image image=&#8221;3075&#8243; img_size=&#8221;large&#8221;][\/vc_column][vc_column width=&#8221;1\/3&#8243;][vc_wp_custommenu nav_menu=&#8221;58&#8243;][\/vc_column][\/vc_row][vc_row full_width=&#8221;stretch_row&#8221; css=&#8221;.vc_custom_1473749874315{margin-bottom: 0px !important;padding-top: 30px !important;padding-bottom: 30px !important;background-color: #333333 !important;}&#8221; el_class=&#8221;contact-block&#8221;][vc_column][vc_column_text]<\/p>\n<p style=\"text-align: center;\"><strong><em>Meiega saad \u00fchendust kiirelt ka l\u00e4bi veebi. Leiame koos sobiva lahenduse.<\/em><\/strong><\/p>\n<p style=\"text-align: center;\"><strong><a href=\"http:\/\/truckmaint.ee\/kontakt\/\">K\u00dcSI T\u00c4PSEMALT <i class=\"fa fa-angle-double-right\"><\/i><\/a><\/strong><\/p>\n<p>[\/vc_column_text][\/vc_column][\/vc_row]<\/p>\n<\/div><input class=\"fooboxshare_post_id\" type=\"hidden\" value=\"3575\"\/>","protected":false},"excerpt":{"rendered":"<p>[vc_row][vc_column width=&#8221;2\/3&#8243;][vc_row_inner][vc_column_inner][vc_column_text] REHVIDE TAASTAMINE Oleme saksa rehvide taastamise firma R\u00f6sler esindaja Baltikumis. Esindame 50 aastast saksa traditsiooni.[\/vc_column_text][\/vc_column_inner][\/vc_row_inner][vc_column_text] \u201eKuumalt\u201c taastatult, Rodos seeria [\/vc_column_text][vc_single_image image=&#8221;3015&#8243; img_size=&#8221;large&#8221;][vc_column_text] \u201eK\u00fclmalt\u201c taastatult, Schelkmann seeria [\/vc_column_text][vc_single_image image=&#8221;3070&#8243; img_size=&#8221;large&#8221;][vc_column_text] Rehvide t\u00e4itmine [\/vc_column_text][vc_single_image image=&#8221;3072&#8243; img_size=&#8221;large&#8221;][vc_column_text] Rehvide t\u00f6\u00f6parameetrite halduss\u00fcsteem [\/vc_column_text][vc_single_image&#8230;<\/p>\n","protected":false},"author":1,"featured_media":3558,"parent":2820,"menu_order":0,"comment_status":"closed","ping_status":"closed","template":"","meta":{"_acf_changed":false,"footnotes":""},"class_list":["post-3575","page","type-page","status-publish","has-post-thumbnail","hentry"],"acf":[],"_links":{"self":[{"href":"https:\/\/truckmaint.ee\/lv\/wp-json\/wp\/v2\/pages\/3575","targetHints":{"allow":["GET"]}}],"collection":[{"href":"https:\/\/truckmaint.ee\/lv\/wp-json\/wp\/v2\/pages"}],"about":[{"href":"https:\/\/truckmaint.ee\/lv\/wp-json\/wp\/v2\/types\/page"}],"author":[{"embeddable":true,"href":"https:\/\/truckmaint.ee\/lv\/wp-json\/wp\/v2\/users\/1"}],"replies":[{"embeddable":true,"href":"https:\/\/truckmaint.ee\/lv\/wp-json\/wp\/v2\/comments?post=3575"}],"version-history":[{"count":1,"href":"https:\/\/truckmaint.ee\/lv\/wp-json\/wp\/v2\/pages\/3575\/revisions"}],"predecessor-version":[{"id":3576,"href":"https:\/\/truckmaint.ee\/lv\/wp-json\/wp\/v2\/pages\/3575\/revisions\/3576"}],"up":[{"embeddable":true,"href":"https:\/\/truckmaint.ee\/lv\/wp-json\/wp\/v2\/pages\/2820"}],"wp:featuredmedia":[{"embeddable":true,"href":"https:\/\/truckmaint.ee\/lv\/wp-json\/wp\/v2\/media\/3558"}],"wp:attachment":[{"href":"https:\/\/truckmaint.ee\/lv\/wp-json\/wp\/v2\/media?parent=3575"}],"curies":[{"name":"wp","href":"https:\/\/api.w.org\/{rel}","templated":true}]}}