{"id":3106,"date":"2016-12-14T17:24:32","date_gmt":"2016-12-14T15:24:32","guid":{"rendered":"http:\/\/truckmaint.ee\/?page_id=3106\/"},"modified":"2016-12-14T17:24:32","modified_gmt":"2016-12-14T15:24:32","slug":"logstacker","status":"publish","type":"page","link":"https:\/\/truckmaint.ee\/lv\/produkti\/logstacker\/","title":{"rendered":"Logstacker"},"content":{"rendered":"<div class=\"wpb-content-wrapper\"><p>[vc_row][vc_column width=&#8221;2\/3&#8243;][vc_column_text]<\/p>\n<h1><strong>Palgilaadur TW<\/strong><\/h1>\n<p><a class=\"tehase-valik\" href=\"http:\/\/twlogstacker.fi\" target=\"_blank\" rel=\"noopener\">Toote veebileht<\/a><\/p>\n<p>J\u00e4rjest kasvavate mahtude realiseerimisel suurenevad ka masinate v\u00f5imsused. Antud palgilaadurite klassis pakume kolme erineva t\u00f5stej\u00f5uga laadurit &#8211; 12 tonni, 17 tonni ja 32 tonni.<\/p>\n<p>Haaratsite ristl\u00f5ike pindala 3 &#8211; 8,5 m2. Valikus on mono- ja duubelhaaratsid.<\/p>\n<p>K\u00fctusekulu al. 12l \/ h. \u00d6konoomseim\u00a0k\u00fctusekulu k\u00e4sitletavale \u00fchele ruumimeetrile.[\/vc_column_text][\/vc_column][vc_column width=&#8221;1\/3&#8243;][vc_wp_custommenu nav_menu=&#8221;57&#8243;][\/vc_column][\/vc_row][vc_row][vc_column][vc_separator css=&#8221;.vc_custom_1461671109624{margin-top: 30px !important;margin-bottom: 30px !important;}&#8221;][vc_column_text]<\/p>\n<div id=\"jig1\" class=\"justified-image-grid jig-dada879c1602e900e086bb389fd59627 jig-preset-global jig-source-wp-gallery jigFooBoxConnect\"><div class=\"jig-clearfix\"><\/div><noscript id=\"jig1-html\" class=\"justified-image-grid-html\" data-lazy-src=\"skiplazyload\" data-src=\"skipunveillazyload\"><ul><li><a href=\"https:\/\/truckmaint.ee\/wp-content\/uploads\/2016\/12\/RTD12KURO_12-11-2015-14-30_02-1024x576.jpg\"><img loading=\"lazy\" decoding=\"async\" src=\"https:\/\/truckmaint.ee\/wp-content\/plugins\/justified-image-grid\/timthumb.php?src=https%3A%2F%2Ftruckmaint.ee%2Fwp-content%2Fuploads%2F2016%2F12%2FRTD12KURO_12-11-2015-14-30_02-1024x576.jpg&amp;h=350&amp;q=90&amp;f=.jpg\" alt=\"Palgilaadur\" width=\"622\" height=\"350\" \/><\/a><p class=\"jig-HTMLdescription\">Palgilaadur<\/p><\/li><li><a href=\"https:\/\/truckmaint.ee\/wp-content\/uploads\/2016\/12\/RTD12KURO_13-04-2016-09-28-1024x576.jpg\"><img loading=\"lazy\" decoding=\"async\" src=\"https:\/\/truckmaint.ee\/wp-content\/plugins\/justified-image-grid\/timthumb.php?src=https%3A%2F%2Ftruckmaint.ee%2Fwp-content%2Fuploads%2F2016%2F12%2FRTD12KURO_13-04-2016-09-28-1024x576.jpg&amp;h=350&amp;q=90&amp;f=.jpg\" alt=\"Palgilaadur\" width=\"622\" height=\"350\" \/><\/a><p class=\"jig-HTMLdescription\">Palgilaadur<\/p><\/li><li><a href=\"https:\/\/truckmaint.ee\/wp-content\/uploads\/2016\/12\/RTD12KURO_13-11-2015-11-22_02-1-1024x576.jpg\"><img loading=\"lazy\" decoding=\"async\" src=\"https:\/\/truckmaint.ee\/wp-content\/plugins\/justified-image-grid\/timthumb.php?src=https%3A%2F%2Ftruckmaint.ee%2Fwp-content%2Fuploads%2F2016%2F12%2FRTD12KURO_13-11-2015-11-22_02-1-1024x576.jpg&amp;h=350&amp;q=90&amp;f=.jpg\" alt=\"Palgilaadur\" width=\"622\" height=\"350\" \/><\/a><p class=\"jig-HTMLdescription\">Palgilaadur<\/p><\/li><li><a href=\"https:\/\/truckmaint.ee\/wp-content\/uploads\/2016\/12\/RTD1723_01-09-2014-13-53_04-1024x576.jpg\"><img loading=\"lazy\" decoding=\"async\" src=\"https:\/\/truckmaint.ee\/wp-content\/plugins\/justified-image-grid\/timthumb.php?src=https%3A%2F%2Ftruckmaint.ee%2Fwp-content%2Fuploads%2F2016%2F12%2FRTD1723_01-09-2014-13-53_04-1024x576.jpg&amp;h=350&amp;q=90&amp;f=.jpg\" alt=\"Palgilaadur\" width=\"622\" height=\"350\" \/><\/a><p class=\"jig-HTMLdescription\">Palgilaadur<\/p><\/li><li><a href=\"https:\/\/truckmaint.ee\/wp-content\/uploads\/2016\/12\/RTD1723_01-09-2014-13-57_13-1024x809.jpg\"><img loading=\"lazy\" decoding=\"async\" src=\"https:\/\/truckmaint.ee\/wp-content\/plugins\/justified-image-grid\/timthumb.php?src=https%3A%2F%2Ftruckmaint.ee%2Fwp-content%2Fuploads%2F2016%2F12%2FRTD1723_01-09-2014-13-57_13-1024x809.jpg&amp;h=350&amp;q=90&amp;f=.jpg\" alt=\"Palgilaadur\" width=\"443\" height=\"350\" \/><\/a><p class=\"jig-HTMLdescription\">Palgilaadur<\/p><\/li><li><a href=\"https:\/\/truckmaint.ee\/wp-content\/uploads\/2016\/12\/RTD3126_19-05-2014-14-02_02-1024x577.jpg\"><img loading=\"lazy\" decoding=\"async\" src=\"https:\/\/truckmaint.ee\/wp-content\/plugins\/justified-image-grid\/timthumb.php?src=https%3A%2F%2Ftruckmaint.ee%2Fwp-content%2Fuploads%2F2016%2F12%2FRTD3126_19-05-2014-14-02_02-1024x577.jpg&amp;h=350&amp;q=90&amp;f=.jpg\" alt=\"Palgilaadur\" width=\"621\" height=\"350\" \/><\/a><p class=\"jig-HTMLdescription\">Palgilaadur<\/p><\/li><\/ul><\/noscript><\/div>\n<p>[\/vc_column_text][\/vc_column][\/vc_row][vc_row full_width=&#8221;stretch_row&#8221; css=&#8221;.vc_custom_1481099502452{margin-bottom: 0px !important;padding-top: 30px !important;padding-bottom: 30px !important;background-color: #333333 !important;}&#8221; el_class=&#8221;contact-block&#8221;][vc_column][vc_column_text]<\/p>\n<p style=\"text-align: center;\"><strong><em>Meiega saad \u00fchendust kiirelt ka l\u00e4bi veebi. Leiame koos sobiva lahenduse.<\/em><\/strong><\/p>\n<p style=\"text-align: center;\"><strong><a href=\"http:\/\/truckmaint.ee\/kontakt\/\">K\u00dcSI T\u00c4PSEMALT <i class=\"fa fa-angle-double-right\"><\/i><\/a><\/strong><\/p>\n<p>[\/vc_column_text][\/vc_column][\/vc_row]<\/p>\n<\/div><input class=\"fooboxshare_post_id\" type=\"hidden\" value=\"3106\"\/>","protected":false},"excerpt":{"rendered":"<p>[vc_row][vc_column width=&#8221;2\/3&#8243;][vc_column_text] Palgilaadur TW Toote veebileht J\u00e4rjest kasvavate mahtude realiseerimisel suurenevad ka masinate v\u00f5imsused. Antud palgilaadurite klassis pakume kolme erineva t\u00f5stej\u00f5uga laadurit &#8211; 12 tonni, 17 tonni ja 32 tonni. Haaratsite ristl\u00f5ike pindala 3 &#8211; 8,5 m2. Valikus on mono-&#8230;<\/p>\n","protected":false},"author":1,"featured_media":3115,"parent":2870,"menu_order":0,"comment_status":"closed","ping_status":"closed","template":"","meta":{"_acf_changed":false,"footnotes":""},"class_list":["post-3106","page","type-page","status-publish","has-post-thumbnail","hentry"],"acf":[],"_links":{"self":[{"href":"https:\/\/truckmaint.ee\/lv\/wp-json\/wp\/v2\/pages\/3106","targetHints":{"allow":["GET"]}}],"collection":[{"href":"https:\/\/truckmaint.ee\/lv\/wp-json\/wp\/v2\/pages"}],"about":[{"href":"https:\/\/truckmaint.ee\/lv\/wp-json\/wp\/v2\/types\/page"}],"author":[{"embeddable":true,"href":"https:\/\/truckmaint.ee\/lv\/wp-json\/wp\/v2\/users\/1"}],"replies":[{"embeddable":true,"href":"https:\/\/truckmaint.ee\/lv\/wp-json\/wp\/v2\/comments?post=3106"}],"version-history":[{"count":1,"href":"https:\/\/truckmaint.ee\/lv\/wp-json\/wp\/v2\/pages\/3106\/revisions"}],"predecessor-version":[{"id":3107,"href":"https:\/\/truckmaint.ee\/lv\/wp-json\/wp\/v2\/pages\/3106\/revisions\/3107"}],"up":[{"embeddable":true,"href":"https:\/\/truckmaint.ee\/lv\/wp-json\/wp\/v2\/pages\/2870"}],"wp:featuredmedia":[{"embeddable":true,"href":"https:\/\/truckmaint.ee\/lv\/wp-json\/wp\/v2\/media\/3115"}],"wp:attachment":[{"href":"https:\/\/truckmaint.ee\/lv\/wp-json\/wp\/v2\/media?parent=3106"}],"curies":[{"name":"wp","href":"https:\/\/api.w.org\/{rel}","templated":true}]}}