{"id":2819,"date":"2016-04-25T20:26:07","date_gmt":"2016-04-25T17:26:07","guid":{"rendered":"http:\/\/truckmaint.ee\/lv\/rent\/"},"modified":"2016-09-02T10:00:30","modified_gmt":"2016-09-02T07:00:30","slug":"noma","status":"publish","type":"page","link":"https:\/\/truckmaint.ee\/lv\/pakalpojumi\/noma\/","title":{"rendered":"Noma"},"content":{"rendered":"<div class=\"wpb-content-wrapper\"><p>[vc_row][vc_column width=&#8221;3\/4&#8243;][vc_column_text]<\/p>\n<h2><strong>Noma<\/strong><\/h2>\n<p>Ja iek\u0101rtu ieg\u0101de Jums \u0161obr\u012bd ne\u0161\u0137iet lietder\u012bga, varat t\u0101s ar\u012b iznom\u0101t. Nomas cen\u0101 ir iek\u013cautas gan apkopes, gan iesp\u0113jam\u0101 remonta izmaksas, pie noteikuma, ka ier\u012bce tikusi izmantota atbilsto\u0161i pras\u012bb\u0101m.<\/p>\n<p>Pied\u0101v\u0101jam \u012bstermi\u0146a vai ilgtermi\u0146a nomu. \u012astermi\u0146a nomas periods ir l\u012bdz 12 m\u0113ne\u0161iem, savuk\u0101rt ilgtermi\u0146a nomas periods &#8211; no viena l\u012bdz pieciem gadiem. Nepiecie\u0161am\u012bbas gad\u012bjum\u0101 iznom\u0101jam ar\u012b jaunu tehniku.<\/p>\n<p>Pied\u0101v\u0101jam pie\u0146emamus un elast\u012bgus nomas nosac\u012bjumus, nomas maksa ir atkar\u012bga no paredz\u0113tajiem ma\u0161\u012bnas darba apst\u0101k\u013ciem, vides un materi\u0101lu p\u0101rvieto\u0161anas specifikas. Nomas noteikumu izstr\u0101d\u0113 pamatojamies uz savu ilglaic\u012bgo pieredzi.<br \/>\n[\/vc_column_text][vc_separator css=&#8221;.vc_custom_1461671109624{margin-top: 30px !important;margin-bottom: 30px !important;}&#8221;][vc_column_text]<\/p>\n<div id=\"jig1\" class=\"justified-image-grid jig-2db6af72c80e6a70edcf2934075a92b6 jig-preset-global jig-source-wp-gallery jigFooBoxConnect\"><div class=\"jig-clearfix\"><\/div><noscript id=\"jig1-html\" class=\"justified-image-grid-html\" data-lazy-src=\"skiplazyload\" data-src=\"skipunveillazyload\"><ul><li><a href=\"https:\/\/truckmaint.ee\/wp-content\/uploads\/2016\/04\/DSC_0079-1-1024x576.jpg\"><img loading=\"lazy\" decoding=\"async\" src=\"https:\/\/truckmaint.ee\/wp-content\/plugins\/justified-image-grid\/timthumb.php?src=https%3A%2F%2Ftruckmaint.ee%2Fwp-content%2Fuploads%2F2016%2F04%2FDSC_0079-1-1024x576.jpg&amp;h=350&amp;q=90&amp;f=.jpg\" alt=\"\" width=\"622\" height=\"350\" \/><\/a><\/li><li><a href=\"https:\/\/truckmaint.ee\/wp-content\/uploads\/2016\/04\/DSC_0080-1-1024x576.jpg\"><img loading=\"lazy\" decoding=\"async\" src=\"https:\/\/truckmaint.ee\/wp-content\/plugins\/justified-image-grid\/timthumb.php?src=https%3A%2F%2Ftruckmaint.ee%2Fwp-content%2Fuploads%2F2016%2F04%2FDSC_0080-1-1024x576.jpg&amp;h=350&amp;q=90&amp;f=.jpg\" alt=\"\" width=\"622\" height=\"350\" \/><\/a><\/li><li><a href=\"https:\/\/truckmaint.ee\/wp-content\/uploads\/2016\/04\/DSC_0191-2-1024x576.jpg\"><img loading=\"lazy\" decoding=\"async\" src=\"https:\/\/truckmaint.ee\/wp-content\/plugins\/justified-image-grid\/timthumb.php?src=https%3A%2F%2Ftruckmaint.ee%2Fwp-content%2Fuploads%2F2016%2F04%2FDSC_0191-2-1024x576.jpg&amp;h=350&amp;q=90&amp;f=.jpg\" alt=\"\" width=\"622\" height=\"350\" \/><\/a><\/li><li><a href=\"https:\/\/truckmaint.ee\/wp-content\/uploads\/2016\/04\/DSC_0192-2-1024x576.jpg\"><img loading=\"lazy\" decoding=\"async\" src=\"https:\/\/truckmaint.ee\/wp-content\/plugins\/justified-image-grid\/timthumb.php?src=https%3A%2F%2Ftruckmaint.ee%2Fwp-content%2Fuploads%2F2016%2F04%2FDSC_0192-2-1024x576.jpg&amp;h=350&amp;q=90&amp;f=.jpg\" alt=\"\" width=\"622\" height=\"350\" \/><\/a><\/li><li><a href=\"https:\/\/truckmaint.ee\/wp-content\/uploads\/2016\/04\/DSC_0294-1-1024x576.jpg\"><img loading=\"lazy\" decoding=\"async\" src=\"https:\/\/truckmaint.ee\/wp-content\/plugins\/justified-image-grid\/timthumb.php?src=https%3A%2F%2Ftruckmaint.ee%2Fwp-content%2Fuploads%2F2016%2F04%2FDSC_0294-1-1024x576.jpg&amp;h=350&amp;q=90&amp;f=.jpg\" alt=\"\" width=\"622\" height=\"350\" \/><\/a><\/li><li><a href=\"https:\/\/truckmaint.ee\/wp-content\/uploads\/2016\/04\/9-18t-2-1024x636.jpg\"><img loading=\"lazy\" decoding=\"async\" src=\"https:\/\/truckmaint.ee\/wp-content\/plugins\/justified-image-grid\/timthumb.php?src=https%3A%2F%2Ftruckmaint.ee%2Fwp-content%2Fuploads%2F2016%2F04%2F9-18t-2-1024x636.jpg&amp;h=350&amp;q=90&amp;f=.jpg\" alt=\"\" width=\"563\" height=\"350\" \/><\/a><\/li><\/ul><\/noscript><\/div>\n<p>[\/vc_column_text][\/vc_column][vc_column width=&#8221;1\/4&#8243;][vc_wp_custommenu nav_menu=&#8221;68&#8243;][\/vc_column][\/vc_row][vc_row full_width=&#8221;stretch_row&#8221; css=&#8221;.vc_custom_1461668813999{padding-top: 30px !important;padding-bottom: 30px !important;background-color: #333333 !important;}&#8221; el_class=&#8221;contact-block&#8221;][vc_column][vc_column_text]<\/p>\n<p style=\"text-align: center;\"><strong><em>Sazinieties ar mums jau tagad, un m\u0113s atrad\u012bsim lab\u0101ko risin\u0101jumu.<\/em><\/strong><\/p>\n<p style=\"text-align: center;\"><strong><a href=\"http:\/\/truckmaint.ee\/lv\/kontakts\/\">SAZIN\u0100TIES <i class=\"fa fa-angle-double-right\"><\/i><\/a><\/strong><\/p>\n<p>[\/vc_column_text][\/vc_column][\/vc_row]<\/p>\n<\/div><input class=\"fooboxshare_post_id\" type=\"hidden\" value=\"2819\"\/>","protected":false},"excerpt":{"rendered":"<p>[vc_row][vc_column width=&#8221;3\/4&#8243;][vc_column_text] Noma Ja iek\u0101rtu ieg\u0101de Jums \u0161obr\u012bd ne\u0161\u0137iet lietder\u012bga, varat t\u0101s ar\u012b iznom\u0101t. Nomas cen\u0101 ir iek\u013cautas gan apkopes, gan iesp\u0113jam\u0101 remonta izmaksas, pie noteikuma, ka ier\u012bce tikusi izmantota atbilsto\u0161i pras\u012bb\u0101m. Pied\u0101v\u0101jam \u012bstermi\u0146a vai ilgtermi\u0146a nomu. \u012astermi\u0146a nomas periods&#8230;<\/p>\n","protected":false},"author":1,"featured_media":0,"parent":2820,"menu_order":0,"comment_status":"closed","ping_status":"closed","template":"","meta":{"_acf_changed":false,"footnotes":""},"class_list":["post-2819","page","type-page","status-publish","hentry"],"acf":[],"_links":{"self":[{"href":"https:\/\/truckmaint.ee\/lv\/wp-json\/wp\/v2\/pages\/2819","targetHints":{"allow":["GET"]}}],"collection":[{"href":"https:\/\/truckmaint.ee\/lv\/wp-json\/wp\/v2\/pages"}],"about":[{"href":"https:\/\/truckmaint.ee\/lv\/wp-json\/wp\/v2\/types\/page"}],"author":[{"embeddable":true,"href":"https:\/\/truckmaint.ee\/lv\/wp-json\/wp\/v2\/users\/1"}],"replies":[{"embeddable":true,"href":"https:\/\/truckmaint.ee\/lv\/wp-json\/wp\/v2\/comments?post=2819"}],"version-history":[{"count":2,"href":"https:\/\/truckmaint.ee\/lv\/wp-json\/wp\/v2\/pages\/2819\/revisions"}],"predecessor-version":[{"id":2954,"href":"https:\/\/truckmaint.ee\/lv\/wp-json\/wp\/v2\/pages\/2819\/revisions\/2954"}],"up":[{"embeddable":true,"href":"https:\/\/truckmaint.ee\/lv\/wp-json\/wp\/v2\/pages\/2820"}],"wp:attachment":[{"href":"https:\/\/truckmaint.ee\/lv\/wp-json\/wp\/v2\/media?parent=2819"}],"curies":[{"name":"wp","href":"https:\/\/api.w.org\/{rel}","templated":true}]}}