{"id":2818,"date":"2016-04-25T21:17:26","date_gmt":"2016-04-25T18:17:26","guid":{"rendered":"http:\/\/truckmaint.ee\/lv\/hooldus\/"},"modified":"2016-09-02T10:00:58","modified_gmt":"2016-09-02T07:00:58","slug":"tehniska-apkope","status":"publish","type":"page","link":"https:\/\/truckmaint.ee\/lv\/pakalpojumi\/tehniska-apkope\/","title":{"rendered":"Tehnisk\u0101 apkope"},"content":{"rendered":"<div class=\"wpb-content-wrapper\"><p>[vc_row][vc_column width=&#8221;2\/3&#8243;][vc_column_text]<\/p>\n<h2><strong>Tehnisk\u0101 apkope<\/strong><\/h2>\n<p>Pied\u0101v\u0101jam dak\u0161as pac\u0113l\u0101ju un front\u0101lo iekr\u0101v\u0113ju tehnisko apkopi, ko veicam sadarb\u012bb\u0101 ar ra\u017eot\u0101ju. Apkopes tiek iedal\u012btas pirmreiz\u0113j\u0101s, regul\u0101r\u0101s un sezonas apkop\u0113s. Apkopi veic speci\u0101li sagatavoti meh\u0101ni\u0137i, izmantojot \u0161im nol\u016bkam piln\u012bb\u0101 apr\u012bkotu tehnisko autobusu. Apkopes tiek veiktas saska\u0146\u0101 ar ra\u017eot\u0101ja instrukcij\u0101m.<\/p>\n<p><strong>Regul\u0101ra jeb k\u0101rt\u0113j\u0101 apkope tiek veikta saska\u0146\u0101 ar grafiku un pal\u012bdz ietaup\u012bt l\u012bdzek\u013cus! <\/strong><\/p>\n<p>\u0100rk\u0101rtas apkopes gad\u012bjum\u0101 cenai tiek pievienota maksa par operat\u012bvo izsaukumu.<\/p>\n<div id=\"jig1\" class=\"justified-image-grid jig-87b9c4a5ba75bcbc732ec283651ca485 jig-preset-global jig-source-wp-gallery jigFooBoxConnect\"><div class=\"jig-clearfix\"><\/div><noscript id=\"jig1-html\" class=\"justified-image-grid-html\" data-lazy-src=\"skiplazyload\" data-src=\"skipunveillazyload\"><ul><li><a href=\"https:\/\/truckmaint.ee\/wp-content\/uploads\/2016\/04\/Service-net.gif\"><img loading=\"lazy\" decoding=\"async\" src=\"https:\/\/truckmaint.ee\/wp-content\/plugins\/justified-image-grid\/timthumb.php?src=https%3A%2F%2Ftruckmaint.ee%2Fwp-content%2Fuploads%2F2016%2F04%2FService-net.gif&amp;h=350&amp;q=90&amp;f=.gif\" alt=\"\" width=\"520\" height=\"350\" \/><\/a><\/li><li><a href=\"https:\/\/truckmaint.ee\/wp-content\/uploads\/2016\/04\/DSC_0114_1-1024x576.jpg\"><img loading=\"lazy\" decoding=\"async\" src=\"https:\/\/truckmaint.ee\/wp-content\/plugins\/justified-image-grid\/timthumb.php?src=https%3A%2F%2Ftruckmaint.ee%2Fwp-content%2Fuploads%2F2016%2F04%2FDSC_0114_1-1024x576.jpg&amp;h=350&amp;q=90&amp;f=.jpg\" alt=\"\" width=\"622\" height=\"350\" \/><\/a><\/li><li><a href=\"https:\/\/truckmaint.ee\/wp-content\/uploads\/2016\/04\/SegmentNet_Steel.jpg\" title=\"SegmentNet_Steel\"><img loading=\"lazy\" decoding=\"async\" src=\"https:\/\/truckmaint.ee\/wp-content\/plugins\/justified-image-grid\/timthumb.php?src=https%3A%2F%2Ftruckmaint.ee%2Fwp-content%2Fuploads%2F2016%2F04%2FSegmentNet_Steel.jpg&amp;h=350&amp;q=90&amp;f=.jpg\" alt=\"SegmentNet_Steel\" width=\"1227\" height=\"350\" \/><\/a><p class=\"jig-HTMLdescription\">SegmentNet_Steel<\/p><\/li><\/ul><\/noscript><\/div>\n<p>[\/vc_column_text][\/vc_column][vc_column width=&#8221;1\/3&#8243;][vc_wp_custommenu nav_menu=&#8221;68&#8243;][\/vc_column][\/vc_row][vc_row full_width=&#8221;stretch_row&#8221; css=&#8221;.vc_custom_1461668813999{padding-top: 30px !important;padding-bottom: 30px !important;background-color: #333333 !important;}&#8221; el_class=&#8221;contact-block&#8221;][vc_column][vc_column_text]<\/p>\n<p style=\"text-align: center;\"><strong><em>Sazinieties ar mums jau tagad, un m\u0113s atrad\u012bsim lab\u0101ko risin\u0101jumu.<\/em><\/strong><\/p>\n<p style=\"text-align: center;\"><strong><a href=\"http:\/\/truckmaint.ee\/lv\/kontakts\/\">SAZIN\u0100TIES <i class=\"fa fa-angle-double-right\"><\/i><\/a><\/strong><\/p>\n<p>[\/vc_column_text][\/vc_column][\/vc_row]<\/p>\n<\/div><input class=\"fooboxshare_post_id\" type=\"hidden\" value=\"2818\"\/>","protected":false},"excerpt":{"rendered":"<p>[vc_row][vc_column width=&#8221;2\/3&#8243;][vc_column_text] Tehnisk\u0101 apkope Pied\u0101v\u0101jam dak\u0161as pac\u0113l\u0101ju un front\u0101lo iekr\u0101v\u0113ju tehnisko apkopi, ko veicam sadarb\u012bb\u0101 ar ra\u017eot\u0101ju. Apkopes tiek iedal\u012btas pirmreiz\u0113j\u0101s, regul\u0101r\u0101s un sezonas apkop\u0113s. Apkopi veic speci\u0101li sagatavoti meh\u0101ni\u0137i, izmantojot \u0161im nol\u016bkam piln\u012bb\u0101 apr\u012bkotu tehnisko autobusu. Apkopes tiek veiktas&#8230;<\/p>\n","protected":false},"author":1,"featured_media":0,"parent":2820,"menu_order":0,"comment_status":"closed","ping_status":"closed","template":"","meta":{"_acf_changed":false,"footnotes":""},"class_list":["post-2818","page","type-page","status-publish","hentry"],"acf":[],"_links":{"self":[{"href":"https:\/\/truckmaint.ee\/lv\/wp-json\/wp\/v2\/pages\/2818","targetHints":{"allow":["GET"]}}],"collection":[{"href":"https:\/\/truckmaint.ee\/lv\/wp-json\/wp\/v2\/pages"}],"about":[{"href":"https:\/\/truckmaint.ee\/lv\/wp-json\/wp\/v2\/types\/page"}],"author":[{"embeddable":true,"href":"https:\/\/truckmaint.ee\/lv\/wp-json\/wp\/v2\/users\/1"}],"replies":[{"embeddable":true,"href":"https:\/\/truckmaint.ee\/lv\/wp-json\/wp\/v2\/comments?post=2818"}],"version-history":[{"count":2,"href":"https:\/\/truckmaint.ee\/lv\/wp-json\/wp\/v2\/pages\/2818\/revisions"}],"predecessor-version":[{"id":2956,"href":"https:\/\/truckmaint.ee\/lv\/wp-json\/wp\/v2\/pages\/2818\/revisions\/2956"}],"up":[{"embeddable":true,"href":"https:\/\/truckmaint.ee\/lv\/wp-json\/wp\/v2\/pages\/2820"}],"wp:attachment":[{"href":"https:\/\/truckmaint.ee\/lv\/wp-json\/wp\/v2\/media?parent=2818"}],"curies":[{"name":"wp","href":"https:\/\/api.w.org\/{rel}","templated":true}]}}