{"id":2817,"date":"2016-04-25T21:18:02","date_gmt":"2016-04-25T18:18:02","guid":{"rendered":"http:\/\/truckmaint.ee\/lv\/remont\/"},"modified":"2016-09-02T10:00:48","modified_gmt":"2016-09-02T07:00:48","slug":"remonts","status":"publish","type":"page","link":"https:\/\/truckmaint.ee\/lv\/pakalpojumi\/remonts\/","title":{"rendered":"Remonts"},"content":{"rendered":"<div class=\"wpb-content-wrapper\"><p>[vc_row][vc_column width=&#8221;2\/3&#8243;][vc_column_text]<\/p>\n<h1><strong>Remonts<\/strong><\/h1>\n<p><img loading=\"lazy\" decoding=\"async\" class=\"alignleft size-medium wp-image-2562\" src=\"http:\/\/truckmaint.ee\/wp-content\/uploads\/2016\/04\/WP_20150119_011-300x168.jpg\" alt=\"\" width=\"300\" height=\"168\" srcset=\"https:\/\/truckmaint.ee\/wp-content\/uploads\/2016\/04\/WP_20150119_011-300x168.jpg 300w, https:\/\/truckmaint.ee\/wp-content\/uploads\/2016\/04\/WP_20150119_011-768x431.jpg 768w, https:\/\/truckmaint.ee\/wp-content\/uploads\/2016\/04\/WP_20150119_011.jpg 1024w, https:\/\/truckmaint.ee\/wp-content\/uploads\/2016\/04\/WP_20150119_011-570x320.jpg 570w\" sizes=\"auto, (max-width: 300px) 100vw, 300px\" \/>Nav t\u0101das ier\u012bces, kuras izmanto\u0161an\u0101 nekad nerodas probl\u0113mas. T\u0101d\u0113\u013c m\u016bsu komanda ir vienm\u0113r gatava veikt nepiecie\u0161amos remontus.<\/p>\n<p><strong> Remonta pakalpojumi tiek iedal\u012bti div\u0101s grup\u0101s <\/strong> &#8211; ar izsaukumu uz objektu un servis\u0101 veicamie remontdarbi.<\/p>\n<p>Ierodoties p\u0113c izsaukuma, m\u016bsu speci\u0101lists nov\u0113rt\u0113s situ\u0101ciju un inform\u0113s par s\u0101kotn\u0113ji paredzamo darba ilgumu un izmaks\u0101m. Gad\u012bjum\u0101, ja probl\u0113mu neb\u016bs iesp\u0113jams nov\u0113rst uz vietas J\u016bsu objekt\u0101 (izmantojot izsaukt\u0101 speci\u0101lista r\u012bc\u012bb\u0101 eso\u0161o apr\u012bkojumu), ier\u012bce tiks nog\u0101d\u0101ta servis\u0101. M\u0113s nodro\u0161in\u0101sim treileri, ar kuru ier\u012bce tiks nog\u0101d\u0101ta uz k\u0101du no m\u016bsu servisiem (Paikus, Nepi). [\/vc_column_text][\/vc_column][vc_column width=&#8221;1\/3&#8243;][vc_wp_custommenu nav_menu=&#8221;68&#8243;][\/vc_column][\/vc_row][vc_row full_width=&#8221;stretch_row&#8221; css=&#8221;.vc_custom_1461668813999{padding-top: 30px !important;padding-bottom: 30px !important;background-color: #333333 !important;}&#8221; el_class=&#8221;contact-block&#8221;][vc_column][vc_column_text]<\/p>\n<p style=\"text-align: center;\"><strong><em>Sazinieties ar mums jau tagad, un m\u0113s atrad\u012bsim lab\u0101ko risin\u0101jumu.<\/em><\/strong><\/p>\n<p style=\"text-align: center;\"><strong><a href=\"http:\/\/truckmaint.ee\/lv\/kontakts\/\">SAZIN\u0100TIES <i class=\"fa fa-angle-double-right\"><\/i><\/a><\/strong><\/p>\n<p>[\/vc_column_text][\/vc_column][\/vc_row]<\/p>\n<\/div><input class=\"fooboxshare_post_id\" type=\"hidden\" value=\"2817\"\/>","protected":false},"excerpt":{"rendered":"<p>[vc_row][vc_column width=&#8221;2\/3&#8243;][vc_column_text] Remonts Nav t\u0101das ier\u012bces, kuras izmanto\u0161an\u0101 nekad nerodas probl\u0113mas. T\u0101d\u0113\u013c m\u016bsu komanda ir vienm\u0113r gatava veikt nepiecie\u0161amos remontus. Remonta pakalpojumi tiek iedal\u012bti div\u0101s grup\u0101s &#8211; ar izsaukumu uz objektu un servis\u0101 veicamie remontdarbi. Ierodoties p\u0113c izsaukuma, m\u016bsu speci\u0101lists&#8230;<\/p>\n","protected":false},"author":1,"featured_media":0,"parent":2820,"menu_order":0,"comment_status":"closed","ping_status":"closed","template":"","meta":{"_acf_changed":false,"footnotes":""},"class_list":["post-2817","page","type-page","status-publish","hentry"],"acf":[],"_links":{"self":[{"href":"https:\/\/truckmaint.ee\/lv\/wp-json\/wp\/v2\/pages\/2817","targetHints":{"allow":["GET"]}}],"collection":[{"href":"https:\/\/truckmaint.ee\/lv\/wp-json\/wp\/v2\/pages"}],"about":[{"href":"https:\/\/truckmaint.ee\/lv\/wp-json\/wp\/v2\/types\/page"}],"author":[{"embeddable":true,"href":"https:\/\/truckmaint.ee\/lv\/wp-json\/wp\/v2\/users\/1"}],"replies":[{"embeddable":true,"href":"https:\/\/truckmaint.ee\/lv\/wp-json\/wp\/v2\/comments?post=2817"}],"version-history":[{"count":2,"href":"https:\/\/truckmaint.ee\/lv\/wp-json\/wp\/v2\/pages\/2817\/revisions"}],"predecessor-version":[{"id":2955,"href":"https:\/\/truckmaint.ee\/lv\/wp-json\/wp\/v2\/pages\/2817\/revisions\/2955"}],"up":[{"embeddable":true,"href":"https:\/\/truckmaint.ee\/lv\/wp-json\/wp\/v2\/pages\/2820"}],"wp:attachment":[{"href":"https:\/\/truckmaint.ee\/lv\/wp-json\/wp\/v2\/media?parent=2817"}],"curies":[{"name":"wp","href":"https:\/\/api.w.org\/{rel}","templated":true}]}}