{"id":2816,"date":"2016-04-25T21:18:33","date_gmt":"2016-04-25T18:18:33","guid":{"rendered":"http:\/\/truckmaint.ee\/lv\/kahvlite-kontroll\/"},"modified":"2016-09-02T10:08:22","modified_gmt":"2016-09-02T07:08:22","slug":"iekraveja-daksu-parbaude","status":"publish","type":"page","link":"https:\/\/truckmaint.ee\/lv\/pakalpojumi\/iekraveja-daksu-parbaude\/","title":{"rendered":"Iekr\u0101v\u0113ja dak\u0161u p\u0101rbaude"},"content":{"rendered":"<div class=\"wpb-content-wrapper\"><p>[vc_row][vc_column width=&#8221;2\/3&#8243;][vc_row_inner][vc_column_inner][vc_column_text]<\/p>\n<h2><strong>Iekr\u0101v\u0113ja dak\u0161u p\u0101rbaude<\/strong><\/h2>\n<p>Par ikdienas apkopi ir atbild\u012bgs ier\u012bces operators, un t\u0101 iek\u013cauj ar\u012b dak\u0161u st\u0101vok\u013ca p\u0101rbaudi. Dak\u0161u apskate tiek veikta vizu\u0101li un, izmantojot instrumentus. ISO dak\u0161as un DIN dak\u0161as. .[\/vc_column_text][\/vc_column_inner][\/vc_row_inner][vc_row_inner][vc_column_inner width=&#8221;1\/3&#8243;][vc_single_image image=&#8221;2302&#8243; img_size=&#8221;full&#8221;][\/vc_column_inner][vc_column_inner width=&#8221;2\/3&#8243;][vc_column_text]Dak\u0161as biezuma izmai\u0146as nedr\u012bkst p\u0101rsniegt 10% no t\u0101s s\u0101kotn\u0113j\u0101 biezuma. Biezuma p\u0101rbaudi veic 10 cm att\u0101lum\u0101 no dak\u0161as liekuma vietas, izmantojot \u0101rtaustu. Ja novirze ir liel\u0101ka par 10%, uz dak\u0161as malas ar sarkanu kr\u0101su j\u0101izdara atz\u012bme un t\u0101s ekspluat\u0101cija j\u0101p\u0101rtrauc, jo dak\u0161as celtsp\u0113ja \u0161\u0101d\u0101 gad\u012bjum\u0101 ir samazin\u0101jusies jau par 20%.[\/vc_column_text][\/vc_column_inner][\/vc_row_inner][\/vc_column][vc_column width=&#8221;1\/3&#8243;][vc_wp_custommenu nav_menu=&#8221;58&#8243;][\/vc_column][\/vc_row][vc_row][vc_column width=&#8221;1\/2&#8243;][vc_column_text]<strong>Pac\u0113l\u0101ja dak\u0161u p\u0101rbaude ar m\u0113r\u0137i noteikt palieko\u0161o deform\u0101ciju <\/strong><\/p>\n<p>K max = L\/66, j\u0101nomaina ja K \u2265 L \/ 33[\/vc_column_text][vc_single_image image=&#8221;2385&#8243; img_size=&#8221;full&#8221;][\/vc_column][vc_column width=&#8221;1\/2&#8243;][vc_column_text]<strong>Pac\u0113l\u0101ja dak\u0161u p\u0101rbaude ar m\u0113r\u0137i noteikt le\u0146\u0137a taisnumu <\/strong>[\/vc_column_text][vc_single_image image=&#8221;2386&#8243; img_size=&#8221;full&#8221;][\/vc_column][\/vc_row][vc_row][vc_column][vc_column_text]<strong>Pac\u0113l\u0101ja dak\u0161u p\u0101rbaude ar m\u0113r\u0137i noteikt redzamas plaisas <\/strong><\/p>\n<p>Iek\u0161\u0113j\u0101 le\u0146\u0137a un stiprin\u0101jumu p\u0101rbaude. Magn\u0113tisk\u0101 un penetr\u0113jo\u0161\u0101 p\u0101rbaude. [\/vc_column_text][\/vc_column][\/vc_row][vc_row full_width=&#8221;stretch_row&#8221; css=&#8221;.vc_custom_1461668813999{padding-top: 30px !important;padding-bottom: 30px !important;background-color: #333333 !important;}&#8221; el_class=&#8221;contact-block&#8221;][vc_column][vc_column_text]<\/p>\n<p style=\"text-align: center;\"><strong><em>Sazinieties ar mums jau tagad, un m\u0113s atrad\u012bsim lab\u0101ko risin\u0101jumu.<\/em><\/strong><\/p>\n<p style=\"text-align: center;\"><strong><a href=\"http:\/\/truckmaint.ee\/lv\/kontakts\/\">SAZIN\u0100TIES <i class=\"fa fa-angle-double-right\"><\/i><\/a><\/strong><\/p>\n<p>[\/vc_column_text][\/vc_column][\/vc_row]<\/p>\n<\/div><input class=\"fooboxshare_post_id\" type=\"hidden\" value=\"2816\"\/>","protected":false},"excerpt":{"rendered":"<p>[vc_row][vc_column width=&#8221;2\/3&#8243;][vc_row_inner][vc_column_inner][vc_column_text] Iekr\u0101v\u0113ja dak\u0161u p\u0101rbaude Par ikdienas apkopi ir atbild\u012bgs ier\u012bces operators, un t\u0101 iek\u013cauj ar\u012b dak\u0161u st\u0101vok\u013ca p\u0101rbaudi. Dak\u0161u apskate tiek veikta vizu\u0101li un, izmantojot instrumentus. ISO dak\u0161as un DIN dak\u0161as. .[\/vc_column_text][\/vc_column_inner][\/vc_row_inner][vc_row_inner][vc_column_inner width=&#8221;1\/3&#8243;][vc_single_image image=&#8221;2302&#8243; img_size=&#8221;full&#8221;][\/vc_column_inner][vc_column_inner width=&#8221;2\/3&#8243;][vc_column_text]Dak\u0161as biezuma izmai\u0146as nedr\u012bkst&#8230;<\/p>\n","protected":false},"author":1,"featured_media":0,"parent":2820,"menu_order":0,"comment_status":"closed","ping_status":"closed","template":"","meta":{"_acf_changed":false,"footnotes":""},"class_list":["post-2816","page","type-page","status-publish","hentry"],"acf":[],"_links":{"self":[{"href":"https:\/\/truckmaint.ee\/lv\/wp-json\/wp\/v2\/pages\/2816","targetHints":{"allow":["GET"]}}],"collection":[{"href":"https:\/\/truckmaint.ee\/lv\/wp-json\/wp\/v2\/pages"}],"about":[{"href":"https:\/\/truckmaint.ee\/lv\/wp-json\/wp\/v2\/types\/page"}],"author":[{"embeddable":true,"href":"https:\/\/truckmaint.ee\/lv\/wp-json\/wp\/v2\/users\/1"}],"replies":[{"embeddable":true,"href":"https:\/\/truckmaint.ee\/lv\/wp-json\/wp\/v2\/comments?post=2816"}],"version-history":[{"count":2,"href":"https:\/\/truckmaint.ee\/lv\/wp-json\/wp\/v2\/pages\/2816\/revisions"}],"predecessor-version":[{"id":2960,"href":"https:\/\/truckmaint.ee\/lv\/wp-json\/wp\/v2\/pages\/2816\/revisions\/2960"}],"up":[{"embeddable":true,"href":"https:\/\/truckmaint.ee\/lv\/wp-json\/wp\/v2\/pages\/2820"}],"wp:attachment":[{"href":"https:\/\/truckmaint.ee\/lv\/wp-json\/wp\/v2\/media?parent=2816"}],"curies":[{"name":"wp","href":"https:\/\/api.w.org\/{rel}","templated":true}]}}