{"id":2815,"date":"2016-04-25T21:19:04","date_gmt":"2016-04-25T18:19:04","guid":{"rendered":"http:\/\/truckmaint.ee\/lv\/konsultatsioon\/"},"modified":"2016-09-02T10:09:03","modified_gmt":"2016-09-02T07:09:03","slug":"konsultacijas","status":"publish","type":"page","link":"https:\/\/truckmaint.ee\/lv\/pakalpojumi\/konsultacijas\/","title":{"rendered":"Konsult\u0101cijas"},"content":{"rendered":"<div class=\"wpb-content-wrapper\"><p>[vc_row][vc_column width=&#8221;2\/3&#8243;][vc_column_text]<\/p>\n<h1 style=\"margin-top: 0;\"><strong><br \/>\nKonsult\u0101cijas<\/strong><\/h1>\n<p><img loading=\"lazy\" decoding=\"async\" class=\"alignleft size-medium wp-image-2571\" src=\"http:\/\/truckmaint.ee\/wp-content\/uploads\/2016\/04\/konsultatsioon-2-300x200.jpg\" alt=\"konsultatsioon\" width=\"300\" height=\"200\" srcset=\"https:\/\/truckmaint.ee\/wp-content\/uploads\/2016\/04\/konsultatsioon-2-300x200.jpg 300w, https:\/\/truckmaint.ee\/wp-content\/uploads\/2016\/04\/konsultatsioon-2-350x233.jpg 350w, https:\/\/truckmaint.ee\/wp-content\/uploads\/2016\/04\/konsultatsioon-2-272x182.jpg 272w, https:\/\/truckmaint.ee\/wp-content\/uploads\/2016\/04\/konsultatsioon-2.jpg 700w\" sizes=\"auto, (max-width: 300px) 100vw, 300px\" \/>Pirms ra\u017eo\u0161anas sist\u0113mas papla\u0161in\u0101\u0161anas vai p\u0101rstruktur\u0113\u0161anas iesak\u0101m konsult\u0113ties ar speci\u0101listu no malas.<\/p>\n<p>Pied\u0101v\u0101jam savas zin\u0101\u0161anas un pieredzi, kas dos Jums iesp\u0113ju g\u016bt visaptvero\u0161\u0101ku priek\u0161statu par eso\u0161aj\u0101 iesp\u0113j\u0101m. M\u016bsu speci\u0101listu vid\u0113j\u0101 pieredze sav\u0101 jom\u0101 ir 15 gadi.[\/vc_column_text][\/vc_column][vc_column width=&#8221;1\/3&#8243;][vc_wp_custommenu nav_menu=&#8221;68&#8243;][\/vc_column][\/vc_row][vc_row full_width=&#8221;stretch_row&#8221; css=&#8221;.vc_custom_1461668813999{padding-top: 30px !important;padding-bottom: 30px !important;background-color: #333333 !important;}&#8221; el_class=&#8221;contact-block&#8221;][vc_column][vc_column_text]<\/p>\n<p style=\"text-align: center;\"><strong><em>Sazinieties ar mums jau tagad, un m\u0113s atrad\u012bsim lab\u0101ko risin\u0101jumu.<\/em><\/strong><\/p>\n<p style=\"text-align: center;\"><strong><a href=\"http:\/\/truckmaint.ee\/lv\/kontakts\/\">SAZIN\u0100TIES <i class=\"fa fa-angle-double-right\"><\/i><\/a><\/strong><\/p>\n<p>[\/vc_column_text][\/vc_column][\/vc_row]<\/p>\n<\/div><input class=\"fooboxshare_post_id\" type=\"hidden\" value=\"2815\"\/>","protected":false},"excerpt":{"rendered":"<p>[vc_row][vc_column width=&#8221;2\/3&#8243;][vc_column_text] Konsult\u0101cijas Pirms ra\u017eo\u0161anas sist\u0113mas papla\u0161in\u0101\u0161anas vai p\u0101rstruktur\u0113\u0161anas iesak\u0101m konsult\u0113ties ar speci\u0101listu no malas. Pied\u0101v\u0101jam savas zin\u0101\u0161anas un pieredzi, kas dos Jums iesp\u0113ju g\u016bt visaptvero\u0161\u0101ku priek\u0161statu par eso\u0161aj\u0101 iesp\u0113j\u0101m. M\u016bsu speci\u0101listu vid\u0113j\u0101 pieredze sav\u0101 jom\u0101 ir 15 gadi.[\/vc_column_text][\/vc_column][vc_column width=&#8221;1\/3&#8243;][vc_wp_custommenu&#8230;<\/p>\n","protected":false},"author":1,"featured_media":0,"parent":2820,"menu_order":0,"comment_status":"closed","ping_status":"closed","template":"","meta":{"_acf_changed":false,"footnotes":""},"class_list":["post-2815","page","type-page","status-publish","hentry"],"acf":[],"_links":{"self":[{"href":"https:\/\/truckmaint.ee\/lv\/wp-json\/wp\/v2\/pages\/2815","targetHints":{"allow":["GET"]}}],"collection":[{"href":"https:\/\/truckmaint.ee\/lv\/wp-json\/wp\/v2\/pages"}],"about":[{"href":"https:\/\/truckmaint.ee\/lv\/wp-json\/wp\/v2\/types\/page"}],"author":[{"embeddable":true,"href":"https:\/\/truckmaint.ee\/lv\/wp-json\/wp\/v2\/users\/1"}],"replies":[{"embeddable":true,"href":"https:\/\/truckmaint.ee\/lv\/wp-json\/wp\/v2\/comments?post=2815"}],"version-history":[{"count":2,"href":"https:\/\/truckmaint.ee\/lv\/wp-json\/wp\/v2\/pages\/2815\/revisions"}],"predecessor-version":[{"id":2961,"href":"https:\/\/truckmaint.ee\/lv\/wp-json\/wp\/v2\/pages\/2815\/revisions\/2961"}],"up":[{"embeddable":true,"href":"https:\/\/truckmaint.ee\/lv\/wp-json\/wp\/v2\/pages\/2820"}],"wp:attachment":[{"href":"https:\/\/truckmaint.ee\/lv\/wp-json\/wp\/v2\/media?parent=2815"}],"curies":[{"name":"wp","href":"https:\/\/api.w.org\/{rel}","templated":true}]}}