{"id":2810,"date":"2016-04-25T21:21:10","date_gmt":"2016-04-25T18:21:10","guid":{"rendered":"http:\/\/truckmaint.ee\/lv\/kahveltostukid\/"},"modified":"2016-09-06T16:32:47","modified_gmt":"2016-09-06T13:32:47","slug":"daksas-pacelaji","status":"publish","type":"page","link":"https:\/\/truckmaint.ee\/lv\/produkti\/daksas-pacelaji\/","title":{"rendered":"Dak\u0161as pac\u0113l\u0101ji"},"content":{"rendered":"<div class=\"wpb-content-wrapper\"><p>[vc_row][vc_column width=&#8221;2\/3&#8243;][vc_column_text el_class=&#8221;kahveltostukid&#8221;]M\u0113s esam viena no pasaules vado\u0161\u0101 dak\u0161as pac\u0113l\u0101ju ra\u017eot\u0101ja &#8211; KALMAR ofici\u0101lie izplat\u012bt\u0101ji. Sortiment\u0101 atrodami pac\u0113l\u0101ji ar 5 l\u012bdz 50 tonnu celtsp\u0113ju.<\/p>\n<h2><strong>5-9t dak\u0161as pac\u0113l\u0101ji <\/strong><\/h2>\n<p><a class=\"tehase-valik\" href=\"https:\/\/www.kalmarglobal.com\/equipment\/forklift-trucks\/forklift-trucks-5-9-ton\/\" target=\"_blank\" rel=\"noopener\">Ra\u017eot\u0101ja izv\u0113le<\/a><\/p>\n<p><img loading=\"lazy\" decoding=\"async\" class=\"wp-image-2495 size-medium alignleft\" src=\"http:\/\/truckmaint.ee\/wp-content\/uploads\/2016\/04\/5-9tkahvel-300x200.jpg\" width=\"300\" height=\"200\" srcset=\"https:\/\/truckmaint.ee\/wp-content\/uploads\/2016\/04\/5-9tkahvel-300x200.jpg 300w, https:\/\/truckmaint.ee\/wp-content\/uploads\/2016\/04\/5-9tkahvel-768x511.jpg 768w, https:\/\/truckmaint.ee\/wp-content\/uploads\/2016\/04\/5-9tkahvel.jpg 1024w, https:\/\/truckmaint.ee\/wp-content\/uploads\/2016\/04\/5-9tkahvel-350x233.jpg 350w, https:\/\/truckmaint.ee\/wp-content\/uploads\/2016\/04\/5-9tkahvel-272x182.jpg 272w\" sizes=\"auto, (max-width: 300px) 100vw, 300px\" \/>\u0160\u012bs s\u0113rijas nelielie pac\u0113l\u0101ji ir neaizst\u0101jami ikdienas ra\u017eo\u0161anas darb\u0101. Ier\u012bces apvieno sev\u012b augstas tehnolo\u0123ijas kab\u012bnes, lieliskus cel\u0161anas r\u0101d\u012bt\u0101jus un ekonomisku degvielas pat\u0113ri\u0146u. Ergonomisk\u0101 darba vide b\u016btiski uzlabo pac\u0113l\u0101ja operatora darba procesu, vienlaic\u012bgi samazinot iesp\u0113jamo traumu un boj\u0101jumu risku gan ier\u012bces kab\u012bn\u0113, gan t\u0101s darba vid\u0113. Sortiment\u0101 ir pac\u0113l\u0101ji ar d\u012bze\u013ca un elektromotoriem.<\/p>\n<p>&nbsp;<\/p>\n<p>&nbsp;<\/p>\n<h2><strong>5-9t elektriskie dak\u0161as pac\u0113l\u0101ji \u00a0<\/strong><\/h2>\n<p><a class=\"tehase-valik\" href=\"https:\/\/www.kalmarglobal.com\/equipment\/forklift-trucks\/electric-forklift-trucks-5-9-ton\/\" target=\"_blank\" rel=\"noopener\">Ra\u017eot\u0101ja izv\u0113le <i class=\"fa fa-angle-right\"><\/i><\/a><\/p>\n<p><img loading=\"lazy\" decoding=\"async\" class=\"alignleft wp-image-2502 size-medium\" src=\"http:\/\/truckmaint.ee\/wp-content\/uploads\/2016\/04\/5-9t-elektri-300x200.jpg\" width=\"300\" height=\"200\" srcset=\"https:\/\/truckmaint.ee\/wp-content\/uploads\/2016\/04\/5-9t-elektri-300x200.jpg 300w, https:\/\/truckmaint.ee\/wp-content\/uploads\/2016\/04\/5-9t-elektri-768x512.jpg 768w, https:\/\/truckmaint.ee\/wp-content\/uploads\/2016\/04\/5-9t-elektri.jpg 1024w, https:\/\/truckmaint.ee\/wp-content\/uploads\/2016\/04\/5-9t-elektri-350x233.jpg 350w, https:\/\/truckmaint.ee\/wp-content\/uploads\/2016\/04\/5-9t-elektri-272x182.jpg 272w\" sizes=\"auto, (max-width: 300px) 100vw, 300px\" \/>Kalmar ir liela pieredze elektrisko dak\u0161as pac\u0113l\u0101ju ra\u017eo\u0161an\u0101, kas ir lieliski piem\u0113roti darbam telp\u0101s. Tie ir \u012bpa\u0161i \u0113rti p\u0101rtikas un citu neiztur\u012bgu pre\u010du p\u0101rvieto\u0161anai.<\/p>\n<p>&nbsp;<\/p>\n<p>&nbsp;<\/p>\n<p>&nbsp;<\/p>\n<h2><strong>9-18t dak\u0161as pac\u0113l\u0101ji \u00a0<\/strong><\/h2>\n<p><a class=\"tehase-valik\" href=\"https:\/\/www.kalmarglobal.com\/equipment\/forklift-trucks\/forklift-trucks-9-18-ton\/\" target=\"_blank\" rel=\"noopener\">Ra\u017eot\u0101ja izv\u0113le <i class=\"fa fa-angle-right\"><\/i><\/a><\/p>\n<p><img loading=\"lazy\" decoding=\"async\" class=\"size-medium wp-image-2504 alignleft\" src=\"http:\/\/truckmaint.ee\/wp-content\/uploads\/2016\/04\/9-18t-1-300x200.jpg\" alt=\"Kalmar DCG90-180, The first forklift truck in the G-generation.\" width=\"300\" height=\"200\" srcset=\"https:\/\/truckmaint.ee\/wp-content\/uploads\/2016\/04\/9-18t-1-300x200.jpg 300w, https:\/\/truckmaint.ee\/wp-content\/uploads\/2016\/04\/9-18t-1-768x512.jpg 768w, https:\/\/truckmaint.ee\/wp-content\/uploads\/2016\/04\/9-18t-1.jpg 1024w, https:\/\/truckmaint.ee\/wp-content\/uploads\/2016\/04\/9-18t-1-350x233.jpg 350w, https:\/\/truckmaint.ee\/wp-content\/uploads\/2016\/04\/9-18t-1-272x182.jpg 272w\" sizes=\"auto, (max-width: 300px) 100vw, 300px\" \/>DCG90-180 pac\u0113l\u0101ji ir veidoti ar m\u0113r\u0137i nodro\u0161in\u0101t optim\u0101lu invest\u012bcijas rentabilit\u0101ti vis\u0101 ier\u012bces kalpo\u0161anas period\u0101. \u0160\u012bs ir ide\u0101las ier\u012bces pras\u012bgiem klientiem, kas darbojas kokapstr\u0101des un met\u0101lapstr\u0101des jom\u0101. Pac\u0113l\u0101jos ir apvienota jaud\u012bga celtsp\u0113ja, efekt\u012bvs degvielas pat\u0113ri\u0146\u0161 un lieliska iztur\u012bba.<\/p>\n<p>Kalmar DCG90-180 &#8211; pirmais G-paaudzes dak\u0161as pac\u0113l\u0101js.<\/p>\n<h2><\/h2>\n<p>&nbsp;<\/p>\n<h2><strong>18-52t dak\u0161as pac\u0113l\u0101ji \u00a0<\/strong><\/h2>\n<p><a class=\"tehase-valik\" href=\"https:\/\/www.kalmarglobal.com\/equipment\/forklift-trucks\/kalmar-forklifts-1852-ton-capacity\/\" target=\"_blank\" rel=\"noopener\">Ra\u017eot\u0101ja izv\u0113lek<\/a><\/p>\n<p><img loading=\"lazy\" decoding=\"async\" class=\"size-medium wp-image-2506 alignleft\" src=\"http:\/\/truckmaint.ee\/wp-content\/uploads\/2016\/04\/18-52t-1-300x200.jpg\" alt=\"\" width=\"300\" height=\"200\" srcset=\"https:\/\/truckmaint.ee\/wp-content\/uploads\/2016\/04\/18-52t-1-300x200.jpg 300w, https:\/\/truckmaint.ee\/wp-content\/uploads\/2016\/04\/18-52t-1-768x512.jpg 768w, https:\/\/truckmaint.ee\/wp-content\/uploads\/2016\/04\/18-52t-1.jpg 1024w, https:\/\/truckmaint.ee\/wp-content\/uploads\/2016\/04\/18-52t-1-350x233.jpg 350w, https:\/\/truckmaint.ee\/wp-content\/uploads\/2016\/04\/18-52t-1-272x182.jpg 272w\" sizes=\"auto, (max-width: 300px) 100vw, 300px\" \/>Kalmar lieljaudas ier\u012bces ir ide\u0101li piem\u0113rotas izmanto\u0161anai \u012bpa\u0161i smagos un sare\u017e\u0123\u012btos apst\u0101k\u013cos. \u0160\u012bs sp\u0113c\u012bg\u0101s un iztur\u012bg\u0101s ier\u012bces ir uzticamas ekspluat\u0101cij\u0101 un saglab\u0101 augstu v\u0113rt\u012bbu ar\u012b p\u0113c lieto\u0161anas beig\u0101m. T\u0101s ir b\u016bv\u0113tas ar m\u0113r\u0137i nodro\u0161in\u0101t maksim\u0101lu produktivit\u0101ti.[\/vc_column_text][vc_row_inner][vc_column_inner width=&#8221;1\/3&#8243;][\/vc_column_inner][vc_column_inner width=&#8221;2\/3&#8243;][\/vc_column_inner][\/vc_row_inner][\/vc_column][vc_column width=&#8221;1\/3&#8243;][vc_wp_custommenu nav_menu=&#8221;67&#8243;][\/vc_column][\/vc_row][vc_row full_width=&#8221;stretch_row&#8221; css=&#8221;.vc_custom_1461668813999{padding-top: 30px !important;padding-bottom: 30px !important;background-color: #333333 !important;}&#8221; el_class=&#8221;contact-block&#8221;][vc_column][vc_column_text]<\/p>\n<p style=\"text-align: center;\"><strong><em>Sazinieties ar mums jau tagad, un m\u0113s atrad\u012bsim lab\u0101ko risin\u0101jumu.<\/em><\/strong><\/p>\n<p style=\"text-align: center;\"><strong><a href=\"http:\/\/truckmaint.ee\/lv\/kontakts\/\">SAZIN\u0100TIES <i class=\"fa fa-angle-double-right\"><\/i><\/a><\/strong><\/p>\n<p>[\/vc_column_text][\/vc_column][\/vc_row]<\/p>\n<\/div><input class=\"fooboxshare_post_id\" type=\"hidden\" value=\"2810\"\/>","protected":false},"excerpt":{"rendered":"<p>[vc_row][vc_column width=&#8221;2\/3&#8243;][vc_column_text el_class=&#8221;kahveltostukid&#8221;]M\u0113s esam viena no pasaules vado\u0161\u0101 dak\u0161as pac\u0113l\u0101ju ra\u017eot\u0101ja &#8211; KALMAR ofici\u0101lie izplat\u012bt\u0101ji. Sortiment\u0101 atrodami pac\u0113l\u0101ji ar 5 l\u012bdz 50 tonnu celtsp\u0113ju. 5-9t dak\u0161as pac\u0113l\u0101ji Ra\u017eot\u0101ja izv\u0113le \u0160\u012bs s\u0113rijas nelielie pac\u0113l\u0101ji ir neaizst\u0101jami ikdienas ra\u017eo\u0161anas darb\u0101. Ier\u012bces apvieno&#8230;<\/p>\n","protected":false},"author":1,"featured_media":0,"parent":2870,"menu_order":0,"comment_status":"closed","ping_status":"closed","template":"","meta":{"_acf_changed":false,"footnotes":""},"class_list":["post-2810","page","type-page","status-publish","hentry"],"acf":[],"_links":{"self":[{"href":"https:\/\/truckmaint.ee\/lv\/wp-json\/wp\/v2\/pages\/2810","targetHints":{"allow":["GET"]}}],"collection":[{"href":"https:\/\/truckmaint.ee\/lv\/wp-json\/wp\/v2\/pages"}],"about":[{"href":"https:\/\/truckmaint.ee\/lv\/wp-json\/wp\/v2\/types\/page"}],"author":[{"embeddable":true,"href":"https:\/\/truckmaint.ee\/lv\/wp-json\/wp\/v2\/users\/1"}],"replies":[{"embeddable":true,"href":"https:\/\/truckmaint.ee\/lv\/wp-json\/wp\/v2\/comments?post=2810"}],"version-history":[{"count":2,"href":"https:\/\/truckmaint.ee\/lv\/wp-json\/wp\/v2\/pages\/2810\/revisions"}],"predecessor-version":[{"id":2983,"href":"https:\/\/truckmaint.ee\/lv\/wp-json\/wp\/v2\/pages\/2810\/revisions\/2983"}],"up":[{"embeddable":true,"href":"https:\/\/truckmaint.ee\/lv\/wp-json\/wp\/v2\/pages\/2870"}],"wp:attachment":[{"href":"https:\/\/truckmaint.ee\/lv\/wp-json\/wp\/v2\/media?parent=2810"}],"curies":[{"name":"wp","href":"https:\/\/api.w.org\/{rel}","templated":true}]}}