{"id":2809,"date":"2016-04-25T21:22:36","date_gmt":"2016-04-25T18:22:36","guid":{"rendered":"http:\/\/truckmaint.ee\/lv\/frontaallaadurid\/"},"modified":"2020-02-04T10:40:50","modified_gmt":"2020-02-04T08:40:50","slug":"frontalie-iekraveji","status":"publish","type":"page","link":"https:\/\/truckmaint.ee\/lv\/produkti\/frontalie-iekraveji\/","title":{"rendered":"Front\u0101lie iekr\u0101v\u0113ji"},"content":{"rendered":"<div class=\"wpb-content-wrapper\"><p>[vc_row][vc_column width=&#8221;2\/3&#8243;][vc_column_text]<\/p>\n<h1><strong><a href=\"http:\/\/truckmaint.ee\/wp-content\/uploads\/2016\/04\/L15_Rail_Down_HF.jpg\"><img loading=\"lazy\" decoding=\"async\" class=\"alignleft wp-image-4098 size-medium\" src=\"http:\/\/truckmaint.ee\/wp-content\/uploads\/2016\/04\/L15_Rail_Down_HF-300x200.jpg\" alt=\"\" width=\"300\" height=\"200\" srcset=\"https:\/\/truckmaint.ee\/wp-content\/uploads\/2016\/04\/L15_Rail_Down_HF-300x200.jpg 300w, https:\/\/truckmaint.ee\/wp-content\/uploads\/2016\/04\/L15_Rail_Down_HF-768x512.jpg 768w, https:\/\/truckmaint.ee\/wp-content\/uploads\/2016\/04\/L15_Rail_Down_HF-1024x683.jpg 1024w, https:\/\/truckmaint.ee\/wp-content\/uploads\/2016\/04\/L15_Rail_Down_HF-350x233.jpg 350w, https:\/\/truckmaint.ee\/wp-content\/uploads\/2016\/04\/L15_Rail_Down_HF-272x182.jpg 272w, https:\/\/truckmaint.ee\/wp-content\/uploads\/2016\/04\/L15_Rail_Down_HF.jpg 1575w\" sizes=\"auto, (max-width: 300px) 100vw, 300px\" \/><\/a>Front\u0101lie iekr\u0101v\u0113ji<\/strong><\/h1>\n<p>Mums ir ilgsto\u0161a pieredze front\u0101lo iekr\u0101v\u0113ju apkopes un tirdzniec\u012bbas jom\u0101. Tirgojam lietotus un mazlietotus Volvo iekr\u0101v\u0113jus, ko mums pieg\u0101d\u0101 vair\u0101ki Eiropas partneri. Saviem klientiem nodro\u0161in\u0101m ar\u012b produktu atbalsta pakalpojumus, pateicoties kam esam ieguvu\u0161i daudzus apmierin\u0101tus biznesa partnerus. Ats\u016btiet mums inform\u0101ciju par to, k\u0101da ier\u012bce Jums visvair\u0101k nepiecie\u0161ama, un m\u0113s cent\u012bsimies atrast Jums piem\u0113rot\u0101ko risin\u0101jumu.<\/p>\n<p>&nbsp;<\/p>\n<p><strong>T\u0101pat labpr\u0101t veiksim J\u016bsu jau eso\u0161\u0101 iekr\u0101v\u0113ja tehnisko apskati un vajadz\u012bbas gad\u012bjum\u0101 sniegsim nepiecie\u0161amos apkopes un remonta pakalpojumus. <\/strong>[\/vc_column_text][\/vc_column][vc_column width=&#8221;1\/3&#8243;][vc_wp_custommenu nav_menu=&#8221;67&#8243;][\/vc_column][\/vc_row][vc_row][vc_column][vc_separator css=&#8221;.vc_custom_1461671109624{margin-top: 30px !important;margin-bottom: 30px !important;}&#8221;][vc_column_text]<\/p>\n<div id=\"jig1\" class=\"justified-image-grid jig-248662d996a1272aac4ff12e979bb934 jig-preset-global jig-source-wp-gallery jigFooBoxConnect\"><div class=\"jig-clearfix\"><\/div><noscript id=\"jig1-html\" class=\"justified-image-grid-html\" data-lazy-src=\"skiplazyload\" data-src=\"skipunveillazyload\"><ul><li><a href=\"https:\/\/truckmaint.ee\/wp-content\/uploads\/2016\/04\/DSC_0073-1024x576.jpg\"><img loading=\"lazy\" decoding=\"async\" src=\"https:\/\/truckmaint.ee\/wp-content\/plugins\/justified-image-grid\/timthumb.php?src=https%3A%2F%2Ftruckmaint.ee%2Fwp-content%2Fuploads%2F2016%2F04%2FDSC_0073-1024x576.jpg&amp;h=350&amp;q=90&amp;f=.jpg\" alt=\"\" width=\"622\" height=\"350\" \/><\/a><\/li><li><a href=\"https:\/\/truckmaint.ee\/wp-content\/uploads\/2016\/04\/DSC_0191-1024x576.jpg\"><img loading=\"lazy\" decoding=\"async\" src=\"https:\/\/truckmaint.ee\/wp-content\/plugins\/justified-image-grid\/timthumb.php?src=https%3A%2F%2Ftruckmaint.ee%2Fwp-content%2Fuploads%2F2016%2F04%2FDSC_0191-1024x576.jpg&amp;h=350&amp;q=90&amp;f=.jpg\" alt=\"\" width=\"622\" height=\"350\" \/><\/a><\/li><li><a href=\"https:\/\/truckmaint.ee\/wp-content\/uploads\/2016\/04\/DSC_0192-1024x576.jpg\"><img loading=\"lazy\" decoding=\"async\" src=\"https:\/\/truckmaint.ee\/wp-content\/plugins\/justified-image-grid\/timthumb.php?src=https%3A%2F%2Ftruckmaint.ee%2Fwp-content%2Fuploads%2F2016%2F04%2FDSC_0192-1024x576.jpg&amp;h=350&amp;q=90&amp;f=.jpg\" alt=\"\" width=\"622\" height=\"350\" \/><\/a><\/li><li><a href=\"https:\/\/truckmaint.ee\/wp-content\/uploads\/2016\/04\/DSC_0349-1024x576.jpg\"><img loading=\"lazy\" decoding=\"async\" src=\"https:\/\/truckmaint.ee\/wp-content\/plugins\/justified-image-grid\/timthumb.php?src=https%3A%2F%2Ftruckmaint.ee%2Fwp-content%2Fuploads%2F2016%2F04%2FDSC_0349-1024x576.jpg&amp;h=350&amp;q=90&amp;f=.jpg\" alt=\"\" width=\"622\" height=\"350\" \/><\/a><\/li><li><a href=\"https:\/\/truckmaint.ee\/wp-content\/uploads\/2016\/04\/DSC_0353-1024x576.jpg\"><img loading=\"lazy\" decoding=\"async\" src=\"https:\/\/truckmaint.ee\/wp-content\/plugins\/justified-image-grid\/timthumb.php?src=https%3A%2F%2Ftruckmaint.ee%2Fwp-content%2Fuploads%2F2016%2F04%2FDSC_0353-1024x576.jpg&amp;h=350&amp;q=90&amp;f=.jpg\" alt=\"\" width=\"622\" height=\"350\" \/><\/a><\/li><li><a href=\"https:\/\/truckmaint.ee\/wp-content\/uploads\/2016\/04\/L15_Rail_Down_HF-1024x683.jpg\"><img loading=\"lazy\" decoding=\"async\" src=\"https:\/\/truckmaint.ee\/wp-content\/plugins\/justified-image-grid\/timthumb.php?src=https%3A%2F%2Ftruckmaint.ee%2Fwp-content%2Fuploads%2F2016%2F04%2FL15_Rail_Down_HF-1024x683.jpg&amp;h=350&amp;q=90&amp;f=.jpg\" alt=\"L15_Rail_Down_HF\" width=\"524\" height=\"350\" \/><\/a><p class=\"jig-HTMLdescription\">L15_Rail_Down_HF<\/p><\/li><\/ul><\/noscript><\/div>\n<p>[\/vc_column_text][\/vc_column][\/vc_row][vc_row full_width=&#8221;stretch_row&#8221; css=&#8221;.vc_custom_1461668813999{padding-top: 30px !important;padding-bottom: 30px !important;background-color: #333333 !important;}&#8221; el_class=&#8221;contact-block&#8221;][vc_column][vc_column_text]<\/p>\n<p style=\"text-align: center;\"><strong><em>Sazinieties ar mums jau tagad, un m\u0113s atrad\u012bsim lab\u0101ko risin\u0101jumu.<\/em><\/strong><\/p>\n<p style=\"text-align: center;\"><strong><a href=\"http:\/\/truckmaint.ee\/lv\/kontakts\/\">SAZIN\u0100TIES <i class=\"fa fa-angle-double-right\"><\/i><\/a><\/strong><\/p>\n<p>[\/vc_column_text][\/vc_column][\/vc_row]<\/p>\n<\/div><input class=\"fooboxshare_post_id\" type=\"hidden\" value=\"2809\"\/>","protected":false},"excerpt":{"rendered":"<p>[vc_row][vc_column width=&#8221;2\/3&#8243;][vc_column_text] Front\u0101lie iekr\u0101v\u0113ji Mums ir ilgsto\u0161a pieredze front\u0101lo iekr\u0101v\u0113ju apkopes un tirdzniec\u012bbas jom\u0101. Tirgojam lietotus un mazlietotus Volvo iekr\u0101v\u0113jus, ko mums pieg\u0101d\u0101 vair\u0101ki Eiropas partneri. Saviem klientiem nodro\u0161in\u0101m ar\u012b produktu atbalsta pakalpojumus, pateicoties kam esam ieguvu\u0161i daudzus apmierin\u0101tus biznesa&#8230;<\/p>\n","protected":false},"author":1,"featured_media":0,"parent":2870,"menu_order":0,"comment_status":"closed","ping_status":"closed","template":"","meta":{"_acf_changed":false,"footnotes":""},"class_list":["post-2809","page","type-page","status-publish","hentry"],"acf":[],"_links":{"self":[{"href":"https:\/\/truckmaint.ee\/lv\/wp-json\/wp\/v2\/pages\/2809","targetHints":{"allow":["GET"]}}],"collection":[{"href":"https:\/\/truckmaint.ee\/lv\/wp-json\/wp\/v2\/pages"}],"about":[{"href":"https:\/\/truckmaint.ee\/lv\/wp-json\/wp\/v2\/types\/page"}],"author":[{"embeddable":true,"href":"https:\/\/truckmaint.ee\/lv\/wp-json\/wp\/v2\/users\/1"}],"replies":[{"embeddable":true,"href":"https:\/\/truckmaint.ee\/lv\/wp-json\/wp\/v2\/comments?post=2809"}],"version-history":[{"count":2,"href":"https:\/\/truckmaint.ee\/lv\/wp-json\/wp\/v2\/pages\/2809\/revisions"}],"predecessor-version":[{"id":4228,"href":"https:\/\/truckmaint.ee\/lv\/wp-json\/wp\/v2\/pages\/2809\/revisions\/4228"}],"up":[{"embeddable":true,"href":"https:\/\/truckmaint.ee\/lv\/wp-json\/wp\/v2\/pages\/2870"}],"wp:attachment":[{"href":"https:\/\/truckmaint.ee\/lv\/wp-json\/wp\/v2\/media?parent=2809"}],"curies":[{"name":"wp","href":"https:\/\/api.w.org\/{rel}","templated":true}]}}