{"id":2808,"date":"2016-04-25T21:22:54","date_gmt":"2016-04-25T18:22:54","guid":{"rendered":"http:\/\/truckmaint.ee\/lv\/konteineritostukid\/"},"modified":"2016-09-02T09:57:47","modified_gmt":"2016-09-02T06:57:47","slug":"konteineru-pacelaji","status":"publish","type":"page","link":"https:\/\/truckmaint.ee\/lv\/produkti\/konteineru-pacelaji\/","title":{"rendered":"Konteineru pac\u0113l\u0101ji"},"content":{"rendered":"<div class=\"wpb-content-wrapper\"><p>[vc_row][vc_column width=&#8221;2\/3&#8243;][vc_column_text]<\/p>\n<h1><strong>Konteineru pac\u0113l\u0101ji<\/strong><\/h1>\n<p>&nbsp;<\/p>\n<h2><strong>Konteineru pac\u0113l\u0101ji ar mastu<\/strong><\/h2>\n<p><a class=\"tehase-valik\" href=\"https:\/\/www.kalmarglobal.com\/equipment\/masted-container-handlers\/\" target=\"_blank\" rel=\"noopener\">Ra\u017eot\u0101ja izv\u0113le<\/a><\/p>\n<p><img loading=\"lazy\" decoding=\"async\" class=\"size-medium wp-image-2511 alignleft\" src=\"http:\/\/truckmaint.ee\/wp-content\/uploads\/2016\/04\/Launch-picture-300x195.jpg\" alt=\"\" width=\"300\" height=\"195\" srcset=\"https:\/\/truckmaint.ee\/wp-content\/uploads\/2016\/04\/Launch-picture-300x195.jpg 300w, https:\/\/truckmaint.ee\/wp-content\/uploads\/2016\/04\/Launch-picture-768x500.jpg 768w, https:\/\/truckmaint.ee\/wp-content\/uploads\/2016\/04\/Launch-picture-1024x666.jpg 1024w, https:\/\/truckmaint.ee\/wp-content\/uploads\/2016\/04\/Launch-picture.jpg 1500w\" sizes=\"auto, (max-width: 300px) 100vw, 300px\" \/>M\u016bsdien\u0101s konteineru termin\u0101la darba rezult\u0101ti ir atkar\u012bgi no \u0101truma un elast\u012bbas. Pieaugo\u0161\u0101s pras\u012bbas rada lielu spiedienu uz konteineru apkalpo\u0161anas sf\u0113ru. Termin\u0101la darba efektivit\u0101te aizvien vair\u0101k ir atkar\u012bga no operatora darba produktivit\u0101tes. To var nodro\u0161in\u0101t, vien\u012bgi uzlabojot darba apst\u0101k\u013cus un ier\u012bces. Ja aprakst\u012bt\u0101 situ\u0101cija attiecas ar\u012b uz Jums, tad J\u016bs \u0161obr\u012bd mekl\u0113jat pareizaj\u0101 viet\u0101. Jau gadu desmitiem Kalmar ra\u017eo augstas veiktsp\u0113jas pac\u0113l\u0101jus ar ergonomisku darba vidi un teicamu stabilit\u0101ti. Pateicoties \u0113rtaj\u0101m Spirit Delta kab\u012bn\u0113m un neapstr\u012bdami efekt\u012bvajai hidraulikas sist\u0113mai, Kalmar vienm\u0113r ir lab\u0101ko savas klases ra\u017eot\u0101ju skait\u0101.<\/p>\n<h2><strong>ReachStacker<\/strong><\/h2>\n<p><a class=\"tehase-valik\" href=\"https:\/\/www.kalmarglobal.com\/equipment\/reachstackers\/\" target=\"_blank\" rel=\"noopener\">Ra\u017eot\u0101ja izv\u0113le<\/a><\/p>\n<p><img loading=\"lazy\" decoding=\"async\" class=\"size-medium wp-image-2357 alignleft\" src=\"http:\/\/truckmaint.ee\/wp-content\/uploads\/2016\/04\/konteinertostukid-300x200.jpg\" alt=\"\" width=\"300\" height=\"200\" srcset=\"https:\/\/truckmaint.ee\/wp-content\/uploads\/2016\/04\/konteinertostukid.jpg 300w, https:\/\/truckmaint.ee\/wp-content\/uploads\/2016\/04\/konteinertostukid-272x182.jpg 272w\" sizes=\"auto, (max-width: 300px) 100vw, 300px\" \/>Konteineru manipulatoru izstr\u0101d\u0113 Kalmar balst\u0101s uz ilglaic\u012bgu pieredzi, par priorit\u0101ti uzskatot produktivit\u0101tes, efektivit\u0101tes un ergonomiskas darba vides nodro\u0161in\u0101\u0161anu. Tas tiek pan\u0101kts, apvienojot funkcionalit\u0101ti un \u012bpa\u0161u efektivit\u0101ti, kas saglab\u0101jas vis\u0101 ma\u0161\u012bnas kalpo\u0161anas laik\u0101. \u0160obr\u012bd vair\u0101k nek\u0101 100 valst\u012bs vis\u0101 pasaul\u0113 kopum\u0101 tiek izmantotas vair\u0101k nek\u0101 8000 \u0161\u0101das ier\u012bces.[\/vc_column_text][\/vc_column][vc_column width=&#8221;1\/3&#8243;][vc_wp_custommenu nav_menu=&#8221;67&#8243;][\/vc_column][\/vc_row][vc_row full_width=&#8221;stretch_row&#8221; css=&#8221;.vc_custom_1461668813999{padding-top: 30px !important;padding-bottom: 30px !important;background-color: #333333 !important;}&#8221; el_class=&#8221;contact-block&#8221;][vc_column][vc_column_text]<\/p>\n<p style=\"text-align: center;\"><strong><em>Sazinieties ar mums jau tagad, un m\u0113s atrad\u012bsim lab\u0101ko risin\u0101jumu.<\/em><\/strong><\/p>\n<p style=\"text-align: center;\"><strong><a href=\"http:\/\/truckmaint.ee\/lv\/kontakts\/\">SAZIN\u0100TIES <i class=\"fa fa-angle-double-right\"><\/i><\/a><\/strong><\/p>\n<p>[\/vc_column_text][\/vc_column][\/vc_row]<\/p>\n<\/div><input class=\"fooboxshare_post_id\" type=\"hidden\" value=\"2808\"\/>","protected":false},"excerpt":{"rendered":"<p>[vc_row][vc_column width=&#8221;2\/3&#8243;][vc_column_text] Konteineru pac\u0113l\u0101ji &nbsp; Konteineru pac\u0113l\u0101ji ar mastu Ra\u017eot\u0101ja izv\u0113le M\u016bsdien\u0101s konteineru termin\u0101la darba rezult\u0101ti ir atkar\u012bgi no \u0101truma un elast\u012bbas. Pieaugo\u0161\u0101s pras\u012bbas rada lielu spiedienu uz konteineru apkalpo\u0161anas sf\u0113ru. Termin\u0101la darba efektivit\u0101te aizvien vair\u0101k ir atkar\u012bga no operatora&#8230;<\/p>\n","protected":false},"author":1,"featured_media":0,"parent":2870,"menu_order":0,"comment_status":"closed","ping_status":"closed","template":"","meta":{"_acf_changed":false,"footnotes":""},"class_list":["post-2808","page","type-page","status-publish","hentry"],"acf":[],"_links":{"self":[{"href":"https:\/\/truckmaint.ee\/lv\/wp-json\/wp\/v2\/pages\/2808","targetHints":{"allow":["GET"]}}],"collection":[{"href":"https:\/\/truckmaint.ee\/lv\/wp-json\/wp\/v2\/pages"}],"about":[{"href":"https:\/\/truckmaint.ee\/lv\/wp-json\/wp\/v2\/types\/page"}],"author":[{"embeddable":true,"href":"https:\/\/truckmaint.ee\/lv\/wp-json\/wp\/v2\/users\/1"}],"replies":[{"embeddable":true,"href":"https:\/\/truckmaint.ee\/lv\/wp-json\/wp\/v2\/comments?post=2808"}],"version-history":[{"count":2,"href":"https:\/\/truckmaint.ee\/lv\/wp-json\/wp\/v2\/pages\/2808\/revisions"}],"predecessor-version":[{"id":2946,"href":"https:\/\/truckmaint.ee\/lv\/wp-json\/wp\/v2\/pages\/2808\/revisions\/2946"}],"up":[{"embeddable":true,"href":"https:\/\/truckmaint.ee\/lv\/wp-json\/wp\/v2\/pages\/2870"}],"wp:attachment":[{"href":"https:\/\/truckmaint.ee\/lv\/wp-json\/wp\/v2\/media?parent=2808"}],"curies":[{"name":"wp","href":"https:\/\/api.w.org\/{rel}","templated":true}]}}