{"id":2807,"date":"2016-04-25T21:23:16","date_gmt":"2016-04-25T18:23:16","guid":{"rendered":"http:\/\/truckmaint.ee\/lv\/terminalitraktorid\/"},"modified":"2016-09-02T10:11:44","modified_gmt":"2016-09-02T07:11:44","slug":"terminala-traktori","status":"publish","type":"page","link":"https:\/\/truckmaint.ee\/lv\/produkti\/terminala-traktori\/","title":{"rendered":"Termin\u0101la vilc\u0113ji"},"content":{"rendered":"<div class=\"wpb-content-wrapper\"><p>[vc_row css=&#8221;.vc_custom_1462124598078{padding-bottom: 30px !important;}&#8221;][vc_column width=&#8221;2\/3&#8243;][vc_column_text]<\/p>\n<h2><strong>Termin\u0101la traktori <\/strong><\/h2>\n<p><a class=\"tehase-valik\" href=\"https:\/\/www.kalmarglobal.com\/equipment\/terminal-tractors\/\" target=\"_blank\" rel=\"noopener\">Ra\u017eot\u0101ja izv\u0113le<\/a><\/p>\n<p><img loading=\"lazy\" decoding=\"async\" class=\"alignnone size-full wp-image-2517\" src=\"http:\/\/truckmaint.ee\/wp-content\/uploads\/2016\/04\/Terminal-Tractor-All-Products-Home-Page.jpg\" alt=\"\" width=\"655\" height=\"264\" srcset=\"https:\/\/truckmaint.ee\/wp-content\/uploads\/2016\/04\/Terminal-Tractor-All-Products-Home-Page.jpg 655w, https:\/\/truckmaint.ee\/wp-content\/uploads\/2016\/04\/Terminal-Tractor-All-Products-Home-Page-300x121.jpg 300w\" sizes=\"auto, (max-width: 655px) 100vw, 655px\" \/><\/p>\n<p>Kalmar ra\u017eo pasaul\u0113 liel\u0101ko skaitu termin\u0101la traktoru. \u0160obr\u012bd sara\u017eoto ier\u012b\u010du skaits jau p\u0101rsniedz 60 000 vien\u012bbu. Visi mode\u013ci ir izstr\u0101d\u0101ti, \u0146emot v\u0113r\u0101 klientu vajadz\u012bbas un v\u0113lmes.<\/p>\n<h2><strong>Distrib\u016bcijas centru ma\u0161\u012bnas<\/strong><\/h2>\n<p><a class=\"tehase-valik\" href=\"https:\/\/www.kalmarglobal.com\/equipment\/terminal-tractors\/distribution-handling\/\" target=\"_blank\" rel=\"noopener\">Ra\u017eot\u0101ja izv\u0113le<\/a><\/p>\n<p><img loading=\"lazy\" decoding=\"async\" class=\"alignleft wp-image-2519 size-medium\" src=\"http:\/\/truckmaint.ee\/wp-content\/uploads\/2016\/04\/FrontT2-300x249.png\" width=\"300\" height=\"249\" srcset=\"https:\/\/truckmaint.ee\/wp-content\/uploads\/2016\/04\/FrontT2-300x249.png 300w, https:\/\/truckmaint.ee\/wp-content\/uploads\/2016\/04\/FrontT2-768x637.png 768w, https:\/\/truckmaint.ee\/wp-content\/uploads\/2016\/04\/FrontT2.png 977w\" sizes=\"auto, (max-width: 300px) 100vw, 300px\" \/>Vieglas, \u0113rti manevr\u0113jamas un vienk\u0101r\u0161as ma\u0161\u012bnas, kas ide\u0101li piem\u0113rotas treileru p\u0101rvieto\u0161anai distrib\u016bcijas centru teritorij\u0101. Ar 4 x 2 transmisiju apr\u012bkot\u0101s ma\u0161\u012bnas ir pietiekami jaud\u012bgas un ar ergonomisku darba vidi.<\/p>\n<p>&nbsp;<\/p>\n<p>&nbsp;<\/p>\n<p>&nbsp;<\/p>\n<p>&nbsp;<\/p>\n<h2><strong>RoRo kravu p\u0101rvieto\u0161ana \u00a0<\/strong><\/h2>\n<p><a class=\"tehase-valik\" href=\"https:\/\/www.kalmarglobal.com\/equipment\/terminal-tractors\/roro-handling\/\" target=\"_blank\" rel=\"noopener\">Ra\u017eot\u0101ja izv\u0113le<\/a><\/p>\n<p><img loading=\"lazy\" decoding=\"async\" class=\"alignleft wp-image-2520 size-medium\" src=\"http:\/\/truckmaint.ee\/wp-content\/uploads\/2016\/04\/Heavy_Terminal_Tractor_Poland__Office-300x202.jpg\" width=\"300\" height=\"202\" srcset=\"https:\/\/truckmaint.ee\/wp-content\/uploads\/2016\/04\/Heavy_Terminal_Tractor_Poland__Office-300x202.jpg 300w, https:\/\/truckmaint.ee\/wp-content\/uploads\/2016\/04\/Heavy_Terminal_Tractor_Poland__Office-768x517.jpg 768w, https:\/\/truckmaint.ee\/wp-content\/uploads\/2016\/04\/Heavy_Terminal_Tractor_Poland__Office-272x182.jpg 272w, https:\/\/truckmaint.ee\/wp-content\/uploads\/2016\/04\/Heavy_Terminal_Tractor_Poland__Office.jpg 1023w\" sizes=\"auto, (max-width: 300px) 100vw, 300px\" \/>Ar 4 x 4 transmisiju apr\u012bkotas, jaud\u012bgas un produkt\u012bvas ma\u0161\u012bnas kravu p\u0101rvieto\u0161anai tirdzniec\u012bbas ost\u0101s. Pasaul\u0113 ir tikai nedaudz vair\u0101k par 4500 \u0161\u0101das konfigur\u0101cijas traktoru. Teicami piem\u0113rotas darbam gan zieme\u013cu, gan dienvidu klimatiskajos apst\u0101k\u013cos.<\/p>\n<p>&nbsp;<\/p>\n<p>&nbsp;<\/p>\n<p>&nbsp;<\/p>\n<h2><strong>Industri\u0101lo kravu p\u0101rvieto\u0161ana<\/strong><\/h2>\n<p><a class=\"tehase-valik\" href=\"https:\/\/www.kalmarglobal.com\/equipment\/terminal-tractors\/industrial-handling\/\" target=\"_blank\" rel=\"noopener\">Ra\u017eot\u0101ja izv\u0113le<\/a><\/p>\n<p><img loading=\"lazy\" decoding=\"async\" class=\"alignleft wp-image-2521 size-medium\" src=\"http:\/\/truckmaint.ee\/wp-content\/uploads\/2016\/04\/TT_TR632i_FI12_008_Print_47183-300x200.jpg\" width=\"300\" height=\"200\" srcset=\"https:\/\/truckmaint.ee\/wp-content\/uploads\/2016\/04\/TT_TR632i_FI12_008_Print_47183-300x200.jpg 300w, https:\/\/truckmaint.ee\/wp-content\/uploads\/2016\/04\/TT_TR632i_FI12_008_Print_47183-768x512.jpg 768w, https:\/\/truckmaint.ee\/wp-content\/uploads\/2016\/04\/TT_TR632i_FI12_008_Print_47183-1024x683.jpg 1024w, https:\/\/truckmaint.ee\/wp-content\/uploads\/2016\/04\/TT_TR632i_FI12_008_Print_47183-350x233.jpg 350w, https:\/\/truckmaint.ee\/wp-content\/uploads\/2016\/04\/TT_TR632i_FI12_008_Print_47183-272x182.jpg 272w, https:\/\/truckmaint.ee\/wp-content\/uploads\/2016\/04\/TT_TR632i_FI12_008_Print_47183.jpg 1600w\" sizes=\"auto, (max-width: 300px) 100vw, 300px\" \/>Speci\u0101li izstr\u0101d\u0101tas ier\u012bces ar vair\u0101k nek\u0101 300 tonnu celtsp\u0113ju, palielin\u0101tu r\u0101mi un transmisiju. V\u0113r\u0101 ir \u0146emta ikviena lietot\u0101ju vajadz\u012bbu nianse. Izmanto\u0161anai met\u0101la, pap\u012bra, ma\u0161\u012bnb\u016bves un ku\u0123ub\u016bves ra\u017eotn\u0113s.[\/vc_column_text][\/vc_column][vc_column width=&#8221;1\/3&#8243;][vc_wp_custommenu nav_menu=&#8221;67&#8243;][\/vc_column][\/vc_row][vc_row full_width=&#8221;stretch_row&#8221; css=&#8221;.vc_custom_1461668813999{padding-top: 30px !important;padding-bottom: 30px !important;background-color: #333333 !important;}&#8221; el_class=&#8221;contact-block&#8221;][vc_column][vc_column_text]<\/p>\n<p style=\"text-align: center;\"><strong><em>Sazinieties ar mums jau tagad, un m\u0113s atrad\u012bsim lab\u0101ko risin\u0101jumu.<\/em><\/strong><\/p>\n<p style=\"text-align: center;\"><strong><a href=\"http:\/\/truckmaint.ee\/lv\/kontakts\/\">SAZIN\u0100TIES <i class=\"fa fa-angle-double-right\"><\/i><\/a><\/strong><\/p>\n<p>[\/vc_column_text][\/vc_column][\/vc_row]<\/p>\n<\/div><input class=\"fooboxshare_post_id\" type=\"hidden\" value=\"2807\"\/>","protected":false},"excerpt":{"rendered":"<p>[vc_row css=&#8221;.vc_custom_1462124598078{padding-bottom: 30px !important;}&#8221;][vc_column width=&#8221;2\/3&#8243;][vc_column_text] Termin\u0101la traktori Ra\u017eot\u0101ja izv\u0113le Kalmar ra\u017eo pasaul\u0113 liel\u0101ko skaitu termin\u0101la traktoru. \u0160obr\u012bd sara\u017eoto ier\u012b\u010du skaits jau p\u0101rsniedz 60 000 vien\u012bbu. Visi mode\u013ci ir izstr\u0101d\u0101ti, \u0146emot v\u0113r\u0101 klientu vajadz\u012bbas un v\u0113lmes. Distrib\u016bcijas centru ma\u0161\u012bnas Ra\u017eot\u0101ja izv\u0113le&#8230;<\/p>\n","protected":false},"author":1,"featured_media":0,"parent":2870,"menu_order":0,"comment_status":"closed","ping_status":"closed","template":"","meta":{"_acf_changed":false,"footnotes":""},"class_list":["post-2807","page","type-page","status-publish","hentry"],"acf":[],"_links":{"self":[{"href":"https:\/\/truckmaint.ee\/lv\/wp-json\/wp\/v2\/pages\/2807","targetHints":{"allow":["GET"]}}],"collection":[{"href":"https:\/\/truckmaint.ee\/lv\/wp-json\/wp\/v2\/pages"}],"about":[{"href":"https:\/\/truckmaint.ee\/lv\/wp-json\/wp\/v2\/types\/page"}],"author":[{"embeddable":true,"href":"https:\/\/truckmaint.ee\/lv\/wp-json\/wp\/v2\/users\/1"}],"replies":[{"embeddable":true,"href":"https:\/\/truckmaint.ee\/lv\/wp-json\/wp\/v2\/comments?post=2807"}],"version-history":[{"count":2,"href":"https:\/\/truckmaint.ee\/lv\/wp-json\/wp\/v2\/pages\/2807\/revisions"}],"predecessor-version":[{"id":2964,"href":"https:\/\/truckmaint.ee\/lv\/wp-json\/wp\/v2\/pages\/2807\/revisions\/2964"}],"up":[{"embeddable":true,"href":"https:\/\/truckmaint.ee\/lv\/wp-json\/wp\/v2\/pages\/2870"}],"wp:attachment":[{"href":"https:\/\/truckmaint.ee\/lv\/wp-json\/wp\/v2\/media?parent=2807"}],"curies":[{"name":"wp","href":"https:\/\/api.w.org\/{rel}","templated":true}]}}