{"id":2805,"date":"2016-04-25T21:23:56","date_gmt":"2016-04-25T18:23:56","guid":{"rendered":"http:\/\/truckmaint.ee\/lv\/lisaseadmed\/"},"modified":"2016-09-02T09:58:17","modified_gmt":"2016-09-02T06:58:17","slug":"papildaprikojums","status":"publish","type":"page","link":"https:\/\/truckmaint.ee\/lv\/produkti\/papildaprikojums\/","title":{"rendered":"Papildapr\u012bkojums"},"content":{"rendered":"<div class=\"wpb-content-wrapper\"><p>[vc_row][vc_column width=&#8221;2\/3&#8243;][vc_row_inner][vc_column_inner width=&#8221;1\/2&#8243;][vc_single_image image=&#8221;2464&#8243; img_size=&#8221;full&#8221;][\/vc_column_inner][vc_column_inner width=&#8221;1\/2&#8243;][vc_column_text]<\/p>\n<h2><strong>Kausi<\/strong><\/h2>\n<p>M\u016bsu sortiment\u0101 atrodami da\u017e\u0101du materi\u0101lu kausi, kas piem\u0113roti da\u017e\u0101diem darba cikliem un \u012bpa\u0161\u0101m vajadz\u012bb\u0101m. Pied\u0101v\u0101jam viet\u0113j\u0101 un \u0101rvalstu ra\u017eojuma da\u017e\u0101du cenu un kvalit\u0101tes l\u012bme\u0146u kausus. [\/vc_column_text][\/vc_column_inner][\/vc_row_inner][vc_row_inner][vc_column_inner width=&#8221;1\/2&#8243;][vc_column_text]<\/p>\n<h2><strong>Ba\u013c\u0137u satv\u0113r\u0113ji <\/strong><\/h2>\n<p>Bie\u017ei vien ba\u013c\u0137u satv\u0113r\u0113ju loma nav pietiekami nov\u0113rt\u0113ta. Paties\u012bb\u0101 ir pieejami da\u017e\u0101di satv\u0113r\u0113ju veidi un mode\u013ci, kuru izv\u0113le ir atkar\u012bga no to izmanto\u0161anas m\u0113r\u0137a, materi\u0101la un cenas.<\/p>\n<ul>\n<li>Transporta satv\u0113r\u0113ji<\/li>\n<li>\u0160\u0137iro\u0161anas satv\u0113r\u0113ji<\/li>\n<li>Satv\u0113r\u0113ji ar un bez st\u016bm\u0113ja<\/li>\n<li>\u0160aurie un platie satv\u0113r\u0113ji<\/li>\n<li>Stiprin\u0101tas konstrukcijas satv\u0113r\u0113ji<\/li>\n<\/ul>\n<p>[\/vc_column_text][\/vc_column_inner][vc_column_inner width=&#8221;1\/2&#8243;][vc_single_image image=&#8221;2453&#8243; img_size=&#8221;full&#8221;][\/vc_column_inner][\/vc_row_inner][vc_row_inner][vc_column_inner width=&#8221;1\/2&#8243;][vc_single_image image=&#8221;2456&#8243; img_size=&#8221;full&#8221;][\/vc_column_inner][vc_column_inner width=&#8221;1\/2&#8243;][vc_column_text]<\/p>\n<h2><strong>Dak\u0161as <\/strong><\/h2>\n<p>Dak\u0161as ir neap\u0161aub\u0101mi vispla\u0161\u0101k lietotais kravu p\u0101rvieto\u0161anas apr\u012bkojums. P\u0101rfraz\u0113jot popul\u0101ro teicienu, varam sac\u012bt: \u201ePasaki, ko tu gribi celt, un es tev pateik\u0161u, ar k\u0101da veida dak\u0161\u0101m to celt\u201d. Pied\u0101v\u0101jam pla\u0161\u0101 sortiment\u0101 iztur\u012bgas, speci\u0101li konstru\u0113tas rull\u012b\u0161u un kalta tipa dak\u0161as, t\u0101pat p\u0113c speci\u0101la pas\u016bt\u012bjuma izgatavotas pasaules lab\u0101ko ra\u017eot\u0101ju dak\u0161as. [\/vc_column_text][\/vc_column_inner][\/vc_row_inner][\/vc_column][vc_column width=&#8221;1\/3&#8243;][vc_wp_custommenu nav_menu=&#8221;67&#8243;][\/vc_column][\/vc_row][vc_row full_width=&#8221;stretch_row&#8221; css=&#8221;.vc_custom_1461668813999{padding-top: 30px !important;padding-bottom: 30px !important;background-color: #333333 !important;}&#8221; el_class=&#8221;contact-block&#8221;][vc_column][vc_column_text]<\/p>\n<p style=\"text-align: center;\"><strong><em>Sazinieties ar mums jau tagad, un m\u0113s atrad\u012bsim lab\u0101ko risin\u0101jumu.<\/em><\/strong><\/p>\n<p style=\"text-align: center;\"><strong><a href=\"http:\/\/truckmaint.ee\/lv\/kontakts\/\">SAZIN\u0100TIES <i class=\"fa fa-angle-double-right\"><\/i><\/a><\/strong><\/p>\n<p>[\/vc_column_text][\/vc_column][\/vc_row]<\/p>\n<\/div><input class=\"fooboxshare_post_id\" type=\"hidden\" value=\"2805\"\/>","protected":false},"excerpt":{"rendered":"<p>[vc_row][vc_column width=&#8221;2\/3&#8243;][vc_row_inner][vc_column_inner width=&#8221;1\/2&#8243;][vc_single_image image=&#8221;2464&#8243; img_size=&#8221;full&#8221;][\/vc_column_inner][vc_column_inner width=&#8221;1\/2&#8243;][vc_column_text] Kausi M\u016bsu sortiment\u0101 atrodami da\u017e\u0101du materi\u0101lu kausi, kas piem\u0113roti da\u017e\u0101diem darba cikliem un \u012bpa\u0161\u0101m vajadz\u012bb\u0101m. Pied\u0101v\u0101jam viet\u0113j\u0101 un \u0101rvalstu ra\u017eojuma da\u017e\u0101du cenu un kvalit\u0101tes l\u012bme\u0146u kausus. [\/vc_column_text][\/vc_column_inner][\/vc_row_inner][vc_row_inner][vc_column_inner width=&#8221;1\/2&#8243;][vc_column_text] Ba\u013c\u0137u satv\u0113r\u0113ji Bie\u017ei vien ba\u013c\u0137u satv\u0113r\u0113ju&#8230;<\/p>\n","protected":false},"author":1,"featured_media":0,"parent":2870,"menu_order":0,"comment_status":"closed","ping_status":"closed","template":"","meta":{"_acf_changed":false,"footnotes":""},"class_list":["post-2805","page","type-page","status-publish","hentry"],"acf":[],"_links":{"self":[{"href":"https:\/\/truckmaint.ee\/lv\/wp-json\/wp\/v2\/pages\/2805","targetHints":{"allow":["GET"]}}],"collection":[{"href":"https:\/\/truckmaint.ee\/lv\/wp-json\/wp\/v2\/pages"}],"about":[{"href":"https:\/\/truckmaint.ee\/lv\/wp-json\/wp\/v2\/types\/page"}],"author":[{"embeddable":true,"href":"https:\/\/truckmaint.ee\/lv\/wp-json\/wp\/v2\/users\/1"}],"replies":[{"embeddable":true,"href":"https:\/\/truckmaint.ee\/lv\/wp-json\/wp\/v2\/comments?post=2805"}],"version-history":[{"count":2,"href":"https:\/\/truckmaint.ee\/lv\/wp-json\/wp\/v2\/pages\/2805\/revisions"}],"predecessor-version":[{"id":2949,"href":"https:\/\/truckmaint.ee\/lv\/wp-json\/wp\/v2\/pages\/2805\/revisions\/2949"}],"up":[{"embeddable":true,"href":"https:\/\/truckmaint.ee\/lv\/wp-json\/wp\/v2\/pages\/2870"}],"wp:attachment":[{"href":"https:\/\/truckmaint.ee\/lv\/wp-json\/wp\/v2\/media?parent=2805"}],"curies":[{"name":"wp","href":"https:\/\/api.w.org\/{rel}","templated":true}]}}