{"id":2803,"date":"2016-04-25T21:24:32","date_gmt":"2016-04-25T18:24:32","guid":{"rendered":"http:\/\/truckmaint.ee\/lv\/kasutatud-masinad\/"},"modified":"2016-09-02T10:11:20","modified_gmt":"2016-09-02T07:11:20","slug":"lietota-tehnika","status":"publish","type":"page","link":"https:\/\/truckmaint.ee\/lv\/lietota-tehnika\/","title":{"rendered":"Lietota tehnika"},"content":{"rendered":"<div class=\"wpb-content-wrapper\"><p>[vc_row][vc_column width=&#8221;2\/3&#8243;][vc_column_text]<\/p>\n<h2><strong>Lietot\u0101 tehnika<\/strong><\/h2>\n<p>Ja tehnika ir veca un nolietojusies, probl\u0113mas rodas p\u0113k\u0161\u0146i un negaid\u012bti. Past\u0101v\u012bga da\u017e\u0101du boj\u0101jumu nov\u0113r\u0161ana ir nogurdino\u0161a un laikietilp\u012bga. Pied\u0101v\u0101jam nomain\u012bt J\u016bsu ier\u012bces pret jaun\u0101m vai mazlietot\u0101m. [\/vc_column_text][vc_separator css=&#8221;.vc_custom_1461671109624{margin-top: 30px !important;margin-bottom: 30px !important;}&#8221;][vc_column_text]<\/p>\n<div id=\"jig1\" class=\"justified-image-grid jig-ce901fdd95f29669d2342c2d7e36cb7a jig-preset-global jig-source-wp-gallery jigFooBoxConnect\"><div class=\"jig-clearfix\"><\/div><noscript id=\"jig1-html\" class=\"justified-image-grid-html\" data-lazy-src=\"skiplazyload\" data-src=\"skipunveillazyload\"><ul><li><a href=\"https:\/\/truckmaint.ee\/wp-content\/uploads\/2016\/04\/20151211_092633-1024x614.jpg\"><img loading=\"lazy\" decoding=\"async\" src=\"https:\/\/truckmaint.ee\/wp-content\/plugins\/justified-image-grid\/timthumb.php?src=https%3A%2F%2Ftruckmaint.ee%2Fwp-content%2Fuploads%2F2016%2F04%2F20151211_092633-1024x614.jpg&amp;h=350&amp;q=90&amp;f=.jpg\" alt=\"\" width=\"583\" height=\"350\" \/><\/a><\/li><li><a href=\"https:\/\/truckmaint.ee\/wp-content\/uploads\/2016\/04\/DSC_0006-576x1024.jpg\"><img loading=\"lazy\" decoding=\"async\" src=\"https:\/\/truckmaint.ee\/wp-content\/plugins\/justified-image-grid\/timthumb.php?src=https%3A%2F%2Ftruckmaint.ee%2Fwp-content%2Fuploads%2F2016%2F04%2FDSC_0006-576x1024.jpg&amp;h=350&amp;q=90&amp;f=.jpg\" alt=\"\" width=\"196\" height=\"350\" \/><\/a><\/li><li><a href=\"https:\/\/truckmaint.ee\/wp-content\/uploads\/2016\/04\/DSC_0023-1024x576.jpg\"><img loading=\"lazy\" decoding=\"async\" src=\"https:\/\/truckmaint.ee\/wp-content\/plugins\/justified-image-grid\/timthumb.php?src=https%3A%2F%2Ftruckmaint.ee%2Fwp-content%2Fuploads%2F2016%2F04%2FDSC_0023-1024x576.jpg&amp;h=350&amp;q=90&amp;f=.jpg\" alt=\"\" width=\"622\" height=\"350\" \/><\/a><\/li><li><a href=\"https:\/\/truckmaint.ee\/wp-content\/uploads\/2016\/04\/DSC_0040-576x1024.jpg\"><img loading=\"lazy\" decoding=\"async\" src=\"https:\/\/truckmaint.ee\/wp-content\/plugins\/justified-image-grid\/timthumb.php?src=https%3A%2F%2Ftruckmaint.ee%2Fwp-content%2Fuploads%2F2016%2F04%2FDSC_0040-576x1024.jpg&amp;h=350&amp;q=90&amp;f=.jpg\" alt=\"\" width=\"196\" height=\"350\" \/><\/a><\/li><\/ul><\/noscript><\/div>\n<p>[\/vc_column_text][\/vc_column][vc_column width=&#8221;1\/3&#8243;][vc_wp_custommenu nav_menu=&#8221;67&#8243;][\/vc_column][\/vc_row][vc_row full_width=&#8221;stretch_row&#8221; css=&#8221;.vc_custom_1461668813999{padding-top: 30px !important;padding-bottom: 30px !important;background-color: #333333 !important;}&#8221; el_class=&#8221;contact-block&#8221;][vc_column][vc_column_text]<\/p>\n<p style=\"text-align: center;\"><strong><em>Sazinieties ar mums jau tagad, un m\u0113s atrad\u012bsim lab\u0101ko risin\u0101jumu.<\/em><\/strong><\/p>\n<p style=\"text-align: center;\"><strong><a href=\"http:\/\/truckmaint.ee\/lv\/kontakts\/\">SAZIN\u0100TIES <i class=\"fa fa-angle-double-right\"><\/i><\/a><\/strong><\/p>\n<p>[\/vc_column_text][\/vc_column][\/vc_row]<\/p>\n<\/div><input class=\"fooboxshare_post_id\" type=\"hidden\" value=\"2803\"\/>","protected":false},"excerpt":{"rendered":"<p>[vc_row][vc_column width=&#8221;2\/3&#8243;][vc_column_text] Lietot\u0101 tehnika Ja tehnika ir veca un nolietojusies, probl\u0113mas rodas p\u0113k\u0161\u0146i un negaid\u012bti. Past\u0101v\u012bga da\u017e\u0101du boj\u0101jumu nov\u0113r\u0161ana ir nogurdino\u0161a un laikietilp\u012bga. Pied\u0101v\u0101jam nomain\u012bt J\u016bsu ier\u012bces pret jaun\u0101m vai mazlietot\u0101m. [\/vc_column_text][vc_separator css=&#8221;.vc_custom_1461671109624{margin-top: 30px !important;margin-bottom: 30px !important;}&#8221;][vc_column_text] [\/vc_column_text][\/vc_column][vc_column width=&#8221;1\/3&#8243;][vc_wp_custommenu nav_menu=&#8221;67&#8243;][\/vc_column][\/vc_row][vc_row&#8230;<\/p>\n","protected":false},"author":1,"featured_media":0,"parent":0,"menu_order":0,"comment_status":"closed","ping_status":"closed","template":"","meta":{"_acf_changed":false,"footnotes":""},"class_list":["post-2803","page","type-page","status-publish","hentry"],"acf":[],"_links":{"self":[{"href":"https:\/\/truckmaint.ee\/lv\/wp-json\/wp\/v2\/pages\/2803","targetHints":{"allow":["GET"]}}],"collection":[{"href":"https:\/\/truckmaint.ee\/lv\/wp-json\/wp\/v2\/pages"}],"about":[{"href":"https:\/\/truckmaint.ee\/lv\/wp-json\/wp\/v2\/types\/page"}],"author":[{"embeddable":true,"href":"https:\/\/truckmaint.ee\/lv\/wp-json\/wp\/v2\/users\/1"}],"replies":[{"embeddable":true,"href":"https:\/\/truckmaint.ee\/lv\/wp-json\/wp\/v2\/comments?post=2803"}],"version-history":[{"count":2,"href":"https:\/\/truckmaint.ee\/lv\/wp-json\/wp\/v2\/pages\/2803\/revisions"}],"predecessor-version":[{"id":2963,"href":"https:\/\/truckmaint.ee\/lv\/wp-json\/wp\/v2\/pages\/2803\/revisions\/2963"}],"wp:attachment":[{"href":"https:\/\/truckmaint.ee\/lv\/wp-json\/wp\/v2\/media?parent=2803"}],"curies":[{"name":"wp","href":"https:\/\/api.w.org\/{rel}","templated":true}]}}