{"id":2802,"date":"2016-04-25T21:25:03","date_gmt":"2016-04-25T18:25:03","guid":{"rendered":"http:\/\/truckmaint.ee\/lv\/masinate-tagasiost\/"},"modified":"2016-09-01T11:19:41","modified_gmt":"2016-09-01T08:19:41","slug":"masinate-tagasiost","status":"publish","type":"page","link":"https:\/\/truckmaint.ee\/lv\/pakalpojumi\/masinate-tagasiost\/","title":{"rendered":"Masinate tagasiost"},"content":{"rendered":"<div class=\"wpb-content-wrapper\"><p>[vc_row][vc_column width=&#8221;2\/3&#8243;][vc_column_text]<\/p>\n<h2><strong>Masinate tagasiost<\/strong><\/h2>\n<p>V\u00f5ime tagasi osta Teie vana masina. Kui Teile meie pakutav ei sobi, siis on v\u00f5imalik Teil masin j\u00e4tta m\u00fc\u00fcki meie kodulehel.[\/vc_column_text][\/vc_column][vc_column width=&#8221;1\/3&#8243;][vc_wp_custommenu nav_menu=&#8221;58&#8243;][\/vc_column][\/vc_row][vc_row full_width=&#8221;stretch_row&#8221; css=&#8221;.vc_custom_1461668813999{padding-top: 30px !important;padding-bottom: 30px !important;background-color: #333333 !important;}&#8221; el_class=&#8221;contact-block&#8221;][vc_column][vc_column_text]<\/p>\n<p style=\"text-align: center;\"><strong><em>Mnevilcinieties sazin\u0101ties ar mums. Atrad\u012bsim lab\u0101ko pieejamo risin\u0101jumu.<\/em><\/strong><\/p>\n<p style=\"text-align: center;\"><strong><a href=\"http:\/\/truckmaint.ee\/lv\/kontakts\/\">SAZIN\u0100TIES <i class=\"fa fa-angle-double-right\"><\/i><\/a><\/strong><\/p>\n<p>[\/vc_column_text][\/vc_column][\/vc_row]<\/p>\n<\/div><input class=\"fooboxshare_post_id\" type=\"hidden\" value=\"2802\"\/>","protected":false},"excerpt":{"rendered":"<p>[vc_row][vc_column width=&#8221;2\/3&#8243;][vc_column_text] Masinate tagasiost V\u00f5ime tagasi osta Teie vana masina. Kui Teile meie pakutav ei sobi, siis on v\u00f5imalik Teil masin j\u00e4tta m\u00fc\u00fcki meie kodulehel.[\/vc_column_text][\/vc_column][vc_column width=&#8221;1\/3&#8243;][vc_wp_custommenu nav_menu=&#8221;58&#8243;][\/vc_column][\/vc_row][vc_row full_width=&#8221;stretch_row&#8221; css=&#8221;.vc_custom_1461668813999{padding-top: 30px !important;padding-bottom: 30px !important;background-color: #333333 !important;}&#8221; el_class=&#8221;contact-block&#8221;][vc_column][vc_column_text] Mnevilcinieties sazin\u0101ties ar mums&#8230;.<\/p>\n","protected":false},"author":1,"featured_media":0,"parent":2820,"menu_order":0,"comment_status":"closed","ping_status":"closed","template":"","meta":{"_acf_changed":false,"footnotes":""},"class_list":["post-2802","page","type-page","status-publish","hentry"],"acf":[],"_links":{"self":[{"href":"https:\/\/truckmaint.ee\/lv\/wp-json\/wp\/v2\/pages\/2802","targetHints":{"allow":["GET"]}}],"collection":[{"href":"https:\/\/truckmaint.ee\/lv\/wp-json\/wp\/v2\/pages"}],"about":[{"href":"https:\/\/truckmaint.ee\/lv\/wp-json\/wp\/v2\/types\/page"}],"author":[{"embeddable":true,"href":"https:\/\/truckmaint.ee\/lv\/wp-json\/wp\/v2\/users\/1"}],"replies":[{"embeddable":true,"href":"https:\/\/truckmaint.ee\/lv\/wp-json\/wp\/v2\/comments?post=2802"}],"version-history":[{"count":1,"href":"https:\/\/truckmaint.ee\/lv\/wp-json\/wp\/v2\/pages\/2802\/revisions"}],"predecessor-version":[{"id":2919,"href":"https:\/\/truckmaint.ee\/lv\/wp-json\/wp\/v2\/pages\/2802\/revisions\/2919"}],"up":[{"embeddable":true,"href":"https:\/\/truckmaint.ee\/lv\/wp-json\/wp\/v2\/pages\/2820"}],"wp:attachment":[{"href":"https:\/\/truckmaint.ee\/lv\/wp-json\/wp\/v2\/media?parent=2802"}],"curies":[{"name":"wp","href":"https:\/\/api.w.org\/{rel}","templated":true}]}}