{"id":2801,"date":"2016-05-01T22:02:24","date_gmt":"2016-05-01T19:02:24","guid":{"rendered":"http:\/\/truckmaint.ee\/lv\/avade-taastamine\/"},"modified":"2016-09-06T16:05:45","modified_gmt":"2016-09-06T13:05:45","slug":"urbumu-atjaunosana","status":"publish","type":"page","link":"https:\/\/truckmaint.ee\/lv\/pakalpojumi\/urbumu-atjaunosana\/","title":{"rendered":"Urbumu atjauno\u0161ana"},"content":{"rendered":"<div class=\"wpb-content-wrapper\"><p>[vc_row][vc_column width=&#8221;2\/3&#8243;][vc_row_inner][vc_column_inner width=&#8221;1\/2&#8243;][vc_column_text]<\/p>\n<h1 style=\"margin-top: 0;\">\u00a0<strong>Urbumu atjauno\u0161ana<\/strong><\/h1>\n<p>Pied\u0101v\u0101jam veikt urbumu un gult\u0146a s\u0113\u017eu atjauno\u0161anu. Izmantojam vienu no pasaul\u0113 izplat\u012bt\u0101kaj\u0101m tehnolo\u0123ij\u0101m, kas \u013cauj nodro\u0161in\u0101t nepiecie\u0161amo precizit\u0101ti un izpildes \u0101trumu.<\/p>\n<p>[\/vc_column_text][\/vc_column_inner][vc_column_inner width=&#8221;1\/2&#8243;][vc_single_image image=&#8221;2577&#8243; img_size=&#8221;large&#8221; alignment=&#8221;center&#8221; onclick=&#8221;link_image&#8221;][\/vc_column_inner][\/vc_row_inner][vc_row_inner][vc_column_inner width=&#8221;1\/2&#8243;][vc_single_image image=&#8221;2778&#8243; img_size=&#8221;large&#8221; alignment=&#8221;center&#8221; onclick=&#8221;link_image&#8221;][\/vc_column_inner][vc_column_inner width=&#8221;1\/2&#8243;][vc_column_text]Attiec\u012bgais apr\u012bkojums ir mobils un \u013cauj nepiecie\u0161amos darbus veikt izbraukum\u0101 &#8211; gult\u0146a s\u0113\u017eas \u0101rpuses atjauno\u0161ana, urbuma atjauno\u0161ana, v\u012btnes iegrie\u0161ana, sprostgredzenu s\u0113\u017eu atjauno\u0161ana. Urbumu pie\u013caujamais diametrs 35-400mm.[\/vc_column_text][\/vc_column_inner][\/vc_row_inner][\/vc_column][vc_column width=&#8221;1\/3&#8243;][vc_wp_custommenu nav_menu=&#8221;68&#8243;][\/vc_column][\/vc_row][vc_row full_width=&#8221;stretch_row&#8221; css=&#8221;.vc_custom_1461668813999{padding-top: 30px !important;padding-bottom: 30px !important;background-color: #333333 !important;}&#8221; el_class=&#8221;contact-block&#8221;][vc_column][vc_column_text]<\/p>\n<p style=\"text-align: center;\"><strong><em>Sazinieties ar mums jau tagad, un m\u0113s atrad\u012bsim lab\u0101ko risin\u0101jumu.<\/em><\/strong><\/p>\n<p style=\"text-align: center;\"><strong><a href=\"http:\/\/truckmaint.ee\/lv\/kontakts\/\">SAZIN\u0100TIES <i class=\"fa fa-angle-double-right\"><\/i><\/a><\/strong><\/p>\n<p>[\/vc_column_text][\/vc_column][\/vc_row]<\/p>\n<\/div><input class=\"fooboxshare_post_id\" type=\"hidden\" value=\"2801\"\/>","protected":false},"excerpt":{"rendered":"<p>[vc_row][vc_column width=&#8221;2\/3&#8243;][vc_row_inner][vc_column_inner width=&#8221;1\/2&#8243;][vc_column_text] \u00a0Urbumu atjauno\u0161ana Pied\u0101v\u0101jam veikt urbumu un gult\u0146a s\u0113\u017eu atjauno\u0161anu. Izmantojam vienu no pasaul\u0113 izplat\u012bt\u0101kaj\u0101m tehnolo\u0123ij\u0101m, kas \u013cauj nodro\u0161in\u0101t nepiecie\u0161amo precizit\u0101ti un izpildes \u0101trumu. [\/vc_column_text][\/vc_column_inner][vc_column_inner width=&#8221;1\/2&#8243;][vc_single_image image=&#8221;2577&#8243; img_size=&#8221;large&#8221; alignment=&#8221;center&#8221; onclick=&#8221;link_image&#8221;][\/vc_column_inner][\/vc_row_inner][vc_row_inner][vc_column_inner width=&#8221;1\/2&#8243;][vc_single_image image=&#8221;2778&#8243; img_size=&#8221;large&#8221; alignment=&#8221;center&#8221; onclick=&#8221;link_image&#8221;][\/vc_column_inner][vc_column_inner width=&#8221;1\/2&#8243;][vc_column_text]Attiec\u012bgais apr\u012bkojums ir&#8230;<\/p>\n","protected":false},"author":1,"featured_media":0,"parent":2820,"menu_order":0,"comment_status":"closed","ping_status":"closed","template":"","meta":{"_acf_changed":false,"footnotes":""},"class_list":["post-2801","page","type-page","status-publish","hentry"],"acf":[],"_links":{"self":[{"href":"https:\/\/truckmaint.ee\/lv\/wp-json\/wp\/v2\/pages\/2801","targetHints":{"allow":["GET"]}}],"collection":[{"href":"https:\/\/truckmaint.ee\/lv\/wp-json\/wp\/v2\/pages"}],"about":[{"href":"https:\/\/truckmaint.ee\/lv\/wp-json\/wp\/v2\/types\/page"}],"author":[{"embeddable":true,"href":"https:\/\/truckmaint.ee\/lv\/wp-json\/wp\/v2\/users\/1"}],"replies":[{"embeddable":true,"href":"https:\/\/truckmaint.ee\/lv\/wp-json\/wp\/v2\/comments?post=2801"}],"version-history":[{"count":2,"href":"https:\/\/truckmaint.ee\/lv\/wp-json\/wp\/v2\/pages\/2801\/revisions"}],"predecessor-version":[{"id":2967,"href":"https:\/\/truckmaint.ee\/lv\/wp-json\/wp\/v2\/pages\/2801\/revisions\/2967"}],"up":[{"embeddable":true,"href":"https:\/\/truckmaint.ee\/lv\/wp-json\/wp\/v2\/pages\/2820"}],"wp:attachment":[{"href":"https:\/\/truckmaint.ee\/lv\/wp-json\/wp\/v2\/media?parent=2801"}],"curies":[{"name":"wp","href":"https:\/\/api.w.org\/{rel}","templated":true}]}}