{"id":2614,"date":"2016-04-25T20:24:53","date_gmt":"2016-04-25T17:24:53","guid":{"rendered":"http:\/\/truckmaint.ee\/lv\/?page_id=2614"},"modified":"2024-12-19T09:18:30","modified_gmt":"2024-12-19T07:18:30","slug":"avaleht","status":"publish","type":"page","link":"https:\/\/truckmaint.ee\/lv\/","title":{"rendered":"S\u0101kums"},"content":{"rendered":"<div id=\"pl-2614\"  class=\"panel-layout\" ><div id=\"pg-2614-0\"  class=\"panel-grid panel-has-style\" ><div class=\"siteorigin-panels-stretch panel-row-style panel-row-style-for-2614-0\" data-stretch-type=\"full-width-stretch\" ><div id=\"pgc-2614-0-0\"  class=\"panel-grid-cell\" ><div id=\"panel-2614-0-0-0\" class=\"so-panel widget widget_slider-widget panel-first-child panel-last-child\" data-index=\"0\" ><div\n\t\t\t\n\t\t\tclass=\"so-widget-slider-widget so-widget-slider-widget-base\"\n\t\t\t\n\t\t>\n<div class=\"featured-slider\">\n\t<div class=\"flexslider\">\n\t\t<ul class=\"slides\">\n            \n                    \n\t\t\t<li style=\"background-image: url('https:\/\/truckmaint.ee\/wp-content\/uploads\/2016\/04\/slide-2.jpg')\">\n\t\t\t\t<div class=\"flex-caption text-right\">\n\t\t\t\t\t<h2 class=\"animated fadeInRight\">MATERI\u0100LU APSTR\u0100DES IEK\u0100RTAS UN<br \/> AKSESU\u0100RI<\/h2>\n\t\t\t\t\t<p class=\"animated fadeInLeft\"><em>Front\u0101lie iekr\u0101v\u0113ji, pac\u0113l\u0101ji, konteineru manipulatori.<br \/>Pieejami gan lietoti un jauni.<\/em><\/p>\n\t\t\t\t\t<a href=\"#tooted\" class=\"btn btn-md btn-line animated fadeInUp\">PRODUKTI SKATS<\/a>\n\t\t\t\t<\/div>\n\t\t\t<\/li>\n\n                    \n\t\t\t<li style=\"background-image: url('https:\/\/truckmaint.ee\/wp-content\/uploads\/2016\/04\/slide1.jpg')\">\n\t\t\t\t<div class=\"flex-caption text-right\">\n\t\t\t\t\t<h2 class=\"animated fadeInRight\">SM\u0101GAS  TEHNIKAS PAKALPOJUMI<\/h2>\n\t\t\t\t\t<p class=\"animated fadeInLeft\"><em>Noma, apkope, remonts, diagnostika<br \/> un konsult\u0101cijas \/ apm\u0101c\u012bbas pakalpojum.<\/em><\/p>\n\t\t\t\t\t<a href=\"#teenused\" class=\"btn btn-md btn-line animated fadeInUp\">PAKALPOJUMU SKATS<\/a>\n\t\t\t\t<\/div>\n\t\t\t<\/li>\n\n            \n\t\t<\/ul>\n\t<\/div><!-- end flexslider -->\n\n\t\t<div class=\"blue-box\" style=\"background: #07a0dc; opacity:0.9;\">\n\t\n\t\t\t\t\n\t\t<div class=\"row-box\">\n\t\t\t<div class=\"title-box\">\n\t\t\t\t<h3><span class=\"sow-icon-fontawesome sow-fas\" data-sow-icon=\"&#xf041;\"\n\t\t \n\t\taria-hidden=\"true\"><\/span> KONTAKTI<\/h3>\n\t\t\t<\/div>\n\t\t\t<div class=\"content-box\">\n\t\t\t\t<h3><strong>Riga<\/strong><\/h3>\n<p>\tCentra Iela 2, Pinki LV 2107<\/p>\n<p>Tel: +371 29 101 422<\/p>\n<p>E-pasts: kaspars.kemeris@truckmaint.lv<\/p>\n<a href=\"http:\/\/truckmaint.ee\/lv\/kontakts\" class=\"btn btn-sm btn-white\">Skat\u012bt kart\u0113<\/a>\n\n\n\n\t\t\t<\/div><!-- end content-box -->\n\t\t<\/div><!-- end row-box -->\n\n\t\t\n\t<\/div><!-- end blue-box -->\n\t\n<\/div><!-- end featured-slider --><\/div><\/div><\/div><\/div><\/div><div id=\"pg-2614-1\"  class=\"panel-grid panel-has-style\" ><div class=\"siteorigin-panels-stretch panel-row-style panel-row-style-for-2614-1\" id=\"tooted\" data-stretch-type=\"full\" ><div id=\"pgc-2614-1-0\"  class=\"panel-grid-cell\" ><div id=\"panel-2614-1-0-0\" class=\"so-panel widget widget_title-widget panel-first-child panel-last-child\" data-index=\"1\" ><div\n\t\t\t\n\t\t\tclass=\"so-widget-title-widget so-widget-title-widget-base\"\n\t\t\t\n\t\t>\r\n<div class=\"the-title text-center dark\">\r\n    <h3>M\u016aSU PRODUKTI<\/h3>\r\n<\/div><\/div><\/div><\/div><\/div><\/div><div id=\"pg-2614-2\"  class=\"panel-grid panel-no-style\" ><div id=\"pgc-2614-2-0\"  class=\"panel-grid-cell\" ><div id=\"panel-2614-2-0-0\" class=\"so-panel widget widget_sow-editor panel-first-child panel-last-child\" data-index=\"2\" ><div\n\t\t\t\n\t\t\tclass=\"so-widget-sow-editor so-widget-sow-editor-base\"\n\t\t\t\n\t\t><h3 class=\"widget-title\">Dak\u0161as pac\u0113l\u0101ji<\/h3>\n<div class=\"siteorigin-widget-tinymce textwidget\">\n\t<p><a href=\"http:\/\/truckmaint.ee\/lv\/produkti\/daksas-pacelaji\/\"><img loading=\"lazy\" decoding=\"async\" src=\"http:\/\/truckmaint.ee\/wp-content\/uploads\/2016\/04\/kahveltostukid-300x200.jpg\" alt=\"\" width=\"300\" height=\"200\" class=\"alignnone size-medium wp-image-2355\" srcset=\"https:\/\/truckmaint.ee\/wp-content\/uploads\/2016\/04\/kahveltostukid.jpg 300w, https:\/\/truckmaint.ee\/wp-content\/uploads\/2016\/04\/kahveltostukid-272x182.jpg 272w\" sizes=\"auto, (max-width: 300px) 100vw, 300px\" \/><\/a><\/p>\n<p style=\"text-align: center;\"><a class=\"service-btn\" href=\"http:\/\/truckmaint.ee\/lv\/produkti\/daksas-pacelaji\/\"><strong>Skat\u012bt detaliz\u0113tu inform\u0101ciju<\/strong><\/a><\/p>\n<\/div>\n<\/div><\/div><\/div><div id=\"pgc-2614-2-1\"  class=\"panel-grid-cell\" ><div id=\"panel-2614-2-1-0\" class=\"so-panel widget widget_sow-editor panel-first-child panel-last-child\" data-index=\"3\" ><div\n\t\t\t\n\t\t\tclass=\"so-widget-sow-editor so-widget-sow-editor-base\"\n\t\t\t\n\t\t><h3 class=\"widget-title\">Konteineru pac\u0113l\u0101ji<\/h3>\n<div class=\"siteorigin-widget-tinymce textwidget\">\n\t<p><a href=\"http:\/\/truckmaint.ee\/lv\/produkti\/konteineru-pacelaji\/\"><img loading=\"lazy\" decoding=\"async\" src=\"http:\/\/truckmaint.ee\/wp-content\/uploads\/2016\/04\/konteinertostukid-300x200.jpg\" alt=\"48039.jpg\" width=\"300\" height=\"200\" class=\"size-medium wp-image-2357\" srcset=\"https:\/\/truckmaint.ee\/wp-content\/uploads\/2016\/04\/konteinertostukid.jpg 300w, https:\/\/truckmaint.ee\/wp-content\/uploads\/2016\/04\/konteinertostukid-272x182.jpg 272w\" sizes=\"auto, (max-width: 300px) 100vw, 300px\" \/><\/a><\/p>\n<p style=\"text-align: center;\"><a class=\"service-btn\" href=\"http:\/\/truckmaint.ee\/lv\/produkti\/konteineru-pacelaji\/\"><strong>Skat\u012bt detaliz\u0113tu inform\u0101ciju<\/strong><\/a><\/p>\n<\/div>\n<\/div><\/div><\/div><div id=\"pgc-2614-2-2\"  class=\"panel-grid-cell\" ><div id=\"panel-2614-2-2-0\" class=\"so-panel widget widget_sow-editor panel-first-child panel-last-child\" data-index=\"4\" ><div\n\t\t\t\n\t\t\tclass=\"so-widget-sow-editor so-widget-sow-editor-base\"\n\t\t\t\n\t\t><h3 class=\"widget-title\">Termin\u0101la traktori<\/h3>\n<div class=\"siteorigin-widget-tinymce textwidget\">\n\t<p><a href=\"http:\/\/truckmaint.ee\/lv\/produkti\/terminala-traktori\/\"><img loading=\"lazy\" decoding=\"async\" width=\"300\" height=\"200\" src=\"http:\/\/truckmaint.ee\/wp-content\/uploads\/2016\/04\/terminaltraktor-300x200.jpg\" alt=\"\" class=\"alignnone size-medium wp-image-2351\" srcset=\"https:\/\/truckmaint.ee\/wp-content\/uploads\/2016\/04\/terminaltraktor.jpg 300w, https:\/\/truckmaint.ee\/wp-content\/uploads\/2016\/04\/terminaltraktor-272x182.jpg 272w\" sizes=\"auto, (max-width: 300px) 100vw, 300px\" \/><\/a><\/p>\n<p style=\"text-align: center;\"><a class=\"service-btn\" href=\"http:\/\/truckmaint.ee\/lv\/produkti\/terminala-traktori\/\"><strong>Skat\u012bt detaliz\u0113tu inform\u0101ciju<\/strong><\/a><\/p>\n<\/div>\n<\/div><\/div><\/div><\/div><div id=\"pg-2614-3\"  class=\"panel-grid panel-no-style\" ><div id=\"pgc-2614-3-0\"  class=\"panel-grid-cell\" ><div id=\"panel-2614-3-0-0\" class=\"so-panel widget widget_sow-editor panel-first-child panel-last-child\" data-index=\"5\" ><div\n\t\t\t\n\t\t\tclass=\"so-widget-sow-editor so-widget-sow-editor-base\"\n\t\t\t\n\t\t><h3 class=\"widget-title\">Front\u0101lie iekr\u0101v\u0113ji<\/h3>\n<div class=\"siteorigin-widget-tinymce textwidget\">\n\t<p><a href=\"http:\/\/truckmaint.ee\/lv\/produkti\/frontalie-iekraveji\/\"><img loading=\"lazy\" decoding=\"async\" src=\"http:\/\/truckmaint.ee\/wp-content\/uploads\/2016\/04\/frontaallaadurid-300x200.jpg\" alt=\"frontaallaadurid\" width=\"300\" height=\"200\" class=\"alignnone size-medium wp-image-2353\" srcset=\"https:\/\/truckmaint.ee\/wp-content\/uploads\/2016\/04\/frontaallaadurid.jpg 300w, https:\/\/truckmaint.ee\/wp-content\/uploads\/2016\/04\/frontaallaadurid-272x182.jpg 272w\" sizes=\"auto, (max-width: 300px) 100vw, 300px\" \/><\/a><\/p>\n<p style=\"text-align: center;\"><a class=\"service-btn\" href=\"http:\/\/truckmaint.ee\/lv\/produkti\/frontalie-iekraveji\/\"><strong>Skat\u012bt detaliz\u0113tu inform\u0101ciju<\/strong><\/a><\/p>\n<\/div>\n<\/div><\/div><\/div><div id=\"pgc-2614-3-1\"  class=\"panel-grid-cell\" ><div id=\"panel-2614-3-1-0\" class=\"so-panel widget widget_sow-editor panel-first-child panel-last-child\" data-index=\"6\" ><div\n\t\t\t\n\t\t\tclass=\"so-widget-sow-editor so-widget-sow-editor-base\"\n\t\t\t\n\t\t><h3 class=\"widget-title\">Papildapr\u012bkojums<\/h3>\n<div class=\"siteorigin-widget-tinymce textwidget\">\n\t<p><a href=\"http:\/\/truckmaint.ee\/lv\/produkti\/papildaprikojums\/\"><img loading=\"lazy\" decoding=\"async\" src=\"http:\/\/truckmaint.ee\/wp-content\/uploads\/2016\/04\/lisaseadmed-300x200.jpg\" alt=\"lisaseadmed\" width=\"300\" height=\"200\" class=\"alignnone size-medium wp-image-2480\" srcset=\"https:\/\/truckmaint.ee\/wp-content\/uploads\/2016\/04\/lisaseadmed.jpg 300w, https:\/\/truckmaint.ee\/wp-content\/uploads\/2016\/04\/lisaseadmed-272x182.jpg 272w\" sizes=\"auto, (max-width: 300px) 100vw, 300px\" \/><\/a><\/p>\n<p style=\"text-align: center;\"><a class=\"service-btn\" href=\"http:\/\/truckmaint.ee\/lv\/produkti\/papildaprikojums\/\"><strong>Skat\u012bt detaliz\u0113tu inform\u0101ciju<\/strong><\/a><\/p>\n<\/div>\n<\/div><\/div><\/div><div id=\"pgc-2614-3-2\"  class=\"panel-grid-cell\" ><div id=\"panel-2614-3-2-0\" class=\"so-panel widget widget_sow-editor panel-first-child panel-last-child\" data-index=\"7\" ><div\n\t\t\t\n\t\t\tclass=\"so-widget-sow-editor so-widget-sow-editor-base\"\n\t\t\t\n\t\t><h3 class=\"widget-title\">Rezerves da\u013cas<\/h3>\n<div class=\"siteorigin-widget-tinymce textwidget\">\n\t<p><a href=\"http:\/\/truckmaint.ee\/lv\/produkti\/rezerves-dalas\/\"><img loading=\"lazy\" decoding=\"async\" src=\"http:\/\/truckmaint.ee\/wp-content\/uploads\/2016\/04\/varuosad1-300x200.jpg\" alt=\"varuosad1\" width=\"300\" height=\"200\" class=\"alignnone size-medium wp-image-2482\" srcset=\"https:\/\/truckmaint.ee\/wp-content\/uploads\/2016\/04\/varuosad1.jpg 300w, https:\/\/truckmaint.ee\/wp-content\/uploads\/2016\/04\/varuosad1-272x182.jpg 272w\" sizes=\"auto, (max-width: 300px) 100vw, 300px\" \/><\/a><\/p>\n<p style=\"text-align: center;\"><a class=\"service-btn\" href=\"http:\/\/truckmaint.ee\/lv\/produkti\/rezerves-dalas\/\"><strong>Skat\u012bt detaliz\u0113tu inform\u0101ciju<\/strong><\/a><\/p>\n<\/div>\n<\/div><\/div><\/div><\/div><div id=\"pg-2614-4\"  class=\"panel-grid panel-has-style\" ><div class=\"siteorigin-panels-stretch panel-row-style panel-row-style-for-2614-4\" id=\"teenused\" data-stretch-type=\"full\" ><div id=\"pgc-2614-4-0\"  class=\"panel-grid-cell\" ><div id=\"panel-2614-4-0-0\" class=\"so-panel widget widget_title-widget panel-first-child panel-last-child\" data-index=\"8\" ><div\n\t\t\t\n\t\t\tclass=\"so-widget-title-widget so-widget-title-widget-base\"\n\t\t\t\n\t\t>\r\n<div class=\"the-title text-center dark\">\r\n    <h3>M\u016aSU PAKALPOJUMI<\/h3>\r\n<\/div><\/div><\/div><\/div><\/div><\/div><div id=\"pg-2614-5\"  class=\"panel-grid panel-no-style\" ><div id=\"pgc-2614-5-0\"  class=\"panel-grid-cell\" ><div id=\"panel-2614-5-0-0\" class=\"so-panel widget widget_sow-editor panel-first-child panel-last-child\" data-index=\"9\" ><div\n\t\t\t\n\t\t\tclass=\"so-widget-sow-editor so-widget-sow-editor-base\"\n\t\t\t\n\t\t><h3 class=\"widget-title\">NOMA<\/h3>\n<div class=\"siteorigin-widget-tinymce textwidget\">\n\t<p><a href=\"http:\/\/truckmaint.ee\/lv\/pakalpojumi\/noma\/\"><img loading=\"lazy\" decoding=\"async\" src=\"http:\/\/truckmaint.ee\/wp-content\/uploads\/2016\/04\/renditeenus-300x200.jpg\" alt=\"renditeenus\" width=\"300\" height=\"200\" class=\"alignnone size-medium wp-image-2369\" srcset=\"https:\/\/truckmaint.ee\/wp-content\/uploads\/2016\/04\/renditeenus.jpg 300w, https:\/\/truckmaint.ee\/wp-content\/uploads\/2016\/04\/renditeenus-272x182.jpg 272w\" sizes=\"auto, (max-width: 300px) 100vw, 300px\" \/><\/a><\/p>\n<p style=\"text-align: center;\"><a class=\"service-btn\" href=\"http:\/\/truckmaint.ee\/lv\/pakalpojumi\/noma\/\"><strong>SKAT\u012aT DETALIZ\u0112TU INFORM\u0100CIJU<\/strong><\/a><\/p>\n<\/div>\n<\/div><\/div><\/div><div id=\"pgc-2614-5-1\"  class=\"panel-grid-cell\" ><div id=\"panel-2614-5-1-0\" class=\"so-panel widget widget_sow-editor panel-first-child panel-last-child\" data-index=\"10\" ><div\n\t\t\t\n\t\t\tclass=\"so-widget-sow-editor so-widget-sow-editor-base\"\n\t\t\t\n\t\t><h3 class=\"widget-title\">REMONTS<\/h3>\n<div class=\"siteorigin-widget-tinymce textwidget\">\n\t<p><a href=\"http:\/\/truckmaint.ee\/lv\/pakalpojumi\/remonts\/\"><img loading=\"lazy\" decoding=\"async\" src=\"http:\/\/truckmaint.ee\/wp-content\/uploads\/2016\/04\/remonditeenus-300x200.jpg\" alt=\"remonditeenus\" width=\"300\" height=\"200\" class=\"alignnone size-medium wp-image-2359\" srcset=\"https:\/\/truckmaint.ee\/wp-content\/uploads\/2016\/04\/remonditeenus.jpg 300w, https:\/\/truckmaint.ee\/wp-content\/uploads\/2016\/04\/remonditeenus-272x182.jpg 272w\" sizes=\"auto, (max-width: 300px) 100vw, 300px\" \/><\/a><\/p>\n<p style=\"text-align: center;\"><a class=\"service-btn\" href=\"http:\/\/truckmaint.ee\/lv\/pakalpojumi\/remonts\/\"><strong>SKAT\u012aT DETALIZ\u0112TU INFORM\u0100CIJU<\/strong><\/a><\/p>\n<\/div>\n<\/div><\/div><\/div><div id=\"pgc-2614-5-2\"  class=\"panel-grid-cell\" ><div id=\"panel-2614-5-2-0\" class=\"so-panel widget widget_sow-editor panel-first-child panel-last-child\" data-index=\"11\" ><div\n\t\t\t\n\t\t\tclass=\"so-widget-sow-editor so-widget-sow-editor-base\"\n\t\t\t\n\t\t><h3 class=\"widget-title\">URBUMU ATJAUNO\u0160ANA<\/h3>\n<div class=\"siteorigin-widget-tinymce textwidget\">\n\t<p><a href=\"http:\/\/truckmaint.ee\/lv\/pakalpojumi\/urbumu-atjaunosana\/\"><img loading=\"lazy\" decoding=\"async\" src=\"http:\/\/truckmaint.ee\/wp-content\/uploads\/2016\/04\/DSC_0228-300x200.jpg\" alt=\"DSC_0228\" width=\"300\" height=\"200\" class=\"alignnone size-medium wp-image-2592\" srcset=\"https:\/\/truckmaint.ee\/wp-content\/uploads\/2016\/04\/DSC_0228.jpg 300w, https:\/\/truckmaint.ee\/wp-content\/uploads\/2016\/04\/DSC_0228-272x182.jpg 272w\" sizes=\"auto, (max-width: 300px) 100vw, 300px\" \/><\/a><\/p>\n<p style=\"text-align: center;\"><a class=\"service-btn\" href=\"http:\/\/truckmaint.ee\/lv\/pakalpojumi\/urbumu-atjaunosana\/\"><strong>SKAT\u012aT DETALIZ\u0112TU INFORM\u0100CIJU<\/strong><\/a><\/p>\n<\/div>\n<\/div><\/div><\/div><\/div><div id=\"pg-2614-6\"  class=\"panel-grid panel-no-style\" ><div id=\"pgc-2614-6-0\"  class=\"panel-grid-cell\" ><div id=\"panel-2614-6-0-0\" class=\"so-panel widget widget_sow-editor panel-first-child panel-last-child\" data-index=\"12\" ><div\n\t\t\t\n\t\t\tclass=\"so-widget-sow-editor so-widget-sow-editor-base\"\n\t\t\t\n\t\t><h3 class=\"widget-title\">Tehnisk\u0101 apkope<\/h3>\n<div class=\"siteorigin-widget-tinymce textwidget\">\n\t<p><a href=\"http:\/\/truckmaint.ee\/lv\/pakalpojumi\/tehniska-apkope\/\"><img loading=\"lazy\" decoding=\"async\" src=\"http:\/\/truckmaint.ee\/wp-content\/uploads\/2016\/04\/Service-net-1-300x200.gif\" alt=\"Service-net\" width=\"300\" height=\"200\" class=\"alignnone size-medium wp-image-2594\" srcset=\"https:\/\/truckmaint.ee\/wp-content\/uploads\/2016\/04\/Service-net-1-300x200.gif 300w, https:\/\/truckmaint.ee\/wp-content\/uploads\/2016\/04\/Service-net-1-272x182.gif 272w\" sizes=\"auto, (max-width: 300px) 100vw, 300px\" \/><\/a><\/p>\n<p style=\"text-align: center;\"><a class=\"service-btn\" href=\"http:\/\/truckmaint.ee\/lv\/pakalpojumi\/tehniska-apkope\/\"><strong>SKAT\u012aT DETALIZ\u0112TU INFORM\u0100CIJU<\/strong><\/a><\/p>\n<\/div>\n<\/div><\/div><\/div><div id=\"pgc-2614-6-1\"  class=\"panel-grid-cell\" ><div id=\"panel-2614-6-1-0\" class=\"so-panel widget widget_sow-editor panel-first-child panel-last-child\" data-index=\"13\" ><div\n\t\t\t\n\t\t\tclass=\"so-widget-sow-editor so-widget-sow-editor-base\"\n\t\t\t\n\t\t><h3 class=\"widget-title\">Iekr\u0101v\u0113ja dak\u0161u p\u0101rbaude<\/h3>\n<div class=\"siteorigin-widget-tinymce textwidget\">\n\t<p><a href=\"http:\/\/truckmaint.ee\/lv\/pakalpojumi\/iekraveja-daksu-parbaude\/\"><img loading=\"lazy\" decoding=\"async\" src=\"http:\/\/truckmaint.ee\/wp-content\/uploads\/2016\/04\/kahvlitekontroll-300x200.jpg\" alt=\"kahvlitekontroll\" width=\"300\" height=\"200\" class=\"alignnone size-medium wp-image-2363\" srcset=\"https:\/\/truckmaint.ee\/wp-content\/uploads\/2016\/04\/kahvlitekontroll.jpg 300w, https:\/\/truckmaint.ee\/wp-content\/uploads\/2016\/04\/kahvlitekontroll-272x182.jpg 272w\" sizes=\"auto, (max-width: 300px) 100vw, 300px\" \/><\/a><\/p>\n<p style=\"text-align: center;\"><a class=\"service-btn\" href=\"http:\/\/truckmaint.ee\/lv\/pakalpojumi\/iekraveja-daksu-parbaude\/\/\"><strong>SKAT\u012aT DETALIZ\u0112TU INFORM\u0100CIJU<\/strong><\/a><\/p>\n<\/div>\n<\/div><\/div><\/div><div id=\"pgc-2614-6-2\"  class=\"panel-grid-cell\" ><div id=\"panel-2614-6-2-0\" class=\"so-panel widget widget_sow-editor panel-first-child panel-last-child\" data-index=\"14\" ><div\n\t\t\t\n\t\t\tclass=\"so-widget-sow-editor so-widget-sow-editor-base\"\n\t\t\t\n\t\t><h3 class=\"widget-title\">Konsult\u0101cijas<\/h3>\n<div class=\"siteorigin-widget-tinymce textwidget\">\n\t<p><a href=\"http:\/\/truckmaint.ee\/lv\/pakalpojumi\/konsultacijas\/\"><img loading=\"lazy\" decoding=\"async\" src=\"http:\/\/truckmaint.ee\/wp-content\/uploads\/2016\/04\/konsultatsioon-300x200.jpg\" alt=\"konsultatsioon\" width=\"300\" height=\"200\" class=\"alignnone size-medium wp-image-2367\" srcset=\"https:\/\/truckmaint.ee\/wp-content\/uploads\/2016\/04\/konsultatsioon.jpg 300w, https:\/\/truckmaint.ee\/wp-content\/uploads\/2016\/04\/konsultatsioon-272x182.jpg 272w\" sizes=\"auto, (max-width: 300px) 100vw, 300px\" \/><\/a><\/p>\n<p style=\"text-align: center;\"><a class=\"service-btn\" href=\"http:\/\/truckmaint.ee\/lv\/pakalpojumi\/konsultacijas\/\"><strong>SKAT\u012aT DETALIZ\u0112TU INFORM\u0100CIJU<\/strong><\/a><\/p>\n<\/div>\n<\/div><\/div><\/div><\/div><div id=\"pg-2614-7\"  class=\"panel-grid panel-has-style\" ><div class=\"parallax hidden siteorigin-panels-stretch panel-row-style panel-row-style-for-2614-7\" data-stretch-type=\"full\" ><div id=\"pgc-2614-7-0\"  class=\"panel-grid-cell\" ><div id=\"panel-2614-7-0-0\" class=\"so-panel widget widget_title-widget panel-first-child\" data-index=\"15\" ><div\n\t\t\t\n\t\t\tclass=\"so-widget-title-widget so-widget-title-widget-base\"\n\t\t\t\n\t\t>\r\n<div class=\"the-title text-center light\">\r\n    <h3>KLIENTIDE TAGASISIDE<\/h3>\r\n<\/div><\/div><\/div><div id=\"panel-2614-7-0-1\" class=\"so-panel widget widget_testimonial-widget panel-last-child\" data-index=\"16\" ><div\n\t\t\t\n\t\t\tclass=\"so-widget-testimonial-widget so-widget-testimonial-widget-base\"\n\t\t\t\n\t\t>\r\n<div class=\"testimonial-block clearfix\">\r\n\t<div class=\"testimonial-aja-lagi\">\r\n\t\t\r\n\r\n\r\n\t\t\r\n\t\t\t<div class=\"item\">\r\n\t\t\t\t\t\t\t\t\t<figure class=\"ava\">\r\n\t\t\t\t\t\t<img loading=\"lazy\" decoding=\"async\" width=\"90\" height=\"90\" src=\"https:\/\/truckmaint.ee\/wp-content\/uploads\/2015\/05\/wong-05.png\" class=\"attachment-post-thumbnail size-post-thumbnail wp-post-image\" alt=\"\" \/>\t\t\t\t\t<\/figure>\r\n\t\t\t\t\t\t\t\t<div class=\"context\">\r\n\t\t\t\t\t<p class=\"who\">Anne Kurnia,\r\n\t\t\t\t\t\t\t\t\t\t\t<small>Professional Writer<\/small>\r\n\t\t\t\t\t\t\t\t\t\t<\/p>\r\n\t\t\t\t\t<blockquote><p>Claritas est etiam processus dynamicus, qui sequitur mutationem consuetudium lectorum. Mirum est notare quam littera gothica, quam nunc putamus parum claram, anteposuerit litterarum formas humanitatis per seacula quarta decima et quinta.<\/p>\n<input class=\"fooboxshare_post_id\" type=\"hidden\" value=\"1711\"\/><\/blockquote>\r\n\t\t\t\t<\/div><!-- end context -->\r\n\t\t\t<\/div>\r\n\r\n\t\t\r\n\t\t\t<div class=\"item\">\r\n\t\t\t\t\t\t\t\t\t<figure class=\"ava\">\r\n\t\t\t\t\t\t<img loading=\"lazy\" decoding=\"async\" width=\"90\" height=\"90\" src=\"https:\/\/truckmaint.ee\/wp-content\/uploads\/2015\/05\/wong-06.png\" class=\"attachment-post-thumbnail size-post-thumbnail wp-post-image\" alt=\"\" \/>\t\t\t\t\t<\/figure>\r\n\t\t\t\t\t\t\t\t<div class=\"context\">\r\n\t\t\t\t\t<p class=\"who\">Hendra Susanto,\r\n\t\t\t\t\t\t\t\t\t\t\t<small>Senior Developer<\/small>\r\n\t\t\t\t\t\t\t\t\t\t<\/p>\r\n\t\t\t\t\t<blockquote><p>Claritas est etiam processus dynamicus, qui sequitur mutationem consuetudium lectorum. Mirum est notare quam littera gothica, quam nunc putamus parum claram, anteposuerit litterarum formas humanitatis per seacula quarta decima et quinta.<\/p>\n<input class=\"fooboxshare_post_id\" type=\"hidden\" value=\"1712\"\/><\/blockquote>\r\n\t\t\t\t<\/div><!-- end context -->\r\n\t\t\t<\/div>\r\n\r\n\t\t\r\n\t\t\t<div class=\"item\">\r\n\t\t\t\t\t\t\t\t\t<figure class=\"ava\">\r\n\t\t\t\t\t\t<img loading=\"lazy\" decoding=\"async\" width=\"90\" height=\"90\" src=\"https:\/\/truckmaint.ee\/wp-content\/uploads\/2015\/05\/wong-03.png\" class=\"attachment-post-thumbnail size-post-thumbnail wp-post-image\" alt=\"\" \/>\t\t\t\t\t<\/figure>\r\n\t\t\t\t\t\t\t\t<div class=\"context\">\r\n\t\t\t\t\t<p class=\"who\">Joko Kuntoro,\r\n\t\t\t\t\t\t\t\t\t\t\t<small>Engineer<\/small>\r\n\t\t\t\t\t\t\t\t\t\t<\/p>\r\n\t\t\t\t\t<blockquote><p>Claritas est etiam processus dynamicus, qui sequitur mutationem consuetudium lectorum. Mirum est notare quam littera gothica, quam nunc putamus parum claram, anteposuerit litterarum formas humanitatis per seacula quarta decima et quinta.<\/p>\n<input class=\"fooboxshare_post_id\" type=\"hidden\" value=\"1707\"\/><\/blockquote>\r\n\t\t\t\t<\/div><!-- end context -->\r\n\t\t\t<\/div>\r\n\r\n\t\t\r\n\t\t\t<div class=\"item\">\r\n\t\t\t\t\t\t\t\t\t<figure class=\"ava\">\r\n\t\t\t\t\t\t<img loading=\"lazy\" decoding=\"async\" width=\"90\" height=\"90\" src=\"https:\/\/truckmaint.ee\/wp-content\/uploads\/2015\/05\/wong-04.png\" class=\"attachment-post-thumbnail size-post-thumbnail wp-post-image\" alt=\"\" \/>\t\t\t\t\t<\/figure>\r\n\t\t\t\t\t\t\t\t<div class=\"context\">\r\n\t\t\t\t\t<p class=\"who\">Nina Boboba,\r\n\t\t\t\t\t\t\t\t\t\t\t<small>Blogger<\/small>\r\n\t\t\t\t\t\t\t\t\t\t<\/p>\r\n\t\t\t\t\t<blockquote><p>Claritas est etiam processus dynamicus, qui sequitur mutationem consuetudium lectorum. Mirum est notare quam littera gothica, quam nunc putamus parum claram, anteposuerit litterarum formas humanitatis per seacula quarta decima et quinta.<\/p>\n<input class=\"fooboxshare_post_id\" type=\"hidden\" value=\"1708\"\/><\/blockquote>\r\n\t\t\t\t<\/div><!-- end context -->\r\n\t\t\t<\/div>\r\n\r\n\t\t\r\n\r\n\t\t\r\n\t<\/div><!-- end carousel -->\r\n<\/div>\r\n\r\n<script type=\"text\/javascript\">\r\njQuery(document).ready(function() {\r\n\r\n     jQuery(\".testimonial-aja-lagi\").owlCarousel({\r\n        items: 2,\r\n        pagination: true,\r\n        autoPlay: true,\r\n        itemsDesktop : [1024,2],\r\n        itemsDesktopSmall : [992,2],\r\n        itemsTablet: [768,1],\r\n        itemsMobile : [480,1],\r\n     });\r\n});\r\n<\/script><\/div><\/div><\/div><\/div><\/div><\/div><input class=\"fooboxshare_post_id\" type=\"hidden\" value=\"2614\"\/>","protected":false},"excerpt":{"rendered":"<p>MATERI\u0100LU APSTR\u0100DES IEK\u0100RTAS UN AKSESU\u0100RI Front\u0101lie iekr\u0101v\u0113ji, pac\u0113l\u0101ji, konteineru manipulatori.Pieejami gan lietoti un jauni. PRODUKTI SKATS SM\u0101GAS TEHNIKAS PAKALPOJUMI Noma, apkope, remonts, diagnostika un konsult\u0101cijas \/ apm\u0101c\u012bbas pakalpojum. PAKALPOJUMU SKATS KONTAKTI Riga Centra Iela 2, Pinki LV 2107 Tel: +371&#8230;<\/p>\n","protected":false},"author":1,"featured_media":0,"parent":0,"menu_order":0,"comment_status":"closed","ping_status":"closed","template":"home.php","meta":{"_acf_changed":false,"footnotes":""},"class_list":["post-2614","page","type-page","status-publish","hentry"],"acf":[],"_links":{"self":[{"href":"https:\/\/truckmaint.ee\/lv\/wp-json\/wp\/v2\/pages\/2614","targetHints":{"allow":["GET"]}}],"collection":[{"href":"https:\/\/truckmaint.ee\/lv\/wp-json\/wp\/v2\/pages"}],"about":[{"href":"https:\/\/truckmaint.ee\/lv\/wp-json\/wp\/v2\/types\/page"}],"author":[{"embeddable":true,"href":"https:\/\/truckmaint.ee\/lv\/wp-json\/wp\/v2\/users\/1"}],"replies":[{"embeddable":true,"href":"https:\/\/truckmaint.ee\/lv\/wp-json\/wp\/v2\/comments?post=2614"}],"version-history":[{"count":3,"href":"https:\/\/truckmaint.ee\/lv\/wp-json\/wp\/v2\/pages\/2614\/revisions"}],"predecessor-version":[{"id":4518,"href":"https:\/\/truckmaint.ee\/lv\/wp-json\/wp\/v2\/pages\/2614\/revisions\/4518"}],"wp:attachment":[{"href":"https:\/\/truckmaint.ee\/lv\/wp-json\/wp\/v2\/media?parent=2614"}],"curies":[{"name":"wp","href":"https:\/\/api.w.org\/{rel}","templated":true}]}}