{"id":3729,"date":"2016-04-25T20:24:53","date_gmt":"2016-04-25T17:24:53","guid":{"rendered":"http:\/\/truckmaint.ee\/avaleht\/"},"modified":"2024-12-19T09:18:38","modified_gmt":"2024-12-19T07:18:38","slug":"avaleht","status":"publish","type":"page","link":"https:\/\/truckmaint.ee\/lt\/","title":{"rendered":"PAGRINDINIS PUSLAPIS"},"content":{"rendered":"<div id=\"pl-3729\"  class=\"panel-layout\" ><div id=\"pg-3729-0\"  class=\"panel-grid panel-has-style\" ><div class=\"siteorigin-panels-stretch panel-row-style panel-row-style-for-3729-0\" data-stretch-type=\"full-width-stretch\" ><div id=\"pgc-3729-0-0\"  class=\"panel-grid-cell\" ><div id=\"panel-3729-0-0-0\" class=\"so-panel widget widget_slider-widget panel-first-child panel-last-child\" data-index=\"0\" ><div\n\t\t\t\n\t\t\tclass=\"so-widget-slider-widget so-widget-slider-widget-base\"\n\t\t\t\n\t\t>\n<div class=\"featured-slider\">\n\t<div class=\"flexslider\">\n\t\t<ul class=\"slides\">\n            \n                    \n\t\t\t<li style=\"background-image: url('https:\/\/truckmaint.ee\/wp-content\/uploads\/2016\/04\/palgilaadur-1.jpg')\">\n\t\t\t\t<div class=\"flex-caption text-right\">\n\t\t\t\t\t<h2 class=\"animated fadeInRight\">RAST\u0172 KROVIMAS<\/h2>\n\t\t\t\t\t<p class=\"animated fadeInLeft\"><em>Pasirinkite i\u0161 12, 17 ir 32 t galios r\u0105st\u0173 griebtuv\u0173. Galimyb\u0117 sukrauti r\u0105stus \u012f rietuves iki 9 m. <\/em><\/p>\n\t\t\t\t\t<a href=\"http:\/\/truckmaint.ee\/palgilaadur\/\" class=\"btn btn-md btn-line animated fadeInUp\">\u017dR. DAUGIAU<\/a>\n\t\t\t\t<\/div>\n\t\t\t<\/li>\n\n                    \n\t\t\t<li style=\"background-image: url('https:\/\/truckmaint.ee\/wp-content\/uploads\/2016\/04\/slide-2.jpg')\">\n\t\t\t\t<div class=\"flex-caption text-right\">\n\t\t\t\t\t<h2 class=\"animated fadeInRight\">KROVIMO \u012eRANGA IR JOS DALYS<\/h2>\n\t\t\t\t\t<p class=\"animated fadeInLeft\"><em>Frontaliniai krautuvai, \u0161akiniai krautuvai, konteineri\u0173 krautuvai.<br \/> Nauja ir naudota \u012franga.<\/em><\/p>\n\t\t\t\t\t<a href=\"#tooted\" class=\"btn btn-md btn-line animated fadeInUp\">\u017dR. DAUGIAU<\/a>\n\t\t\t\t<\/div>\n\t\t\t<\/li>\n\n                    \n\t\t\t<li style=\"background-image: url('https:\/\/truckmaint.ee\/wp-content\/uploads\/2016\/04\/slide1.jpg')\">\n\t\t\t\t<div class=\"flex-caption text-right\">\n\t\t\t\t\t<h2 class=\"animated fadeInRight\">SU SUNKI\u0104JA \u012eRANGA SUSIJUSIOS PASLAUGOS<\/h2>\n\t\t\t\t\t<p class=\"animated fadeInLeft\"><em>Nuoma, technin\u0117 prie\u017ei\u016bra, remontas, diagnostika,<br \/>  konsultacijos ir mokymo paslaugos.<\/em><\/p>\n\t\t\t\t\t<a href=\"#teenused\" class=\"btn btn-md btn-line animated fadeInUp\">\u017dR. DAUGIAU<\/a>\n\t\t\t\t<\/div>\n\t\t\t<\/li>\n\n                    \n\t\t\t<li style=\"background-image: url('https:\/\/truckmaint.ee\/wp-content\/uploads\/2016\/04\/palgilaadur-1.jpg')\">\n\t\t\t\t<div class=\"flex-caption text-right\">\n\t\t\t\t\t<h2 class=\"animated fadeInRight\">RAST\u0172 KROVIMAS<\/h2>\n\t\t\t\t\t<p class=\"animated fadeInLeft\"><em>Pasirinkite i\u0161 12, 17 ir 32 t galios r\u0105st\u0173 griebtuv\u0173. Galimyb\u0117 sukrauti r\u0105stus \u012f rietuves iki 9 m. <\/em><\/p>\n\t\t\t\t\t<a href=\"http:\/\/truckmaint.ee\/palgilaadur\/\" class=\"btn btn-md btn-line animated fadeInUp\">\u017dR. DAUGIAU<\/a>\n\t\t\t\t<\/div>\n\t\t\t<\/li>\n\n            \n\t\t<\/ul>\n\t<\/div><!-- end flexslider -->\n\n\t\t<div class=\"blue-box\" style=\"background: #07a0dc; opacity:0.9;\">\n\t\n\t\t\t\t\n\t\t<div class=\"row-box\">\n\t\t\t<div class=\"title-box\">\n\t\t\t\t<h3><span class=\"sow-icon-fontawesome sow-fas\" data-sow-icon=\"&#xf041;\"\n\t\t \n\t\taria-hidden=\"true\"><\/span> Vietos<\/h3>\n\t\t\t<\/div>\n\t\t\t<div class=\"content-box\">\n\t\t\t\t<h3><strong>Truckmaint UAB<\/strong><\/h3>\n<p>\u0160ilut\u0117s pl.21 Klaip\u0117da LT91107<\/p>\n<p>Telefon: +37068585084<\/p>\n<p>E-mail: info@truckmaint.lt<\/p>\n<a href=\"http:\/\/truckmaint.ee\/lt\/kontaktine-informacija\/\" class=\"btn btn-sm btn-white\">\u017di\u016br\u0117ti \u017eem\u0117lapyje<\/a>\n\n\t\t\t<\/div><!-- end content-box -->\n\t\t<\/div><!-- end row-box -->\n\n\t\t\n\t<\/div><!-- end blue-box -->\n\t\n<\/div><!-- end featured-slider --><\/div><\/div><\/div><\/div><\/div><\/div><input class=\"fooboxshare_post_id\" type=\"hidden\" value=\"3729\"\/>","protected":false},"excerpt":{"rendered":"<p>RAST\u0172 KROVIMAS Pasirinkite i\u0161 12, 17 ir 32 t galios r\u0105st\u0173 griebtuv\u0173. Galimyb\u0117 sukrauti r\u0105stus \u012f rietuves iki 9 m. \u017dR. DAUGIAU KROVIMO \u012eRANGA IR JOS DALYS Frontaliniai krautuvai, \u0161akiniai krautuvai, konteineri\u0173 krautuvai. Nauja ir naudota \u012franga. \u017dR. DAUGIAU SU&#8230;<\/p>\n","protected":false},"author":1,"featured_media":0,"parent":0,"menu_order":0,"comment_status":"closed","ping_status":"closed","template":"home.php","meta":{"_acf_changed":false,"footnotes":""},"class_list":["post-3729","page","type-page","status-publish","hentry"],"acf":[],"_links":{"self":[{"href":"https:\/\/truckmaint.ee\/lt\/wp-json\/wp\/v2\/pages\/3729","targetHints":{"allow":["GET"]}}],"collection":[{"href":"https:\/\/truckmaint.ee\/lt\/wp-json\/wp\/v2\/pages"}],"about":[{"href":"https:\/\/truckmaint.ee\/lt\/wp-json\/wp\/v2\/types\/page"}],"author":[{"embeddable":true,"href":"https:\/\/truckmaint.ee\/lt\/wp-json\/wp\/v2\/users\/1"}],"replies":[{"embeddable":true,"href":"https:\/\/truckmaint.ee\/lt\/wp-json\/wp\/v2\/comments?post=3729"}],"version-history":[{"count":3,"href":"https:\/\/truckmaint.ee\/lt\/wp-json\/wp\/v2\/pages\/3729\/revisions"}],"predecessor-version":[{"id":4519,"href":"https:\/\/truckmaint.ee\/lt\/wp-json\/wp\/v2\/pages\/3729\/revisions\/4519"}],"wp:attachment":[{"href":"https:\/\/truckmaint.ee\/lt\/wp-json\/wp\/v2\/media?parent=3729"}],"curies":[{"name":"wp","href":"https:\/\/api.w.org\/{rel}","templated":true}]}}