{"id":3712,"date":"2016-04-25T20:26:07","date_gmt":"2016-04-25T17:26:07","guid":{"rendered":"http:\/\/truckmaint.ee\/rent\/"},"modified":"2017-04-18T14:53:34","modified_gmt":"2017-04-18T11:53:34","slug":"rent","status":"publish","type":"page","link":"https:\/\/truckmaint.ee\/lt\/paslaugos\/rent\/","title":{"rendered":"Rent"},"content":{"rendered":"<div class=\"wpb-content-wrapper\"><p>[vc_row][vc_column width=&#8221;3\/4&#8243;][vc_column_text]<\/p>\n<h2><strong>Meie rendime<\/strong><\/h2>\n<p>Kui masina omamine ei osutu m\u00f5istlikuks siis on v\u00f5imalik ka rentida. Rendi pakume v\u00e4lja hinnaga mis sisaldab nii hooldust kui v\u00f5imalikku remonti, v\u00e4lja arvatud juhul kui masinat pole kasutatud sihtotstarbeliselt.<\/p>\n<p>Rent jaguneb l\u00fchi ja pikaajaliseks. L\u00fchiajalise rendi pikkuseks on sobiva masina olemasolul kuni 12 kuud.\u00a0Pikaajalise rendi pikkuseks on 1 aasta kuni 5 aastat. Vajadusel rendime uue masina.<\/p>\n<p>Pakume soodsat ja paindlikku renditeenust, seet\u00f5ttu s\u00f5ltub rendi hind alati Teie tingimustest, keskkonnast ja materjalik\u00e4sitluse erip\u00e4rast. Tingimuste v\u00e4ljat\u00f6\u00f6tamisel l\u00e4htume oma pikaajalistest kogemustest.[\/vc_column_text][vc_separator css=&#8221;.vc_custom_1461671109624{margin-top: 30px !important;margin-bottom: 30px !important;}&#8221;][vc_column_text]<\/p>\n<div id=\"jig1\" class=\"justified-image-grid jig-2db6af72c80e6a70edcf2934075a92b6 jig-preset-global jig-source-wp-gallery jigFooBoxConnect\"><div class=\"jig-clearfix\"><\/div><noscript id=\"jig1-html\" class=\"justified-image-grid-html\" data-lazy-src=\"skiplazyload\" data-src=\"skipunveillazyload\"><ul><li><a href=\"https:\/\/truckmaint.ee\/wp-content\/uploads\/2016\/04\/DSC_0079-1-1024x576.jpg\"><img loading=\"lazy\" decoding=\"async\" src=\"https:\/\/truckmaint.ee\/wp-content\/plugins\/justified-image-grid\/timthumb.php?src=https%3A%2F%2Ftruckmaint.ee%2Fwp-content%2Fuploads%2F2016%2F04%2FDSC_0079-1-1024x576.jpg&amp;h=350&amp;q=90&amp;f=.jpg\" alt=\"\" width=\"622\" height=\"350\" \/><\/a><\/li><li><a href=\"https:\/\/truckmaint.ee\/wp-content\/uploads\/2016\/04\/DSC_0080-1-1024x576.jpg\"><img loading=\"lazy\" decoding=\"async\" src=\"https:\/\/truckmaint.ee\/wp-content\/plugins\/justified-image-grid\/timthumb.php?src=https%3A%2F%2Ftruckmaint.ee%2Fwp-content%2Fuploads%2F2016%2F04%2FDSC_0080-1-1024x576.jpg&amp;h=350&amp;q=90&amp;f=.jpg\" alt=\"\" width=\"622\" height=\"350\" \/><\/a><\/li><li><a href=\"https:\/\/truckmaint.ee\/wp-content\/uploads\/2016\/04\/DSC_0191-2-1024x576.jpg\"><img loading=\"lazy\" decoding=\"async\" src=\"https:\/\/truckmaint.ee\/wp-content\/plugins\/justified-image-grid\/timthumb.php?src=https%3A%2F%2Ftruckmaint.ee%2Fwp-content%2Fuploads%2F2016%2F04%2FDSC_0191-2-1024x576.jpg&amp;h=350&amp;q=90&amp;f=.jpg\" alt=\"\" width=\"622\" height=\"350\" \/><\/a><\/li><li><a href=\"https:\/\/truckmaint.ee\/wp-content\/uploads\/2016\/04\/DSC_0192-2-1024x576.jpg\"><img loading=\"lazy\" decoding=\"async\" src=\"https:\/\/truckmaint.ee\/wp-content\/plugins\/justified-image-grid\/timthumb.php?src=https%3A%2F%2Ftruckmaint.ee%2Fwp-content%2Fuploads%2F2016%2F04%2FDSC_0192-2-1024x576.jpg&amp;h=350&amp;q=90&amp;f=.jpg\" alt=\"\" width=\"622\" height=\"350\" \/><\/a><\/li><li><a href=\"https:\/\/truckmaint.ee\/wp-content\/uploads\/2016\/04\/DSC_0294-1-1024x576.jpg\"><img loading=\"lazy\" decoding=\"async\" src=\"https:\/\/truckmaint.ee\/wp-content\/plugins\/justified-image-grid\/timthumb.php?src=https%3A%2F%2Ftruckmaint.ee%2Fwp-content%2Fuploads%2F2016%2F04%2FDSC_0294-1-1024x576.jpg&amp;h=350&amp;q=90&amp;f=.jpg\" alt=\"\" width=\"622\" height=\"350\" \/><\/a><\/li><li><a href=\"https:\/\/truckmaint.ee\/wp-content\/uploads\/2016\/04\/9-18t-2-1024x636.jpg\"><img loading=\"lazy\" decoding=\"async\" src=\"https:\/\/truckmaint.ee\/wp-content\/plugins\/justified-image-grid\/timthumb.php?src=https%3A%2F%2Ftruckmaint.ee%2Fwp-content%2Fuploads%2F2016%2F04%2F9-18t-2-1024x636.jpg&amp;h=350&amp;q=90&amp;f=.jpg\" alt=\"\" width=\"563\" height=\"350\" \/><\/a><\/li><\/ul><\/noscript><\/div>\n<p>[\/vc_column_text][\/vc_column][vc_column width=&#8221;1\/4&#8243;][vc_wp_custommenu nav_menu=&#8221;72&#8243;][\/vc_column][\/vc_row][vc_row full_width=&#8221;stretch_row&#8221; css=&#8221;.vc_custom_1461668813999{padding-top: 30px !important;padding-bottom: 30px !important;background-color: #333333 !important;}&#8221; el_class=&#8221;contact-block&#8221;][vc_column][vc_column_text]<\/p>\n<p style=\"text-align: center;\"><strong><em>Meiega saad \u00fchendust kiirelt ka l\u00e4bi veebi. Leiame koos sobiva lahenduse.<\/em><\/strong><\/p>\n<p style=\"text-align: center;\"><strong><a href=\"http:\/\/truckmaint.ee\/lt\/kontakt\/\">K\u00dcSI T\u00c4PSEMALT <i class=\"fa fa-angle-double-right\"><\/i><\/a><\/strong><\/p>\n<p>[\/vc_column_text][\/vc_column][\/vc_row]<\/p>\n<\/div><input class=\"fooboxshare_post_id\" type=\"hidden\" value=\"3712\"\/>","protected":false},"excerpt":{"rendered":"<p>[vc_row][vc_column width=&#8221;3\/4&#8243;][vc_column_text] Meie rendime Kui masina omamine ei osutu m\u00f5istlikuks siis on v\u00f5imalik ka rentida. Rendi pakume v\u00e4lja hinnaga mis sisaldab nii hooldust kui v\u00f5imalikku remonti, v\u00e4lja arvatud juhul kui masinat pole kasutatud sihtotstarbeliselt. Rent jaguneb l\u00fchi ja pikaajaliseks. L\u00fchiajalise&#8230;<\/p>\n","protected":false},"author":1,"featured_media":3726,"parent":3727,"menu_order":0,"comment_status":"closed","ping_status":"closed","template":"","meta":{"_acf_changed":false,"footnotes":""},"class_list":["post-3712","page","type-page","status-publish","has-post-thumbnail","hentry"],"acf":[],"_links":{"self":[{"href":"https:\/\/truckmaint.ee\/lt\/wp-json\/wp\/v2\/pages\/3712","targetHints":{"allow":["GET"]}}],"collection":[{"href":"https:\/\/truckmaint.ee\/lt\/wp-json\/wp\/v2\/pages"}],"about":[{"href":"https:\/\/truckmaint.ee\/lt\/wp-json\/wp\/v2\/types\/page"}],"author":[{"embeddable":true,"href":"https:\/\/truckmaint.ee\/lt\/wp-json\/wp\/v2\/users\/1"}],"replies":[{"embeddable":true,"href":"https:\/\/truckmaint.ee\/lt\/wp-json\/wp\/v2\/comments?post=3712"}],"version-history":[{"count":1,"href":"https:\/\/truckmaint.ee\/lt\/wp-json\/wp\/v2\/pages\/3712\/revisions"}],"predecessor-version":[{"id":3899,"href":"https:\/\/truckmaint.ee\/lt\/wp-json\/wp\/v2\/pages\/3712\/revisions\/3899"}],"up":[{"embeddable":true,"href":"https:\/\/truckmaint.ee\/lt\/wp-json\/wp\/v2\/pages\/3727"}],"wp:featuredmedia":[{"embeddable":true,"href":"https:\/\/truckmaint.ee\/lt\/wp-json\/wp\/v2\/media\/3726"}],"wp:attachment":[{"href":"https:\/\/truckmaint.ee\/lt\/wp-json\/wp\/v2\/media?parent=3712"}],"curies":[{"name":"wp","href":"https:\/\/api.w.org\/{rel}","templated":true}]}}