{"id":3705,"date":"2016-04-25T21:17:26","date_gmt":"2016-04-25T18:17:26","guid":{"rendered":"http:\/\/truckmaint.ee\/hooldus\/"},"modified":"2017-04-18T14:53:56","modified_gmt":"2017-04-18T11:53:56","slug":"technine-prieziura","status":"publish","type":"page","link":"https:\/\/truckmaint.ee\/lt\/paslaugos\/technine-prieziura\/","title":{"rendered":"Technin\u0117 prie\u017ei\u016bra"},"content":{"rendered":"<div class=\"wpb-content-wrapper\"><p>[vc_row][vc_column width=&#8221;2\/3&#8243;][vc_column_text]<\/p>\n<h2><strong>Technin\u0117s prie\u017ei\u016bros paslaugos <\/strong><\/h2>\n<p>Bendradarbiaudami su gamintojais, si\u016blome \u0161akini\u0173 ir frontalini\u0173 krautuv\u0173 technin\u0117s prie\u017ei\u016bros paslaugas. Technin\u0117 prie\u017ei\u016bra skirstoma \u012f pradin\u0119, reguliari\u0105 ir sezonin\u0119 prie\u017ei\u016br\u0105. Paslaugas teikia kvalifikuoti mechanikai, kurie atvyksta pilnai \u012frengtu technin\u0117s prie\u017ei\u016bros autobusu. Technin\u0117s prie\u017ei\u016bros intervalai nustatomi pagal gamintojo instrukcijas.<\/p>\n<p><strong>Reguliari ir galimai \u012fprastin\u0117 technin\u0117 prie\u017ei\u016bra atliekama pagal grafik\u0105 ir padeda sutaupyti!<\/strong><\/p>\n<p>Avarin\u0117s technin\u0117s prie\u017ei\u016bros atveju taikomas greito reagavimo mokestis.<\/p>\n<div id=\"jig1\" class=\"justified-image-grid jig-87b9c4a5ba75bcbc732ec283651ca485 jig-preset-global jig-source-wp-gallery jigFooBoxConnect\"><div class=\"jig-clearfix\"><\/div><noscript id=\"jig1-html\" class=\"justified-image-grid-html\" data-lazy-src=\"skiplazyload\" data-src=\"skipunveillazyload\"><ul><li><a href=\"https:\/\/truckmaint.ee\/wp-content\/uploads\/2016\/04\/Service-net.gif\"><img loading=\"lazy\" decoding=\"async\" src=\"https:\/\/truckmaint.ee\/wp-content\/plugins\/justified-image-grid\/timthumb.php?src=https%3A%2F%2Ftruckmaint.ee%2Fwp-content%2Fuploads%2F2016%2F04%2FService-net.gif&amp;h=350&amp;q=90&amp;f=.gif\" alt=\"\" width=\"520\" height=\"350\" \/><\/a><\/li><li><a href=\"https:\/\/truckmaint.ee\/wp-content\/uploads\/2016\/04\/DSC_0114_1-1024x576.jpg\"><img loading=\"lazy\" decoding=\"async\" src=\"https:\/\/truckmaint.ee\/wp-content\/plugins\/justified-image-grid\/timthumb.php?src=https%3A%2F%2Ftruckmaint.ee%2Fwp-content%2Fuploads%2F2016%2F04%2FDSC_0114_1-1024x576.jpg&amp;h=350&amp;q=90&amp;f=.jpg\" alt=\"\" width=\"622\" height=\"350\" \/><\/a><\/li><li><a href=\"https:\/\/truckmaint.ee\/wp-content\/uploads\/2016\/04\/SegmentNet_Steel.jpg\" title=\"SegmentNet_Steel\"><img loading=\"lazy\" decoding=\"async\" src=\"https:\/\/truckmaint.ee\/wp-content\/plugins\/justified-image-grid\/timthumb.php?src=https%3A%2F%2Ftruckmaint.ee%2Fwp-content%2Fuploads%2F2016%2F04%2FSegmentNet_Steel.jpg&amp;h=350&amp;q=90&amp;f=.jpg\" alt=\"SegmentNet_Steel\" width=\"1227\" height=\"350\" \/><\/a><p class=\"jig-HTMLdescription\">SegmentNet_Steel<\/p><\/li><\/ul><\/noscript><\/div>\n<p>[\/vc_column_text][\/vc_column][vc_column width=&#8221;1\/3&#8243;][vc_wp_custommenu nav_menu=&#8221;72&#8243;][\/vc_column][\/vc_row][vc_row full_width=&#8221;stretch_row&#8221; css=&#8221;.vc_custom_1461668813999{padding-top: 30px !important;padding-bottom: 30px !important;background-color: #333333 !important;}&#8221; el_class=&#8221;contact-block&#8221;][vc_column][vc_column_text]<\/p>\n<p style=\"text-align: center;\"><strong><em>Kvie\u010diame kreiptis \u012f mus \u2013 kartu mes surasime geriausi\u0105 sprendim\u0105.<\/em><\/strong><\/p>\n<p style=\"text-align: center;\"><strong><a href=\"http:\/\/truckmaint.ee\/lt\/kontaktine-informacija\/\">SUSISIEKITE <i class=\"fa fa-angle-double-right\"><\/i><\/a><\/strong><\/p>\n<p>[\/vc_column_text][\/vc_column][\/vc_row]<\/p>\n<\/div><input class=\"fooboxshare_post_id\" type=\"hidden\" value=\"3705\"\/>","protected":false},"excerpt":{"rendered":"<p>[vc_row][vc_column width=&#8221;2\/3&#8243;][vc_column_text] Technin\u0117s prie\u017ei\u016bros paslaugos Bendradarbiaudami su gamintojais, si\u016blome \u0161akini\u0173 ir frontalini\u0173 krautuv\u0173 technin\u0117s prie\u017ei\u016bros paslaugas. Technin\u0117 prie\u017ei\u016bra skirstoma \u012f pradin\u0119, reguliari\u0105 ir sezonin\u0119 prie\u017ei\u016br\u0105. Paslaugas teikia kvalifikuoti mechanikai, kurie atvyksta pilnai \u012frengtu technin\u0117s prie\u017ei\u016bros autobusu. Technin\u0117s prie\u017ei\u016bros intervalai nustatomi&#8230;<\/p>\n","protected":false},"author":1,"featured_media":3711,"parent":3727,"menu_order":0,"comment_status":"closed","ping_status":"closed","template":"","meta":{"_acf_changed":false,"footnotes":""},"class_list":["post-3705","page","type-page","status-publish","has-post-thumbnail","hentry"],"acf":[],"_links":{"self":[{"href":"https:\/\/truckmaint.ee\/lt\/wp-json\/wp\/v2\/pages\/3705","targetHints":{"allow":["GET"]}}],"collection":[{"href":"https:\/\/truckmaint.ee\/lt\/wp-json\/wp\/v2\/pages"}],"about":[{"href":"https:\/\/truckmaint.ee\/lt\/wp-json\/wp\/v2\/types\/page"}],"author":[{"embeddable":true,"href":"https:\/\/truckmaint.ee\/lt\/wp-json\/wp\/v2\/users\/1"}],"replies":[{"embeddable":true,"href":"https:\/\/truckmaint.ee\/lt\/wp-json\/wp\/v2\/comments?post=3705"}],"version-history":[{"count":2,"href":"https:\/\/truckmaint.ee\/lt\/wp-json\/wp\/v2\/pages\/3705\/revisions"}],"predecessor-version":[{"id":3901,"href":"https:\/\/truckmaint.ee\/lt\/wp-json\/wp\/v2\/pages\/3705\/revisions\/3901"}],"up":[{"embeddable":true,"href":"https:\/\/truckmaint.ee\/lt\/wp-json\/wp\/v2\/pages\/3727"}],"wp:featuredmedia":[{"embeddable":true,"href":"https:\/\/truckmaint.ee\/lt\/wp-json\/wp\/v2\/media\/3711"}],"wp:attachment":[{"href":"https:\/\/truckmaint.ee\/lt\/wp-json\/wp\/v2\/media?parent=3705"}],"curies":[{"name":"wp","href":"https:\/\/api.w.org\/{rel}","templated":true}]}}