{"id":3702,"date":"2016-04-25T21:18:02","date_gmt":"2016-04-25T18:18:02","guid":{"rendered":"http:\/\/truckmaint.ee\/remont\/"},"modified":"2017-04-18T14:53:24","modified_gmt":"2017-04-18T11:53:24","slug":"remontas","status":"publish","type":"page","link":"https:\/\/truckmaint.ee\/lt\/paslaugos\/remontas\/","title":{"rendered":"Remontas"},"content":{"rendered":"<div class=\"wpb-content-wrapper\"><p>[vc_row][vc_column width=&#8221;2\/3&#8243;][vc_column_text]<\/p>\n<h1><strong>Remonto paslaugos<\/strong><\/h1>\n<p><img loading=\"lazy\" decoding=\"async\" class=\"alignleft size-medium wp-image-2562\" src=\"http:\/\/truckmaint.ee\/wp-content\/uploads\/2016\/04\/WP_20150119_011-300x168.jpg\" alt=\"\" width=\"300\" height=\"168\" srcset=\"https:\/\/truckmaint.ee\/wp-content\/uploads\/2016\/04\/WP_20150119_011-300x168.jpg 300w, https:\/\/truckmaint.ee\/wp-content\/uploads\/2016\/04\/WP_20150119_011-768x431.jpg 768w, https:\/\/truckmaint.ee\/wp-content\/uploads\/2016\/04\/WP_20150119_011.jpg 1024w, https:\/\/truckmaint.ee\/wp-content\/uploads\/2016\/04\/WP_20150119_011-570x320.jpg 570w\" sizes=\"auto, (max-width: 300px) 100vw, 300px\" \/>N\u0117ra tokios \u012frangos, kuri niekada negest\u0173. Gedimo atveju m\u016bs\u0173 komanda yra pasirengusi suteikti remonto paslaugas.<\/p>\n<p><strong> Remonto paslaugas sudaro dvi dalys: <\/strong> apsilankymas pas klient\u0105 ir remontas dirbtuv\u0117se.<\/p>\n<p>Nuvyk\u0119s pas klient\u0105, m\u016bs\u0173 specialistas \u012fvertina kliento poreikius ir pateikia pradin\u0119 s\u0105mat\u0105, apskai\u010diuojam\u0105 atsi\u017evelgiant \u012f remonto darb\u0173 trukm\u0119 ir kain\u0105. Jeigu pasirodo, jog problemos negalima pa\u0161alinti vietoje (naudojant mobili\u0105 technin\u0117s prie\u017ei\u016bros \u012frang\u0105), tada ma\u0161ina atgabenama \u012f remonto dirbtuves. Pateikiami transportavimo vilkikai ir \u012franga atgabenama \u012f m\u016bs\u0173 remonto dirbtuves Paikuse ar Napyje.[\/vc_column_text][\/vc_column][vc_column width=&#8221;1\/3&#8243;][vc_wp_custommenu nav_menu=&#8221;72&#8243;][\/vc_column][\/vc_row][vc_row full_width=&#8221;stretch_row&#8221; css=&#8221;.vc_custom_1461668813999{padding-top: 30px !important;padding-bottom: 30px !important;background-color: #333333 !important;}&#8221; el_class=&#8221;contact-block&#8221;][vc_column][vc_column_text]<\/p>\n<p style=\"text-align: center;\"><strong><em>Kvie\u010diame kreiptis \u012f mus \u2013 kartu mes surasime geriausi\u0105 sprendim\u0105.<\/em><\/strong><\/p>\n<p style=\"text-align: center;\"><strong><a href=\"http:\/\/truckmaint.ee\/lt\/kontaktine-informacija\/\">SUSISIEKITE <i class=\"fa fa-angle-double-right\"><\/i><\/a><\/strong><\/p>\n<p>[\/vc_column_text][\/vc_column][\/vc_row]<\/p>\n<\/div><input class=\"fooboxshare_post_id\" type=\"hidden\" value=\"3702\"\/>","protected":false},"excerpt":{"rendered":"<p>[vc_row][vc_column width=&#8221;2\/3&#8243;][vc_column_text] Remonto paslaugos N\u0117ra tokios \u012frangos, kuri niekada negest\u0173. Gedimo atveju m\u016bs\u0173 komanda yra pasirengusi suteikti remonto paslaugas. Remonto paslaugas sudaro dvi dalys: apsilankymas pas klient\u0105 ir remontas dirbtuv\u0117se. Nuvyk\u0119s pas klient\u0105, m\u016bs\u0173 specialistas \u012fvertina kliento poreikius ir pateikia&#8230;<\/p>\n","protected":false},"author":1,"featured_media":3703,"parent":3727,"menu_order":0,"comment_status":"closed","ping_status":"closed","template":"","meta":{"_acf_changed":false,"footnotes":""},"class_list":["post-3702","page","type-page","status-publish","has-post-thumbnail","hentry"],"acf":[],"_links":{"self":[{"href":"https:\/\/truckmaint.ee\/lt\/wp-json\/wp\/v2\/pages\/3702","targetHints":{"allow":["GET"]}}],"collection":[{"href":"https:\/\/truckmaint.ee\/lt\/wp-json\/wp\/v2\/pages"}],"about":[{"href":"https:\/\/truckmaint.ee\/lt\/wp-json\/wp\/v2\/types\/page"}],"author":[{"embeddable":true,"href":"https:\/\/truckmaint.ee\/lt\/wp-json\/wp\/v2\/users\/1"}],"replies":[{"embeddable":true,"href":"https:\/\/truckmaint.ee\/lt\/wp-json\/wp\/v2\/comments?post=3702"}],"version-history":[{"count":2,"href":"https:\/\/truckmaint.ee\/lt\/wp-json\/wp\/v2\/pages\/3702\/revisions"}],"predecessor-version":[{"id":3898,"href":"https:\/\/truckmaint.ee\/lt\/wp-json\/wp\/v2\/pages\/3702\/revisions\/3898"}],"up":[{"embeddable":true,"href":"https:\/\/truckmaint.ee\/lt\/wp-json\/wp\/v2\/pages\/3727"}],"wp:featuredmedia":[{"embeddable":true,"href":"https:\/\/truckmaint.ee\/lt\/wp-json\/wp\/v2\/media\/3703"}],"wp:attachment":[{"href":"https:\/\/truckmaint.ee\/lt\/wp-json\/wp\/v2\/media?parent=3702"}],"curies":[{"name":"wp","href":"https:\/\/api.w.org\/{rel}","templated":true}]}}