{"id":3693,"date":"2016-04-25T21:18:33","date_gmt":"2016-04-25T18:18:33","guid":{"rendered":"http:\/\/truckmaint.ee\/kahvlite-kontroll\/"},"modified":"2017-04-18T14:53:46","modified_gmt":"2017-04-18T11:53:46","slug":"sakiniu-krautuvu-tikrinimas","status":"publish","type":"page","link":"https:\/\/truckmaint.ee\/lt\/paslaugos\/sakiniu-krautuvu-tikrinimas\/","title":{"rendered":"\u0160akini\u0173 krautuv\u0173 tikrinimas"},"content":{"rendered":"<div class=\"wpb-content-wrapper\"><p>[vc_row][vc_column width=&#8221;2\/3&#8243;][vc_row_inner][vc_column_inner][vc_column_text]<\/p>\n<h2><strong>\u0160akini\u0173 krautuv\u0173 tikrinimas<\/strong><\/h2>\n<p>Operatorius yra atsakingas u\u017e kasdien\u0119 \u012frangos technin\u0119 prie\u017ei\u016br\u0105. \u0160is reikalavimas apima ir \u0161akini\u0173 krautuv\u0173 b\u016bkl\u0117s tikrinim\u0105. \u0160akini\u0173 krautuv\u0173 tikrinimas atliekamas vizualiai bei naudojant instrumentus. ISO \u0161ak\u0117s ir DIN \u0161ak\u0117s.<br \/>\n[\/vc_column_text][\/vc_column_inner][\/vc_row_inner][vc_row_inner][vc_column_inner width=&#8221;1\/3&#8243;][vc_single_image image=&#8221;2302&#8243; img_size=&#8221;full&#8221;][\/vc_column_inner][vc_column_inner width=&#8221;2\/3&#8243;][vc_column_text]\u0160aki\u0173 storis negali skirtis daugiau kaip 10 %, skai\u010diuojant pagal pradin\u012f stor\u012f. Patikrinimas atliekamas 10 cm atstumu nuo \u0161ak\u0117s kampin\u0117s dalies, naudojant kalibratori\u0173. Jei skirtumas yra didesnis nei 10 %, tuomet \u0161aki\u0173 \u0161onas turi b\u016bti pa\u017eym\u0117tas raudonais da\u017eais ir \u0161ak\u0117s turi b\u016bti nebenaudojamos. Apkrova suma\u017einama iki vos 20 %.<\/p>\n<ul>\n<li>ATSARGIN\u0116S DALYS<\/li>\n<li>REONTO PASLAUGOS<\/li>\n<li>LINIJINIS GR\u0118\u017dIMAS<\/li>\n<li>TECHNIN\u0116 PRIE\u017dI\u016aRA<\/li>\n<li>\u0160AKINI\u0172 KRAUTUV\u0172 TIKRINIMAS<\/li>\n<li>PADANG\u0172 RESTAURAVIMAS<\/li>\n<\/ul>\n<p>[\/vc_column_text][\/vc_column_inner][\/vc_row_inner][vc_row_inner][vc_column_inner width=&#8221;1\/2&#8243;][vc_column_text]<strong>K\u0117limo \u0161aki\u0173 tikrinimas d\u0117l liekamosios deformacijos<\/strong><\/p>\n<p>K maks. = L\/66, pakeisti, jeigu K \u2265 L \/ 33[\/vc_column_text][vc_single_image image=&#8221;2385&#8243; img_size=&#8221;full&#8221;][\/vc_column_inner][vc_column_inner width=&#8221;1\/2&#8243;][vc_column_text]<strong>K\u0117limo \u0161aki\u0173 kvadrati\u0161kumo tikrinimas<\/strong>[\/vc_column_text][vc_single_image image=&#8221;2386&#8243; img_size=&#8221;full&#8221;][\/vc_column_inner][\/vc_row_inner][vc_column_text]<strong>K\u0117limo \u0161aki\u0173 tikrinimas d\u0117l matom\u0173 \u012ftr\u016bkim\u0173<\/strong><\/p>\n<p>Vidini\u0173 kamp\u0173 ir pried\u0173 tikrinimas. Magnetinis ir skvarbos tikrinimas.[\/vc_column_text][\/vc_column][vc_column width=&#8221;1\/3&#8243;][vc_wp_custommenu nav_menu=&#8221;72&#8243;][\/vc_column][\/vc_row][vc_row full_width=&#8221;stretch_row&#8221; css=&#8221;.vc_custom_1461668813999{padding-top: 30px !important;padding-bottom: 30px !important;background-color: #333333 !important;}&#8221; el_class=&#8221;contact-block&#8221;][vc_column][vc_column_text]<\/p>\n<p style=\"text-align: center;\"><strong><em>Kvie\u010diame kreiptis \u012f mus \u2013 kartu mes surasime geriausi\u0105 sprendim\u0105.<\/em><\/strong><\/p>\n<p style=\"text-align: center;\"><strong><a href=\"http:\/\/truckmaint.ee\/lt\/kontaktine-informacija\/\">SUSISIEKITE <i class=\"fa fa-angle-double-right\"><\/i><\/a><\/strong><\/p>\n<p>[\/vc_column_text][\/vc_column][\/vc_row]<\/p>\n<\/div><input class=\"fooboxshare_post_id\" type=\"hidden\" value=\"3693\"\/>","protected":false},"excerpt":{"rendered":"<p>[vc_row][vc_column width=&#8221;2\/3&#8243;][vc_row_inner][vc_column_inner][vc_column_text] \u0160akini\u0173 krautuv\u0173 tikrinimas Operatorius yra atsakingas u\u017e kasdien\u0119 \u012frangos technin\u0119 prie\u017ei\u016br\u0105. \u0160is reikalavimas apima ir \u0161akini\u0173 krautuv\u0173 b\u016bkl\u0117s tikrinim\u0105. \u0160akini\u0173 krautuv\u0173 tikrinimas atliekamas vizualiai bei naudojant instrumentus. ISO \u0161ak\u0117s ir DIN \u0161ak\u0117s. [\/vc_column_text][\/vc_column_inner][\/vc_row_inner][vc_row_inner][vc_column_inner width=&#8221;1\/3&#8243;][vc_single_image image=&#8221;2302&#8243; img_size=&#8221;full&#8221;][\/vc_column_inner][vc_column_inner width=&#8221;2\/3&#8243;][vc_column_text]\u0160aki\u0173 storis&#8230;<\/p>\n","protected":false},"author":1,"featured_media":3627,"parent":3727,"menu_order":0,"comment_status":"closed","ping_status":"closed","template":"","meta":{"_acf_changed":false,"footnotes":""},"class_list":["post-3693","page","type-page","status-publish","has-post-thumbnail","hentry"],"acf":[],"_links":{"self":[{"href":"https:\/\/truckmaint.ee\/lt\/wp-json\/wp\/v2\/pages\/3693","targetHints":{"allow":["GET"]}}],"collection":[{"href":"https:\/\/truckmaint.ee\/lt\/wp-json\/wp\/v2\/pages"}],"about":[{"href":"https:\/\/truckmaint.ee\/lt\/wp-json\/wp\/v2\/types\/page"}],"author":[{"embeddable":true,"href":"https:\/\/truckmaint.ee\/lt\/wp-json\/wp\/v2\/users\/1"}],"replies":[{"embeddable":true,"href":"https:\/\/truckmaint.ee\/lt\/wp-json\/wp\/v2\/comments?post=3693"}],"version-history":[{"count":2,"href":"https:\/\/truckmaint.ee\/lt\/wp-json\/wp\/v2\/pages\/3693\/revisions"}],"predecessor-version":[{"id":3900,"href":"https:\/\/truckmaint.ee\/lt\/wp-json\/wp\/v2\/pages\/3693\/revisions\/3900"}],"up":[{"embeddable":true,"href":"https:\/\/truckmaint.ee\/lt\/wp-json\/wp\/v2\/pages\/3727"}],"wp:featuredmedia":[{"embeddable":true,"href":"https:\/\/truckmaint.ee\/lt\/wp-json\/wp\/v2\/media\/3627"}],"wp:attachment":[{"href":"https:\/\/truckmaint.ee\/lt\/wp-json\/wp\/v2\/media?parent=3693"}],"curies":[{"name":"wp","href":"https:\/\/api.w.org\/{rel}","templated":true}]}}