{"id":3690,"date":"2016-04-25T21:19:04","date_gmt":"2016-04-25T18:19:04","guid":{"rendered":"http:\/\/truckmaint.ee\/konsultatsioon\/"},"modified":"2017-04-18T14:52:07","modified_gmt":"2017-04-18T11:52:07","slug":"konsultatsioon","status":"publish","type":"page","link":"https:\/\/truckmaint.ee\/lt\/paslaugos\/konsultatsioon\/","title":{"rendered":"Konsultatsioon"},"content":{"rendered":"<div class=\"wpb-content-wrapper\"><p>[vc_row][vc_column width=&#8221;2\/3&#8243;][vc_column_text]<\/p>\n<h1 style=\"margin-top: 0;\"><strong><br \/>\nVajadusel pakume konsultatsiooni<\/strong><\/h1>\n<p><img loading=\"lazy\" decoding=\"async\" class=\"alignleft size-medium wp-image-2571\" src=\"http:\/\/truckmaint.ee\/wp-content\/uploads\/2016\/04\/konsultatsioon-2-300x200.jpg\" alt=\"konsultatsioon\" width=\"300\" height=\"200\" srcset=\"https:\/\/truckmaint.ee\/wp-content\/uploads\/2016\/04\/konsultatsioon-2-300x200.jpg 300w, https:\/\/truckmaint.ee\/wp-content\/uploads\/2016\/04\/konsultatsioon-2-350x233.jpg 350w, https:\/\/truckmaint.ee\/wp-content\/uploads\/2016\/04\/konsultatsioon-2-272x182.jpg 272w, https:\/\/truckmaint.ee\/wp-content\/uploads\/2016\/04\/konsultatsioon-2.jpg 700w\" sizes=\"auto, (max-width: 300px) 100vw, 300px\" \/>Oma tootmise laiendamiseks, \u00fcmberkorraldamiseks tasub n\u00f5u pidada s\u00fcsteemist v\u00e4ljaspool asuvate spetsialistidega.<\/p>\n<p>Selleks pakume oma teadmisi ja kogemusi, et teil tekiks terviklikum pilt k\u00f5igist v\u00f5imalustest. Meie spetsialistidel on keskmiselt 15 aastane kogemus omal alal.[\/vc_column_text][\/vc_column][vc_column width=&#8221;1\/3&#8243;][vc_wp_custommenu nav_menu=&#8221;72&#8243;][\/vc_column][\/vc_row][vc_row full_width=&#8221;stretch_row&#8221; css=&#8221;.vc_custom_1461668813999{padding-top: 30px !important;padding-bottom: 30px !important;background-color: #333333 !important;}&#8221; el_class=&#8221;contact-block&#8221;][vc_column][vc_column_text]<\/p>\n<p style=\"text-align: center;\"><strong><em>Meiega saad \u00fchendust kiirelt ka l\u00e4bi veebi. Leiame koos sobiva lahenduse.<\/em><\/strong><\/p>\n<p style=\"text-align: center;\"><strong><a href=\"http:\/\/truckmaint.ee\/lt\/kontakt\/\">K\u00dcSI T\u00c4PSEMALT <i class=\"fa fa-angle-double-right\"><\/i><\/a><\/strong><\/p>\n<p>[\/vc_column_text][\/vc_column][\/vc_row]<\/p>\n<\/div><input class=\"fooboxshare_post_id\" type=\"hidden\" value=\"3690\"\/>","protected":false},"excerpt":{"rendered":"<p>[vc_row][vc_column width=&#8221;2\/3&#8243;][vc_column_text] Vajadusel pakume konsultatsiooni Oma tootmise laiendamiseks, \u00fcmberkorraldamiseks tasub n\u00f5u pidada s\u00fcsteemist v\u00e4ljaspool asuvate spetsialistidega. Selleks pakume oma teadmisi ja kogemusi, et teil tekiks terviklikum pilt k\u00f5igist v\u00f5imalustest. Meie spetsialistidel on keskmiselt 15 aastane kogemus omal alal.[\/vc_column_text][\/vc_column][vc_column width=&#8221;1\/3&#8243;][vc_wp_custommenu nav_menu=&#8221;72&#8243;][\/vc_column][\/vc_row][vc_row&#8230;<\/p>\n","protected":false},"author":1,"featured_media":3691,"parent":3727,"menu_order":0,"comment_status":"closed","ping_status":"closed","template":"","meta":{"_acf_changed":false,"footnotes":""},"class_list":["post-3690","page","type-page","status-publish","has-post-thumbnail","hentry"],"acf":[],"_links":{"self":[{"href":"https:\/\/truckmaint.ee\/lt\/wp-json\/wp\/v2\/pages\/3690","targetHints":{"allow":["GET"]}}],"collection":[{"href":"https:\/\/truckmaint.ee\/lt\/wp-json\/wp\/v2\/pages"}],"about":[{"href":"https:\/\/truckmaint.ee\/lt\/wp-json\/wp\/v2\/types\/page"}],"author":[{"embeddable":true,"href":"https:\/\/truckmaint.ee\/lt\/wp-json\/wp\/v2\/users\/1"}],"replies":[{"embeddable":true,"href":"https:\/\/truckmaint.ee\/lt\/wp-json\/wp\/v2\/comments?post=3690"}],"version-history":[{"count":1,"href":"https:\/\/truckmaint.ee\/lt\/wp-json\/wp\/v2\/pages\/3690\/revisions"}],"predecessor-version":[{"id":3893,"href":"https:\/\/truckmaint.ee\/lt\/wp-json\/wp\/v2\/pages\/3690\/revisions\/3893"}],"up":[{"embeddable":true,"href":"https:\/\/truckmaint.ee\/lt\/wp-json\/wp\/v2\/pages\/3727"}],"wp:featuredmedia":[{"embeddable":true,"href":"https:\/\/truckmaint.ee\/lt\/wp-json\/wp\/v2\/media\/3691"}],"wp:attachment":[{"href":"https:\/\/truckmaint.ee\/lt\/wp-json\/wp\/v2\/media?parent=3690"}],"curies":[{"name":"wp","href":"https:\/\/api.w.org\/{rel}","templated":true}]}}