{"id":3675,"date":"2016-04-25T21:20:40","date_gmt":"2016-04-25T18:20:40","guid":{"rendered":"http:\/\/truckmaint.ee\/kontakt\/"},"modified":"2017-11-23T11:00:32","modified_gmt":"2017-11-23T09:00:32","slug":"kontaktine-informacija","status":"publish","type":"page","link":"https:\/\/truckmaint.ee\/lt\/kontaktine-informacija\/","title":{"rendered":"KONTAKTIN\u0116 INFORMACIJA"},"content":{"rendered":"<div class=\"wpb-content-wrapper\"><p>[vc_row full_width=&#8221;stretch_row_content_no_spaces&#8221;][vc_column][vc_column_text]<div class=\"wpgmp_map_container wpgmp-map-1\" rel=\"map1\" data-plugin-version=\"5.6.7\"><div class=\"wpgmp_map_parent\"><div class=\"wpgmp_map \" style=\"width:100%; height:450px;\" id=\"map1\" ><\/div><\/div><\/div><div style=\"display:none !important;visiblity:hidden !important:width:0px;height:0px;padding:0px;margin:0px;\" class=\"wpgmp-map-data-container\" data-map-id=\"1\">eyJtYXBfb3B0aW9ucyI6eyJjZW50ZXJfbGF0IjoiNTguMzc2ODYzNjk5OTk5OTkiLCJjZW50ZXJfbG5nIjoiMjQuNjMxMTQwNTAwMDAwMDE1Iiwiem9vbSI6NSwibWFwX3R5cGVfaWQiOiJST0FETUFQIiwiY2VudGVyX2J5X25lYXJlc3QiOmZhbHNlLCJmaXRfYm91bmRzIjpmYWxzZSwiY2VudGVyX2NpcmNsZV9maWxsY29sb3IiOiIjOENBRUYyIiwiY2VudGVyX2NpcmNsZV9maWxsb3BhY2l0eSI6Ii41IiwiY2VudGVyX2NpcmNsZV9zdHJva2Vjb2xvciI6IiM4Q0FFRjIiLCJjZW50ZXJfY2lyY2xlX3N0cm9rZW9wYWNpdHkiOiIuNSIsInNob3dfY2VudGVyX2NpcmNsZSI6ZmFsc2UsInNob3dfY2VudGVyX21hcmtlciI6ZmFsc2UsImNlbnRlcl9tYXJrZXJfaWNvbiI6Imh0dHA6XC9cL3RydWNrbWFpbnQuZWVcL3dwLWNvbnRlbnRcL3BsdWdpbnNcL3dwLWdvb2dsZS1tYXAtZ29sZFwvYXNzZXRzXC9pbWFnZXNcL1wvZGVmYXVsdF9tYXJrZXIucG5nIiwiY2VudGVyX2NpcmNsZV9zdHJva2V3ZWlnaHQiOiIxIiwiZHJhZ2dhYmxlIjp0cnVlLCJzY3JvbGxfd2hlZWwiOiJmYWxzZSIsIm1hcmtlcl9kZWZhdWx0X2ljb24iOiJodHRwOlwvXC90cnVja21haW50LmVlXC93cC1jb250ZW50XC9wbHVnaW5zXC93cC1nb29nbGUtbWFwLWdvbGRcL2Fzc2V0c1wvaW1hZ2VzXC9cL2RlZmF1bHRfbWFya2VyLnBuZyIsImluZm93aW5kb3dfZ2VvdGFnc19zZXR0aW5nIjoiPGRpdiBjbGFzcz1cInBvc3RfYm9keVwiPlxyXG48ZGl2IGNsYXNzPVwiZ2VvdGFnc19saW5rXCI+PGEgIHRhcmdldD1cIl9ibGFua1wiIGhyZWY9XCJ7cG9zdF9saW5rfVwiPntwb3N0X3RpdGxlfTxcL2E+PFwvZGl2PlxyXG48YSAgdGFyZ2V0PVwiX2JsYW5rXCIgaHJlZj1cIntwb3N0X2xpbmt9XCI+e3Bvc3RfZmVhdHVyZWRfaW1hZ2V9PFwvYT5cclxue3Bvc3RfZXhjZXJwdH1cclxuPGRpdiBjbGFzcz1cIndwZ21wX21ldGFfZGF0YVwiPntwb3N0X2NhdGVnb3JpZXN9PFwvZGl2PlxyXG48ZGl2ICBjbGFzcz1cIndwZ21wX21ldGFfZGF0YVwiPntwb3N0X3RhZ3N9PFwvZGl2PlxyXG48XC9kaXY+IiwiaW5mb3dpbmRvd19za2luIjp7Im5hbWUiOiJkZWZhdWx0IiwidHlwZSI6ImluZm93aW5kb3cifSwiaW5mb3dpbmRvd19wb3N0X3NraW4iOnsibmFtZSI6ImRlZmF1bHQiLCJ0eXBlIjoicG9zdCIsInNvdXJjZWNvZGUiOiI8ZGl2IGNsYXNzPVwicG9zdF9ib2R5XCI+XHJcbjxkaXYgY2xhc3M9XCJnZW90YWdzX2xpbmtcIj48YSAgdGFyZ2V0PVwiX2JsYW5rXCIgaHJlZj1cIntwb3N0X2xpbmt9XCI+e3Bvc3RfdGl0bGV9PFwvYT48XC9kaXY+XHJcbjxhICB0YXJnZXQ9XCJfYmxhbmtcIiBocmVmPVwie3Bvc3RfbGlua31cIj57cG9zdF9mZWF0dXJlZF9pbWFnZX08XC9hPlxyXG57cG9zdF9leGNlcnB0fVxyXG48ZGl2IGNsYXNzPVwid3BnbXBfbWV0YV9kYXRhXCI+e3Bvc3RfY2F0ZWdvcmllc308XC9kaXY+XHJcbjxkaXYgIGNsYXNzPVwid3BnbXBfbWV0YV9kYXRhXCI+e3Bvc3RfdGFnc308XC9kaXY+XHJcbjxcL2Rpdj4ifSwiaW5mb3dpbmRvd19kcm9wX2FuaW1hdGlvbiI6ZmFsc2UsImNsb3NlX2luZm93aW5kb3dfb25fbWFwX2NsaWNrIjpmYWxzZSwiZGVmYXVsdF9pbmZvd2luZG93X29wZW4iOmZhbHNlLCJpbmZvd2luZG93X29wZW5fZXZlbnQiOiJjbGljayIsImlzX21vYmlsZSI6ZmFsc2UsImluZm93aW5kb3dfZmlsdGVyX29ubHkiOmZhbHNlLCJpbmZvd2luZG93X2NsaWNrX2NoYW5nZV96b29tIjoxNCwiaW5mb3dpbmRvd19jbGlja19jaGFuZ2VfY2VudGVyIjpmYWxzZSwiZnVsbF9zY3JlZW5fY29udHJvbCI6dHJ1ZSwic2VhcmNoX2NvbnRyb2wiOnRydWUsInpvb21fY29udHJvbCI6dHJ1ZSwibWFwX3R5cGVfY29udHJvbCI6dHJ1ZSwic3RyZWV0X3ZpZXdfY29udHJvbCI6dHJ1ZSwibG9jYXRlbWVfY29udHJvbCI6ZmFsc2UsIm1vYmlsZV9zcGVjaWZpYyI6ZmFsc2UsInpvb21fbW9iaWxlIjo1LCJkcmFnZ2FibGVfbW9iaWxlIjp0cnVlLCJzY3JvbGxfd2hlZWxfbW9iaWxlIjp0cnVlLCJ6b29tX2NvbnRyb2xfcG9zaXRpb24iOiJUT1BfTEVGVCIsIm1hcF90eXBlX2NvbnRyb2xfcG9zaXRpb24iOiJUT1BfUklHSFQiLCJtYXBfdHlwZV9jb250cm9sX3N0eWxlIjoiSE9SSVpPTlRBTF9CQVIiLCJzdHJlZXRfdmlld19jb250cm9sX3Bvc2l0aW9uIjoiVE9QX0xFRlQiLCJtYXBfY29udHJvbCI6ZmFsc2UsIm1hcF9pbmZvd2luZG93X2N1c3RvbWlzYXRpb25zIjpmYWxzZSwiaW5mb3dpbmRvd193aWR0aCI6IjEwMCUiLCJpbmZvd2luZG93X2JvcmRlcl9jb2xvciI6InJnYmEoMCwgMCwgMCwgMC4wOTgwMzkyKSIsImluZm93aW5kb3dfYmdfY29sb3IiOiIjZmZmIiwic2hvd19pbmZvd2luZG93X2hlYWRlciI6ZmFsc2UsInpvb21fbGV2ZWxfYWZ0ZXJfc2VhcmNoIjoxMCwidXJsX2ZpbHRlcnMiOmZhbHNlLCJkb3VibGVjbGlja3pvb20iOmZhbHNlLCJjdXJyZW50X3Bvc3Rfb25seSI6ZmFsc2UsImJvdW5kX21hcF9hZnRlcl9maWx0ZXIiOmZhbHNlLCJkaXNwbGF5X3Jlc2V0X2J1dHRvbiI6ZmFsc2UsIm1hcF9yZXNldF9idXR0b25fdGV4dCI6IlJlc2V0Iiwid2lkdGgiOiIxMDAlIiwiaGVpZ2h0IjoiNDUwIn0sInBsYWNlcyI6W3siaWQiOiIxIiwidGl0bGUiOiJBaWFuZGkgdGVlLCBQYWlrdXNlLCBQYWlrdXNlIHZhbGQsIEVzdG9uaWEiLCJhZGRyZXNzIjoiQWlhbmRpIHRlZSwgUGFpa3VzZSwgUGFpa3VzZSB2YWxkLCBFc3RvbmlhIiwic291cmNlIjoibWFudWFsIiwiY29udGVudCI6IjxzdHJvbmc+VHJ1Y2ttYWludCBPXHUwMGRjPFwvc3Ryb25nPjxiclwvPlxyXG5BaWFuZGkgdGVlLCBQYWlrdXNlLCBQYWlrdXNlIHZhbGQsIEVzdG9uaWEiLCJsb2NhdGlvbiI6eyJpY29uIjoiaHR0cDpcL1wvdHJ1Y2ttYWludC5lZVwvd3AtY29udGVudFwvdXBsb2Fkc1wvMjAxNlwvMDRcL3RydWNrbWFpbnQtbWFya2VyLnBuZyIsImxhdCI6IjU4LjM3Njg2MzY5OTk5OTk5IiwibG5nIjoiMjQuNjMxMTQwNTAwMDAwMDE1IiwiY2l0eSI6IlBhaWt1c2UiLCJzdGF0ZSI6IlBcdTAwZTRybnUgbWFha29uZCIsImNvdW50cnkiOiJFc3RvbmlhIiwib25jbGlja19hY3Rpb24iOiJtYXJrZXIiLCJvcGVuX25ld190YWIiOiJ5ZXMiLCJwb3N0YWxfY29kZSI6Ijg2NjAyIiwiZHJhZ2dhYmxlIjpmYWxzZSwiaW5mb3dpbmRvd19kZWZhdWx0X29wZW4iOmZhbHNlLCJhbmltYXRpb24iOiJCT1VOQ0UiLCJpbmZvd2luZG93X2Rpc2FibGUiOnRydWUsInpvb20iOjUsImV4dHJhX2ZpZWxkcyI6eyJsaXN0b3JkZXIiOjB9fSwiY2F0ZWdvcmllcyI6W3siaWQiOiIxIiwibmFtZSI6IlRydWNrbWFpbnQiLCJ0eXBlIjoiY2F0ZWdvcnkiLCJpY29uIjoiaHR0cDpcL1wvdHJ1Y2ttYWludC5lZVwvd3AtY29udGVudFwvdXBsb2Fkc1wvMjAxNlwvMDRcL3RydWNrbWFpbnQtbWFya2VyLnBuZyJ9XX0seyJpZCI6IjIiLCJ0aXRsZSI6Ik11cnUgdG4gMiwgUmFrdmVyZSBsaW5uLCBMXHUwMGU0XHUwMGU0bmUtVmlydSBtYWFrb25kLCA0NDMxMSIsImFkZHJlc3MiOiJNdXJ1IDIsIFJha3ZlcmUsIExcdTAwZTRcdTAwZTRuZS1WaXJ1IENvdW50eSwgRXN0b25pYSIsInNvdXJjZSI6Im1hbnVhbCIsImNvbnRlbnQiOiI8c3Ryb25nPlRydWNrbWFpbnQgT1x1MDBkYzxcL3N0cm9uZz48YnJcLz5cclxuTXVydSB0biAyLCBSYWt2ZXJlLCBMXHUwMGU0XHUwMGU0bmUtVmlydSBtYWFrb25kLCA0NDMxMSIsImxvY2F0aW9uIjp7Imljb24iOiJodHRwOlwvXC90cnVja21haW50LmVlXC93cC1jb250ZW50XC91cGxvYWRzXC8yMDE2XC8wNFwvdHJ1Y2ttYWludC1tYXJrZXIucG5nIiwibGF0IjoiNTkuMzU2MjI2IiwibG5nIjoiMjYuMzc3NDIyNSIsImNpdHkiOiJSYWt2ZXJlIiwic3RhdGUiOiJMXHUwMGU0XHUwMGU0bmUtVmlydSBtYWFrb25kIiwiY291bnRyeSI6IkVzdG9uaWEiLCJvbmNsaWNrX2FjdGlvbiI6Im1hcmtlciIsIm9wZW5fbmV3X3RhYiI6InllcyIsInBvc3RhbF9jb2RlIjoiNDQzMTMiLCJkcmFnZ2FibGUiOmZhbHNlLCJpbmZvd2luZG93X2RlZmF1bHRfb3BlbiI6ZmFsc2UsImFuaW1hdGlvbiI6IkJPVU5DRSIsImluZm93aW5kb3dfZGlzYWJsZSI6dHJ1ZSwiem9vbSI6NSwiZXh0cmFfZmllbGRzIjp7Imxpc3RvcmRlciI6MH19LCJjYXRlZ29yaWVzIjpbeyJpZCI6IjEiLCJuYW1lIjoiVHJ1Y2ttYWludCIsInR5cGUiOiJjYXRlZ29yeSIsImljb24iOiJodHRwOlwvXC90cnVja21haW50LmVlXC93cC1jb250ZW50XC91cGxvYWRzXC8yMDE2XC8wNFwvdHJ1Y2ttYWludC1tYXJrZXIucG5nIn1dfSx7ImlkIjoiMyIsInRpdGxlIjoiQ2VudHJhIEllbGEgMiwgUGlua2kiLCJhZGRyZXNzIjoiQ2VudHJhIGllbGEgMiwgUGlcdTAxNDZcdTAxMzdpLCBCYWJcdTAxMmJ0ZSBwYXJpc2gsIExhdHZpYSIsInNvdXJjZSI6Im1hbnVhbCIsImNvbnRlbnQiOiI8c3Ryb25nPlRydWNrbWFpbnQgU0lBPFwvc3Ryb25nPjxiclwvPlxyXG5DZW50cmEgSWVsYSAyLCBQaW5raSwgTGF0dmlhIiwibG9jYXRpb24iOnsiaWNvbiI6Imh0dHA6XC9cL3RydWNrbWFpbnQuZWVcL3dwLWNvbnRlbnRcL3VwbG9hZHNcLzIwMTZcLzA0XC90cnVja21haW50LW1hcmtlci5wbmciLCJsYXQiOiI1Ni45NDI5NDciLCJsbmciOiIyMy45MDc0NTY0IiwiY2l0eSI6IlBpXHUwMTQ2XHUwMTM3aSIsImNvdW50cnkiOiJMYXR2aWEiLCJvbmNsaWNrX2FjdGlvbiI6Im1hcmtlciIsIm9wZW5fbmV3X3RhYiI6InllcyIsInBvc3RhbF9jb2RlIjoiMjEwNyIsImRyYWdnYWJsZSI6ZmFsc2UsImluZm93aW5kb3dfZGVmYXVsdF9vcGVuIjpmYWxzZSwiYW5pbWF0aW9uIjoiQk9VTkNFIiwiaW5mb3dpbmRvd19kaXNhYmxlIjp0cnVlLCJ6b29tIjo1LCJleHRyYV9maWVsZHMiOnsibGlzdG9yZGVyIjowfX0sImNhdGVnb3JpZXMiOlt7ImlkIjoiMSIsIm5hbWUiOiJUcnVja21haW50IiwidHlwZSI6ImNhdGVnb3J5IiwiaWNvbiI6Imh0dHA6XC9cL3RydWNrbWFpbnQuZWVcL3dwLWNvbnRlbnRcL3VwbG9hZHNcLzIwMTZcLzA0XC90cnVja21haW50LW1hcmtlci5wbmcifV19LHsiaWQiOiI0IiwidGl0bGUiOiJcdTAxNjBpbHV0XHUwMTE3cyBwbC4gMjEgS2xhaXBcdTAxMTdkYSBMVDkxMTA3IiwiYWRkcmVzcyI6Ilx1MDE2MGlsdXRcdTAxMTdzIHBsLiAyMSwgS2xhaXBcdTAxMTdkYSwgTGl0aHVhbmlhIiwic291cmNlIjoibWFudWFsIiwiY29udGVudCI6IjxzdHJvbmc+VHJ1Y2ttYWludCBVQUI8XC9zdHJvbmc+PGJyXC8+XHJcblx1MDE2MGlsdXRcdTAxMTdzIHBsLiAyMSBLbGFpcFx1MDExN2RhIExUOTExMDciLCJsb2NhdGlvbiI6eyJpY29uIjoiaHR0cDpcL1wvdHJ1Y2ttYWludC5lZVwvd3AtY29udGVudFwvdXBsb2Fkc1wvMjAxNlwvMDRcL3RydWNrbWFpbnQtbWFya2VyLnBuZyIsImxhdCI6IjU1LjcwMDI3OTIiLCJsbmciOiIyMS4xNzEzMjc2MDAwMDAwNCIsImNpdHkiOiJLbGFpcFx1MDExN2RhIiwic3RhdGUiOiJLbGFpcFx1MDExN2RvcyBhcHNrcml0aXMiLCJjb3VudHJ5IjoiTGl0aHVhbmlhIiwib25jbGlja19hY3Rpb24iOiJtYXJrZXIiLCJvcGVuX25ld190YWIiOiJ5ZXMiLCJwb3N0YWxfY29kZSI6IjkxMTA3IiwiZHJhZ2dhYmxlIjpmYWxzZSwiaW5mb3dpbmRvd19kZWZhdWx0X29wZW4iOmZhbHNlLCJhbmltYXRpb24iOiJCT1VOQ0UiLCJpbmZvd2luZG93X2Rpc2FibGUiOnRydWUsInpvb20iOjUsImV4dHJhX2ZpZWxkcyI6eyJsaXN0b3JkZXIiOjB9fSwiY2F0ZWdvcmllcyI6W3siaWQiOiIxIiwibmFtZSI6IlRydWNrbWFpbnQiLCJ0eXBlIjoiY2F0ZWdvcnkiLCJpY29uIjoiaHR0cDpcL1wvdHJ1Y2ttYWludC5lZVwvd3AtY29udGVudFwvdXBsb2Fkc1wvMjAxNlwvMDRcL3RydWNrbWFpbnQtbWFya2VyLnBuZyJ9XX0seyJpZCI6IjUiLCJ0aXRsZSI6IkphYW1hIDEyLCBQYWlkZSIsImFkZHJlc3MiOiJKYWFtYSAxMiwgUGFpZGUsIEpcdTAwZTRydmEgQ291bnR5LCBFc3RvbmlhIiwic291cmNlIjoibWFudWFsIiwibG9jYXRpb24iOnsiaWNvbiI6Imh0dHA6XC9cL3RydWNrbWFpbnQuZWVcL3dwLWNvbnRlbnRcL3VwbG9hZHNcLzIwMTZcLzA0XC90cnVja21haW50LW1hcmtlci5wbmciLCJsYXQiOiI1OC44ODI1NDg3IiwibG5nIjoiMjUuNTUxNzk1IiwiY2l0eSI6IlBhaWRlIiwic3RhdGUiOiJKXHUwMGU0cnZhIG1hYWtvbmQiLCJjb3VudHJ5IjoiRXN0b25pYSIsIm9uY2xpY2tfYWN0aW9uIjoibWFya2VyIiwib3Blbl9uZXdfdGFiIjoieWVzIiwicG9zdGFsX2NvZGUiOiI3MjcxMiIsImRyYWdnYWJsZSI6ZmFsc2UsImluZm93aW5kb3dfZGVmYXVsdF9vcGVuIjpmYWxzZSwiYW5pbWF0aW9uIjoiQk9VTkNFIiwiaW5mb3dpbmRvd19kaXNhYmxlIjp0cnVlLCJ6b29tIjo1LCJleHRyYV9maWVsZHMiOnsibGlzdG9yZGVyIjowfX0sImNhdGVnb3JpZXMiOlt7ImlkIjoiMSIsIm5hbWUiOiJUcnVja21haW50IiwidHlwZSI6ImNhdGVnb3J5IiwiaWNvbiI6Imh0dHA6XC9cL3RydWNrbWFpbnQuZWVcL3dwLWNvbnRlbnRcL3VwbG9hZHNcLzIwMTZcLzA0XC90cnVja21haW50LW1hcmtlci5wbmcifV19LHsiaWQiOiI2IiwidGl0bGUiOiJMZW5udSB0biA4YSwgXHUwMGRjbGVudXJtZSwgVGFydHUgbWFha29uZCIsImFkZHJlc3MiOiJMZW5udSB0biA4YSwgXHUwMGRjbGVudXJtZSwgVGFydHUgQ291bnR5LCBFc3RvbmlhIiwic291cmNlIjoibWFudWFsIiwiY29udGVudCI6Ikxlbm51IHRuIDhhLCBcdTAwZGNsZW51cm1lLCA2MTcxNCBUYXJ0dSBtYWFrb25kPGJyXC8+XHJcbiszNzIgNTU1MDUzNjEiLCJsb2NhdGlvbiI6eyJpY29uIjoiaHR0cDpcL1wvdHJ1Y2ttYWludC5lZVwvd3AtY29udGVudFwvdXBsb2Fkc1wvMjAxNlwvMDRcL3RydWNrbWFpbnQtbWFya2VyLnBuZyIsImxhdCI6IjU4LjMxMzExMSIsImxuZyI6IjI2LjcxNjA3MTIiLCJjaXR5IjoiXHUwMGRjbGVudXJtZSIsInN0YXRlIjoiVGFydHUgbWFha29uZCIsImNvdW50cnkiOiJFc3RvbmlhIiwib25jbGlja19hY3Rpb24iOiJtYXJrZXIiLCJvcGVuX25ld190YWIiOiJ5ZXMiLCJwb3N0YWxfY29kZSI6IjYxNzE0IiwiZHJhZ2dhYmxlIjpmYWxzZSwiaW5mb3dpbmRvd19kZWZhdWx0X29wZW4iOmZhbHNlLCJpbmZvd2luZG93X2Rpc2FibGUiOnRydWUsInpvb20iOjUsImV4dHJhX2ZpZWxkcyI6eyJsaXN0b3JkZXIiOjB9fSwiY2F0ZWdvcmllcyI6W3siaWQiOiIxIiwibmFtZSI6IlRydWNrbWFpbnQiLCJ0eXBlIjoiY2F0ZWdvcnkiLCJpY29uIjoiaHR0cDpcL1wvdHJ1Y2ttYWludC5lZVwvd3AtY29udGVudFwvdXBsb2Fkc1wvMjAxNlwvMDRcL3RydWNrbWFpbnQtbWFya2VyLnBuZyJ9XX1dLCJzdHlsZXMiOiJbe1wiZmVhdHVyZVR5cGVcIjpcImFkbWluaXN0cmF0aXZlXCIsXCJlbGVtZW50VHlwZVwiOlwiYWxsXCIsXCJzdHlsZXJzXCI6W3tcInZpc2liaWxpdHlcIjpcIm9uXCJ9LHtcImxpZ2h0bmVzc1wiOjMzfV19LHtcImZlYXR1cmVUeXBlXCI6XCJhZG1pbmlzdHJhdGl2ZVwiLFwiZWxlbWVudFR5cGVcIjpcImxhYmVsc1wiLFwic3R5bGVyc1wiOlt7XCJzYXR1cmF0aW9uXCI6XCItMTAwXCJ9XX0se1wiZmVhdHVyZVR5cGVcIjpcImFkbWluaXN0cmF0aXZlXCIsXCJlbGVtZW50VHlwZVwiOlwibGFiZWxzLnRleHRcIixcInN0eWxlcnNcIjpbe1wiZ2FtbWFcIjpcIjAuNzVcIn1dfSx7XCJmZWF0dXJlVHlwZVwiOlwiYWRtaW5pc3RyYXRpdmUubmVpZ2hib3Job29kXCIsXCJlbGVtZW50VHlwZVwiOlwibGFiZWxzLnRleHQuZmlsbFwiLFwic3R5bGVyc1wiOlt7XCJsaWdodG5lc3NcIjpcIi0zN1wifV19LHtcImZlYXR1cmVUeXBlXCI6XCJsYW5kc2NhcGVcIixcImVsZW1lbnRUeXBlXCI6XCJnZW9tZXRyeVwiLFwic3R5bGVyc1wiOlt7XCJjb2xvclwiOlwiI2Y5ZjlmOVwifV19LHtcImZlYXR1cmVUeXBlXCI6XCJsYW5kc2NhcGUubWFuX21hZGVcIixcImVsZW1lbnRUeXBlXCI6XCJnZW9tZXRyeVwiLFwic3R5bGVyc1wiOlt7XCJzYXR1cmF0aW9uXCI6XCItMTAwXCJ9LHtcImxpZ2h0bmVzc1wiOlwiNDBcIn0se1widmlzaWJpbGl0eVwiOlwib2ZmXCJ9XX0se1wiZmVhdHVyZVR5cGVcIjpcImxhbmRzY2FwZS5uYXR1cmFsXCIsXCJlbGVtZW50VHlwZVwiOlwibGFiZWxzLnRleHQuZmlsbFwiLFwic3R5bGVyc1wiOlt7XCJzYXR1cmF0aW9uXCI6XCItMTAwXCJ9LHtcImxpZ2h0bmVzc1wiOlwiLTM3XCJ9XX0se1wiZmVhdHVyZVR5cGVcIjpcImxhbmRzY2FwZS5uYXR1cmFsXCIsXCJlbGVtZW50VHlwZVwiOlwibGFiZWxzLnRleHQuc3Ryb2tlXCIsXCJzdHlsZXJzXCI6W3tcInNhdHVyYXRpb25cIjpcIi0xMDBcIn0se1wibGlnaHRuZXNzXCI6XCIxMDBcIn0se1wid2VpZ2h0XCI6XCIyXCJ9XX0se1wiZmVhdHVyZVR5cGVcIjpcImxhbmRzY2FwZS5uYXR1cmFsXCIsXCJlbGVtZW50VHlwZVwiOlwibGFiZWxzLmljb25cIixcInN0eWxlcnNcIjpbe1wic2F0dXJhdGlvblwiOlwiLTEwMFwifV19LHtcImZlYXR1cmVUeXBlXCI6XCJwb2lcIixcImVsZW1lbnRUeXBlXCI6XCJnZW9tZXRyeVwiLFwic3R5bGVyc1wiOlt7XCJzYXR1cmF0aW9uXCI6XCItMTAwXCJ9LHtcImxpZ2h0bmVzc1wiOlwiODBcIn1dfSx7XCJmZWF0dXJlVHlwZVwiOlwicG9pXCIsXCJlbGVtZW50VHlwZVwiOlwibGFiZWxzXCIsXCJzdHlsZXJzXCI6W3tcInNhdHVyYXRpb25cIjpcIi0xMDBcIn0se1wibGlnaHRuZXNzXCI6XCIwXCJ9XX0se1wiZmVhdHVyZVR5cGVcIjpcInBvaS5hdHRyYWN0aW9uXCIsXCJlbGVtZW50VHlwZVwiOlwiZ2VvbWV0cnlcIixcInN0eWxlcnNcIjpbe1wibGlnaHRuZXNzXCI6XCItNFwifSx7XCJzYXR1cmF0aW9uXCI6XCItMTAwXCJ9XX0se1wiZmVhdHVyZVR5cGVcIjpcInBvaS5wYXJrXCIsXCJlbGVtZW50VHlwZVwiOlwiZ2VvbWV0cnlcIixcInN0eWxlcnNcIjpbe1wiY29sb3JcIjpcIiNjNWRhYzZcIn0se1widmlzaWJpbGl0eVwiOlwib25cIn0se1wic2F0dXJhdGlvblwiOlwiLTk1XCJ9LHtcImxpZ2h0bmVzc1wiOlwiNjJcIn1dfSx7XCJmZWF0dXJlVHlwZVwiOlwicG9pLnBhcmtcIixcImVsZW1lbnRUeXBlXCI6XCJsYWJlbHNcIixcInN0eWxlcnNcIjpbe1widmlzaWJpbGl0eVwiOlwib25cIn0se1wibGlnaHRuZXNzXCI6MjB9XX0se1wiZmVhdHVyZVR5cGVcIjpcInJvYWRcIixcImVsZW1lbnRUeXBlXCI6XCJhbGxcIixcInN0eWxlcnNcIjpbe1wibGlnaHRuZXNzXCI6MjB9XX0se1wiZmVhdHVyZVR5cGVcIjpcInJvYWRcIixcImVsZW1lbnRUeXBlXCI6XCJsYWJlbHNcIixcInN0eWxlcnNcIjpbe1wic2F0dXJhdGlvblwiOlwiLTEwMFwifSx7XCJnYW1tYVwiOlwiMS4wMFwifV19LHtcImZlYXR1cmVUeXBlXCI6XCJyb2FkXCIsXCJlbGVtZW50VHlwZVwiOlwibGFiZWxzLnRleHRcIixcInN0eWxlcnNcIjpbe1wiZ2FtbWFcIjpcIjAuNTBcIn1dfSx7XCJmZWF0dXJlVHlwZVwiOlwicm9hZFwiLFwiZWxlbWVudFR5cGVcIjpcImxhYmVscy5pY29uXCIsXCJzdHlsZXJzXCI6W3tcInNhdHVyYXRpb25cIjpcIi0xMDBcIn0se1wiZ2FtbWFcIjpcIjAuNTBcIn1dfSx7XCJmZWF0dXJlVHlwZVwiOlwicm9hZC5oaWdod2F5XCIsXCJlbGVtZW50VHlwZVwiOlwiZ2VvbWV0cnlcIixcInN0eWxlcnNcIjpbe1wiY29sb3JcIjpcIiNjNWM2YzZcIn0se1wic2F0dXJhdGlvblwiOlwiLTEwMFwifV19LHtcImZlYXR1cmVUeXBlXCI6XCJyb2FkLmhpZ2h3YXlcIixcImVsZW1lbnRUeXBlXCI6XCJnZW9tZXRyeS5zdHJva2VcIixcInN0eWxlcnNcIjpbe1wibGlnaHRuZXNzXCI6XCItMTNcIn1dfSx7XCJmZWF0dXJlVHlwZVwiOlwicm9hZC5oaWdod2F5XCIsXCJlbGVtZW50VHlwZVwiOlwibGFiZWxzLmljb25cIixcInN0eWxlcnNcIjpbe1wibGlnaHRuZXNzXCI6XCIwXCJ9LHtcImdhbW1hXCI6XCIxLjA5XCJ9XX0se1wiZmVhdHVyZVR5cGVcIjpcInJvYWQuYXJ0ZXJpYWxcIixcImVsZW1lbnRUeXBlXCI6XCJnZW9tZXRyeVwiLFwic3R5bGVyc1wiOlt7XCJjb2xvclwiOlwiI2U0ZDdjNlwifSx7XCJzYXR1cmF0aW9uXCI6XCItMTAwXCJ9LHtcImxpZ2h0bmVzc1wiOlwiNDdcIn1dfSx7XCJmZWF0dXJlVHlwZVwiOlwicm9hZC5hcnRlcmlhbFwiLFwiZWxlbWVudFR5cGVcIjpcImdlb21ldHJ5LnN0cm9rZVwiLFwic3R5bGVyc1wiOlt7XCJsaWdodG5lc3NcIjpcIi0xMlwifV19LHtcImZlYXR1cmVUeXBlXCI6XCJyb2FkLmFydGVyaWFsXCIsXCJlbGVtZW50VHlwZVwiOlwibGFiZWxzLmljb25cIixcInN0eWxlcnNcIjpbe1wic2F0dXJhdGlvblwiOlwiLTEwMFwifV19LHtcImZlYXR1cmVUeXBlXCI6XCJyb2FkLmxvY2FsXCIsXCJlbGVtZW50VHlwZVwiOlwiZ2VvbWV0cnlcIixcInN0eWxlcnNcIjpbe1wiY29sb3JcIjpcIiNmYmZhZjdcIn0se1wibGlnaHRuZXNzXCI6XCI3N1wifV19LHtcImZlYXR1cmVUeXBlXCI6XCJyb2FkLmxvY2FsXCIsXCJlbGVtZW50VHlwZVwiOlwiZ2VvbWV0cnkuZmlsbFwiLFwic3R5bGVyc1wiOlt7XCJsaWdodG5lc3NcIjpcIi01XCJ9LHtcInNhdHVyYXRpb25cIjpcIi0xMDBcIn1dfSx7XCJmZWF0dXJlVHlwZVwiOlwicm9hZC5sb2NhbFwiLFwiZWxlbWVudFR5cGVcIjpcImdlb21ldHJ5LnN0cm9rZVwiLFwic3R5bGVyc1wiOlt7XCJzYXR1cmF0aW9uXCI6XCItMTAwXCJ9LHtcImxpZ2h0bmVzc1wiOlwiLTE1XCJ9XX0se1wiZmVhdHVyZVR5cGVcIjpcInRyYW5zaXQuc3RhdGlvbi5haXJwb3J0XCIsXCJlbGVtZW50VHlwZVwiOlwiZ2VvbWV0cnlcIixcInN0eWxlcnNcIjpbe1wibGlnaHRuZXNzXCI6XCI0N1wifSx7XCJzYXR1cmF0aW9uXCI6XCItMTAwXCJ9XX0se1wiZmVhdHVyZVR5cGVcIjpcIndhdGVyXCIsXCJlbGVtZW50VHlwZVwiOlwiYWxsXCIsXCJzdHlsZXJzXCI6W3tcInZpc2liaWxpdHlcIjpcIm9uXCJ9LHtcImNvbG9yXCI6XCIjYWNiY2M5XCJ9XX0se1wiZmVhdHVyZVR5cGVcIjpcIndhdGVyXCIsXCJlbGVtZW50VHlwZVwiOlwiZ2VvbWV0cnlcIixcInN0eWxlcnNcIjpbe1wic2F0dXJhdGlvblwiOlwiNTNcIn1dfSx7XCJmZWF0dXJlVHlwZVwiOlwid2F0ZXJcIixcImVsZW1lbnRUeXBlXCI6XCJsYWJlbHMudGV4dC5maWxsXCIsXCJzdHlsZXJzXCI6W3tcImxpZ2h0bmVzc1wiOlwiLTQyXCJ9LHtcInNhdHVyYXRpb25cIjpcIjE3XCJ9XX0se1wiZmVhdHVyZVR5cGVcIjpcIndhdGVyXCIsXCJlbGVtZW50VHlwZVwiOlwibGFiZWxzLnRleHQuc3Ryb2tlXCIsXCJzdHlsZXJzXCI6W3tcImxpZ2h0bmVzc1wiOlwiNjFcIn1dfV0iLCJtYXBfcHJvcGVydHkiOnsibWFwX2lkIjoiMSIsImRlYnVnX21vZGUiOmZhbHNlfSwic2hhcGVzIjp7ImRyYXdpbmdfZWRpdGFibGUiOmZhbHNlfSwiZmlsdGVycyI6eyJmaWx0ZXJzX2NvbnRhaW5lciI6IltkYXRhLWNvbnRhaW5lcj1cIndwZ21wLWZpbHRlcnMtY29udGFpbmVyXCJdIn0sIm1hcmtlcl9jYXRlZ29yeV9pY29ucyI6eyIxIjoiaHR0cDpcL1wvdHJ1Y2ttYWludC5lZVwvd3AtY29udGVudFwvdXBsb2Fkc1wvMjAxNlwvMDRcL3RydWNrbWFpbnQtbWFya2VyLnBuZyJ9fQ==<\/div>[\/vc_column_text][\/vc_column][\/vc_row][vc_row][vc_column][vc_column_text]<\/p>\n<h1>Susisiekite<\/h1>\n<p>[\/vc_column_text][\/vc_column][\/vc_row][vc_row][vc_column width=&#8221;1\/2&#8243;][vc_column_text]<\/p>\n<div class=\"widget\">\n<div class=\"widget-content\">\n<p><strong>BIURAS IR PASLAUG\u0172 TEIKIMO VIETOS LEITUVOJE<br \/>\n<\/strong><\/p>\n<table>\n<tbody>\n<tr>\n<td><b><strong>Bendrov\u0117<\/strong>:<\/b><\/td>\n<td>Truckmaint UAB<\/td>\n<\/tr>\n<tr>\n<td><b><strong>Reg. Nr.:<\/strong><\/b><\/td>\n<td>303218434<\/td>\n<\/tr>\n<tr>\n<td><b><strong>PVM mok\u0117tojo kodas<\/strong>:<\/b><\/td>\n<td>PVM LT100008283719<\/td>\n<\/tr>\n<tr>\n<td><b><strong>Adresas<\/strong>:<\/b><\/td>\n<td><span lang=\"LT\">\u0160ilut\u0117s pl.21 Klaip\u0117da LT91107<\/span><\/td>\n<\/tr>\n<tr>\n<td><strong>Telefonas:<\/strong><\/td>\n<td>+37068585084<\/td>\n<\/tr>\n<tr>\n<td><strong>El. pa\u0161tas:<\/strong><\/td>\n<td><a href=\"mailto:info@truckmaint.lt\">info@truckmaint.lt<\/a><\/td>\n<\/tr>\n<\/tbody>\n<\/table>\n<p><!-- end widget-content --><\/p>\n<\/div>\n<\/div>\n<p>[\/vc_column_text][\/vc_column][vc_column width=&#8221;1\/2&#8243;][\/vc_column][\/vc_row][vc_row][vc_column][\/vc_column][\/vc_row][vc_row disable_element=&#8221;yes&#8221;][vc_column][vc_separator css=&#8221;.vc_custom_1461676114626{margin-top: 30px !important;margin-bottom: 30px !important;}&#8221;][vc_column_text]<\/p>\n<h1>PAGRINDINIAI KONTAKTINIAI ASMENYS<\/h1>\n<p>[\/vc_column_text][\/vc_column][\/vc_row][vc_row disable_element=&#8221;yes&#8221;][vc_column width=&#8221;1\/3&#8243;]\n<div class=\"wpcf7 no-js\" id=\"wpcf7-f3881-o1\" lang=\"en-US\" dir=\"ltr\" data-wpcf7-id=\"3881\">\n<div class=\"screen-reader-response\"><p role=\"status\" aria-live=\"polite\" aria-atomic=\"true\"><\/p> <ul><\/ul><\/div>\n<form action=\"\/lt\/wp-json\/wp\/v2\/pages\/3675#wpcf7-f3881-o1\" method=\"post\" class=\"wpcf7-form init\" aria-label=\"Contact form\" novalidate=\"novalidate\" data-status=\"init\">\n<fieldset class=\"hidden-fields-container\"><input type=\"hidden\" name=\"_wpcf7\" value=\"3881\" \/><input type=\"hidden\" name=\"_wpcf7_version\" value=\"6.1.5\" \/><input type=\"hidden\" name=\"_wpcf7_locale\" value=\"en_US\" \/><input type=\"hidden\" name=\"_wpcf7_unit_tag\" value=\"wpcf7-f3881-o1\" \/><input type=\"hidden\" name=\"_wpcf7_container_post\" value=\"0\" \/><input type=\"hidden\" name=\"_wpcf7_posted_data_hash\" value=\"\" \/><input type=\"hidden\" name=\"_wpcf7_recaptcha_response\" value=\"\" \/>\n<\/fieldset>\n<div class=\"row contact-form\">\n\t<div class=\"col-lg-6\">\n\t\t<p><span class=\"wpcf7-form-control-wrap\" data-name=\"your-name\"><input size=\"40\" maxlength=\"400\" class=\"wpcf7-form-control wpcf7-text wpcf7-validates-as-required form-control\" aria-required=\"true\" aria-invalid=\"false\" value=\"J\u016bs\u0173 vardas\" type=\"text\" name=\"your-name\" \/><\/span>\n\t\t<\/p>\n\t<\/div>\n\t<div class=\"col-lg-6\">\n\t\t<p><span class=\"wpcf7-form-control-wrap\" data-name=\"PhoneNumber\"><input size=\"40\" maxlength=\"400\" class=\"wpcf7-form-control wpcf7-tel wpcf7-text wpcf7-validates-as-tel form-control\" aria-invalid=\"false\" placeholder=\"J\u016bs\u0173 telefonas\" value=\"\" type=\"tel\" name=\"PhoneNumber\" \/><\/span>\n\t\t<\/p>\n\t<\/div>\n\t<div class=\"col-lg-6\">\n\t\t<p><span class=\"wpcf7-form-control-wrap\" data-name=\"your-email\"><input size=\"40\" maxlength=\"400\" class=\"wpcf7-form-control wpcf7-email wpcf7-validates-as-required wpcf7-text wpcf7-validates-as-email form-control\" aria-required=\"true\" aria-invalid=\"false\" value=\"J\u016bs\u0173 El. pa\u0161tas\" type=\"email\" name=\"your-email\" \/><\/span>\n\t\t<\/p>\n\t<\/div>\n\t<div class=\"col-lg-6\">\n\t\t<p><span class=\"wpcf7-form-control-wrap\" data-name=\"your-subject\"><input size=\"40\" maxlength=\"400\" class=\"wpcf7-form-control wpcf7-text form-control\" aria-invalid=\"false\" value=\"Knyga tema\" type=\"text\" name=\"your-subject\" \/><\/span>\n\t\t<\/p>\n\t<\/div>\n\t<div class=\"col-lg-12\">\n\t\t<p><span class=\"wpcf7-form-control-wrap\" data-name=\"text-contact\"><textarea cols=\"30\" rows=\"10\" maxlength=\"2000\" class=\"wpcf7-form-control wpcf7-textarea form-control\" id=\"contact-text\" aria-invalid=\"false\" name=\"text-contact\"><\/textarea><\/span>\n\t\t<\/p>\n\t<\/div>\n\t<div class=\"col-lg-12\">\n\t\t<p><input class=\"wpcf7-form-control wpcf7-submit has-spinner btn btn-lg btn-default\" id=\"button\" type=\"submit\" value=\"Si\u0173sti \u017einut\u0119\" \/>\n\t\t<\/p>\n\t<\/div>\n<\/div><div class=\"wpcf7-response-output\" aria-hidden=\"true\"><\/div>\n<\/form>\n<\/div>\n[\/vc_column][vc_column width=&#8221;1\/3&#8243;][vc_column_text css=&#8221;.vc_custom_1492514053772{border-top-width: 1px !important;border-right-width: 1px !important;border-bottom-width: 1px !important;border-left-width: 1px !important;padding-top: 10px !important;padding-right: 10px !important;padding-bottom: 10px !important;padding-left: 10px !important;background-color: #f9f9f9 !important;border-left-color: #cccccc !important;border-left-style: solid !important;border-right-color: #cccccc !important;border-right-style: solid !important;border-top-color: #cccccc !important;border-top-style: solid !important;border-bottom-color: #cccccc !important;border-bottom-style: solid !important;border-radius: 5px !important;}&#8221;]<strong>Paslaugos ir remontas\u00a0<\/strong>Kaius P\u00f5llo<\/p>\n<p>Telefonas: +372 5204 174<br \/>\nEl. pa\u0161tas: <a title=\"Saada e-kiri: kaius@truckmaint.ee\" href=\"mailto:kaius@truckmaint.ee\">kaius@truckmaint.ee<\/a>[\/vc_column_text][vc_column_text css=&#8221;.vc_custom_1492514080235{border-top-width: 1px !important;border-right-width: 1px !important;border-bottom-width: 1px !important;border-left-width: 1px !important;padding-top: 10px !important;padding-right: 10px !important;padding-bottom: 10px !important;padding-left: 10px !important;background-color: #f9f9f9 !important;border-left-color: #cccccc !important;border-left-style: solid !important;border-right-color: #cccccc !important;border-right-style: solid !important;border-top-color: #cccccc !important;border-top-style: solid !important;border-bottom-color: #cccccc !important;border-bottom-style: solid !important;border-radius: 5px !important;}&#8221;]<strong>Atsargin\u0117s dalys<\/strong> Rainer Hanschmidt<\/p>\n<p>Telefonas: +372 5251 108<br \/>\nEl. pa\u0161tas: <a title=\"Saada e-kiri: rainer@truckmaint.ee\" href=\"mailto:rainer@truckmaint.ee\">rainer@truckmaint.ee<\/a>[\/vc_column_text][\/vc_column][vc_column width=&#8221;1\/3&#8243;][vc_column_text css=&#8221;.vc_custom_1492514101305{border-top-width: 1px !important;border-right-width: 1px !important;border-bottom-width: 1px !important;border-left-width: 1px !important;padding-top: 10px !important;padding-right: 10px !important;padding-bottom: 10px !important;padding-left: 10px !important;background-color: #f9f9f9 !important;border-left-color: #cccccc !important;border-left-style: solid !important;border-right-color: #cccccc !important;border-right-style: solid !important;border-top-color: #cccccc !important;border-top-style: solid !important;border-bottom-color: #cccccc !important;border-bottom-style: solid !important;border-radius: 5px !important;}&#8221;]<b><strong>Pardavimo vadovas<\/strong> <\/b>\u00a0Harri Mosona<\/p>\n<p>Telefonas: +372\u00a053 83 11 34<br \/>\nEl. pa\u0161tas: <a href=\"mailto:harri@truckmaint.ee\">harri@truckmaint.ee<\/a>[\/vc_column_text][vc_column_text css=&#8221;.vc_custom_1492514117215{border-top-width: 1px !important;border-right-width: 1px !important;border-bottom-width: 1px !important;border-left-width: 1px !important;padding-top: 10px !important;padding-right: 10px !important;padding-bottom: 10px !important;padding-left: 10px !important;background-color: #f9f9f9 !important;border-left-color: #cccccc !important;border-left-style: solid !important;border-right-color: #cccccc !important;border-right-style: solid !important;border-top-color: #cccccc !important;border-top-style: solid !important;border-bottom-color: #cccccc !important;border-bottom-style: solid !important;border-radius: 5px !important;}&#8221;]<strong>Darb\u0173 vadovas<\/strong> Virgo Allika<\/p>\n<p>Telefonas: +372 509 9402<br \/>\nEl. pa\u0161tas: <a title=\"Saada e-kiri: virgo@truckmaint.ee\" href=\"mailto:virgo@truckmaint.ee\">virgo@truckmaint.ee<\/a>[\/vc_column_text][\/vc_column][\/vc_row]<\/p>\n<\/div><input class=\"fooboxshare_post_id\" type=\"hidden\" value=\"3675\"\/>","protected":false},"excerpt":{"rendered":"<p>[vc_row full_width=&#8221;stretch_row_content_no_spaces&#8221;][vc_column][vc_column_text][\/vc_column_text][\/vc_column][\/vc_row][vc_row][vc_column][vc_column_text] Susisiekite [\/vc_column_text][\/vc_column][\/vc_row][vc_row][vc_column width=&#8221;1\/2&#8243;][vc_column_text] BIURAS IR PASLAUG\u0172 TEIKIMO VIETOS LEITUVOJE Bendrov\u0117: Truckmaint UAB Reg. Nr.: 303218434 PVM mok\u0117tojo kodas: PVM LT100008283719 Adresas: \u0160ilut\u0117s pl.21 Klaip\u0117da LT91107 Telefonas: +37068585084 El. pa\u0161tas: info@truckmaint.lt [\/vc_column_text][\/vc_column][vc_column width=&#8221;1\/2&#8243;][\/vc_column][\/vc_row][vc_row][vc_column][\/vc_column][\/vc_row][vc_row disable_element=&#8221;yes&#8221;][vc_column][vc_separator css=&#8221;.vc_custom_1461676114626{margin-top: 30px !important;margin-bottom: 30px !important;}&#8221;][vc_column_text]&#8230;<\/p>\n","protected":false},"author":1,"featured_media":0,"parent":0,"menu_order":0,"comment_status":"closed","ping_status":"closed","template":"","meta":{"_acf_changed":false,"footnotes":""},"class_list":["post-3675","page","type-page","status-publish","hentry"],"acf":[],"_links":{"self":[{"href":"https:\/\/truckmaint.ee\/lt\/wp-json\/wp\/v2\/pages\/3675","targetHints":{"allow":["GET"]}}],"collection":[{"href":"https:\/\/truckmaint.ee\/lt\/wp-json\/wp\/v2\/pages"}],"about":[{"href":"https:\/\/truckmaint.ee\/lt\/wp-json\/wp\/v2\/types\/page"}],"author":[{"embeddable":true,"href":"https:\/\/truckmaint.ee\/lt\/wp-json\/wp\/v2\/users\/1"}],"replies":[{"embeddable":true,"href":"https:\/\/truckmaint.ee\/lt\/wp-json\/wp\/v2\/comments?post=3675"}],"version-history":[{"count":2,"href":"https:\/\/truckmaint.ee\/lt\/wp-json\/wp\/v2\/pages\/3675\/revisions"}],"predecessor-version":[{"id":3948,"href":"https:\/\/truckmaint.ee\/lt\/wp-json\/wp\/v2\/pages\/3675\/revisions\/3948"}],"wp:attachment":[{"href":"https:\/\/truckmaint.ee\/lt\/wp-json\/wp\/v2\/media?parent=3675"}],"curies":[{"name":"wp","href":"https:\/\/api.w.org\/{rel}","templated":true}]}}