{"id":3656,"date":"2016-04-25T21:22:36","date_gmt":"2016-04-25T18:22:36","guid":{"rendered":"http:\/\/truckmaint.ee\/frontaallaadurid\/"},"modified":"2020-02-04T10:42:56","modified_gmt":"2020-02-04T08:42:56","slug":"ratiniai-krautuvai","status":"publish","type":"page","link":"https:\/\/truckmaint.ee\/lt\/produktai\/ratiniai-krautuvai\/","title":{"rendered":"Ratiniai krautuvai"},"content":{"rendered":"<div class=\"wpb-content-wrapper\"><p>[vc_row][vc_column width=&#8221;2\/3&#8243;][vc_column_text]<\/p>\n<h1><strong><a href=\"http:\/\/truckmaint.ee\/wp-content\/uploads\/2016\/04\/L15_Rail_Down_HF.jpg\"><img loading=\"lazy\" decoding=\"async\" class=\"alignleft wp-image-4099 size-medium\" src=\"http:\/\/truckmaint.ee\/wp-content\/uploads\/2016\/04\/L15_Rail_Down_HF-300x200.jpg\" alt=\"\" width=\"300\" height=\"200\" srcset=\"https:\/\/truckmaint.ee\/wp-content\/uploads\/2016\/04\/L15_Rail_Down_HF-300x200.jpg 300w, https:\/\/truckmaint.ee\/wp-content\/uploads\/2016\/04\/L15_Rail_Down_HF-768x512.jpg 768w, https:\/\/truckmaint.ee\/wp-content\/uploads\/2016\/04\/L15_Rail_Down_HF-1024x683.jpg 1024w, https:\/\/truckmaint.ee\/wp-content\/uploads\/2016\/04\/L15_Rail_Down_HF-350x233.jpg 350w, https:\/\/truckmaint.ee\/wp-content\/uploads\/2016\/04\/L15_Rail_Down_HF-272x182.jpg 272w, https:\/\/truckmaint.ee\/wp-content\/uploads\/2016\/04\/L15_Rail_Down_HF.jpg 1575w\" sizes=\"auto, (max-width: 300px) 100vw, 300px\" \/><\/a>Ratiniai krautuvai<\/strong><\/h1>\n<p>M\u016bs\u0173 bendrov\u0117 turi sukaupusi daug frontalini\u0173 krautuv\u0173 technin\u0117s prie\u017ei\u016bros ir pardavimo patirties. Mes prekiaujame nedaug naudotais \u201eVolvo\u201c krautuvais, kuriuos tiekia keli m\u016bs\u0173 partneriai Europoje. Parduodami \u012frang\u0105, taip pat garantuojame su gaminiais susijusi\u0105 pagalb\u0105, kad patenkintume visus savo verslo partneri\u0173 poreikius. Pra\u0161ome prane\u0161ti, kuris \u012frenginys geriausiai atitikt\u0173 J\u016bs\u0173 poreikius ir mes pasistengsime rasti geriausi\u0105 sprendim\u0105 pagal j\u016bs\u0173 pad\u0117t\u012f.<\/p>\n<p>&nbsp;<\/p>\n<p><strong>Jeigu jau turite krautuv\u0105, esame pasireng\u0119 j\u012f patikrinti ir suteikti technin\u0117s prie\u017ei\u016bros paslaugas.<\/strong>[\/vc_column_text][\/vc_column][vc_column width=&#8221;1\/3&#8243;][vc_wp_custommenu nav_menu=&#8221;71&#8243;][\/vc_column][\/vc_row][vc_row][vc_column][vc_separator css=&#8221;.vc_custom_1461671109624{margin-top: 30px !important;margin-bottom: 30px !important;}&#8221;][vc_column_text]<\/p>\n<div id=\"jig1\" class=\"justified-image-grid jig-e8af9a6d90bd7e831441f7626acdabd6 jig-preset-global jig-source-wp-gallery jigFooBoxConnect\"><div class=\"jig-clearfix\"><\/div><noscript id=\"jig1-html\" class=\"justified-image-grid-html\" data-lazy-src=\"skiplazyload\" data-src=\"skipunveillazyload\"><ul><li><a href=\"https:\/\/truckmaint.ee\/wp-content\/uploads\/2016\/04\/DSC_0073-1024x576.jpg\"><img loading=\"lazy\" decoding=\"async\" src=\"https:\/\/truckmaint.ee\/wp-content\/plugins\/justified-image-grid\/timthumb.php?src=https%3A%2F%2Ftruckmaint.ee%2Fwp-content%2Fuploads%2F2016%2F04%2FDSC_0073-1024x576.jpg&amp;h=350&amp;q=90&amp;f=.jpg\" alt=\"\" width=\"622\" height=\"350\" \/><\/a><\/li><li><a href=\"https:\/\/truckmaint.ee\/wp-content\/uploads\/2016\/04\/DSC_0191-1024x576.jpg\"><img loading=\"lazy\" decoding=\"async\" src=\"https:\/\/truckmaint.ee\/wp-content\/plugins\/justified-image-grid\/timthumb.php?src=https%3A%2F%2Ftruckmaint.ee%2Fwp-content%2Fuploads%2F2016%2F04%2FDSC_0191-1024x576.jpg&amp;h=350&amp;q=90&amp;f=.jpg\" alt=\"\" width=\"622\" height=\"350\" \/><\/a><\/li><li><a href=\"https:\/\/truckmaint.ee\/wp-content\/uploads\/2016\/04\/DSC_0192-1024x576.jpg\"><img loading=\"lazy\" decoding=\"async\" src=\"https:\/\/truckmaint.ee\/wp-content\/plugins\/justified-image-grid\/timthumb.php?src=https%3A%2F%2Ftruckmaint.ee%2Fwp-content%2Fuploads%2F2016%2F04%2FDSC_0192-1024x576.jpg&amp;h=350&amp;q=90&amp;f=.jpg\" alt=\"\" width=\"622\" height=\"350\" \/><\/a><\/li><li><a href=\"https:\/\/truckmaint.ee\/wp-content\/uploads\/2016\/04\/DSC_0349-1024x576.jpg\"><img loading=\"lazy\" decoding=\"async\" src=\"https:\/\/truckmaint.ee\/wp-content\/plugins\/justified-image-grid\/timthumb.php?src=https%3A%2F%2Ftruckmaint.ee%2Fwp-content%2Fuploads%2F2016%2F04%2FDSC_0349-1024x576.jpg&amp;h=350&amp;q=90&amp;f=.jpg\" alt=\"\" width=\"622\" height=\"350\" \/><\/a><\/li><li><a href=\"https:\/\/truckmaint.ee\/wp-content\/uploads\/2016\/04\/DSC_0353-1024x576.jpg\"><img loading=\"lazy\" decoding=\"async\" src=\"https:\/\/truckmaint.ee\/wp-content\/plugins\/justified-image-grid\/timthumb.php?src=https%3A%2F%2Ftruckmaint.ee%2Fwp-content%2Fuploads%2F2016%2F04%2FDSC_0353-1024x576.jpg&amp;h=350&amp;q=90&amp;f=.jpg\" alt=\"\" width=\"622\" height=\"350\" \/><\/a><\/li><li><a href=\"https:\/\/truckmaint.ee\/wp-content\/uploads\/2016\/04\/L15_Rail_Down_HF-1024x683.jpg\"><img loading=\"lazy\" decoding=\"async\" src=\"https:\/\/truckmaint.ee\/wp-content\/plugins\/justified-image-grid\/timthumb.php?src=https%3A%2F%2Ftruckmaint.ee%2Fwp-content%2Fuploads%2F2016%2F04%2FL15_Rail_Down_HF-1024x683.jpg&amp;h=350&amp;q=90&amp;f=.jpg\" alt=\"L15_Rail_Down_HF\" width=\"524\" height=\"350\" \/><\/a><p class=\"jig-HTMLdescription\">L15_Rail_Down_HF<\/p><\/li><\/ul><\/noscript><\/div>\n<p>[\/vc_column_text][\/vc_column][\/vc_row][vc_row full_width=&#8221;stretch_row&#8221; css=&#8221;.vc_custom_1461668813999{padding-top: 30px !important;padding-bottom: 30px !important;background-color: #333333 !important;}&#8221; el_class=&#8221;contact-block&#8221;][vc_column][vc_column_text]<\/p>\n<p style=\"text-align: center;\"><strong><em>Kvie\u010diame kreiptis \u012f mus \u2013 kartu mes surasime geriausi\u0105 sprendim\u0105.<\/em><\/strong><\/p>\n<p style=\"text-align: center;\"><strong><a href=\"http:\/\/truckmaint.ee\/lt\/kontaktine-informacija\/\">SUSISIEKITE <i class=\"fa fa-angle-double-right\"><\/i><\/a><\/strong><\/p>\n<p>[\/vc_column_text][\/vc_column][\/vc_row]<\/p>\n<\/div><input class=\"fooboxshare_post_id\" type=\"hidden\" value=\"3656\"\/>","protected":false},"excerpt":{"rendered":"<p>[vc_row][vc_column width=&#8221;2\/3&#8243;][vc_column_text] Ratiniai krautuvai M\u016bs\u0173 bendrov\u0117 turi sukaupusi daug frontalini\u0173 krautuv\u0173 technin\u0117s prie\u017ei\u016bros ir pardavimo patirties. Mes prekiaujame nedaug naudotais \u201eVolvo\u201c krautuvais, kuriuos tiekia keli m\u016bs\u0173 partneriai Europoje. Parduodami \u012frang\u0105, taip pat garantuojame su gaminiais susijusi\u0105 pagalb\u0105, kad patenkintume visus&#8230;<\/p>\n","protected":false},"author":1,"featured_media":3663,"parent":3686,"menu_order":0,"comment_status":"closed","ping_status":"closed","template":"","meta":{"_acf_changed":false,"footnotes":""},"class_list":["post-3656","page","type-page","status-publish","has-post-thumbnail","hentry"],"acf":[],"_links":{"self":[{"href":"https:\/\/truckmaint.ee\/lt\/wp-json\/wp\/v2\/pages\/3656","targetHints":{"allow":["GET"]}}],"collection":[{"href":"https:\/\/truckmaint.ee\/lt\/wp-json\/wp\/v2\/pages"}],"about":[{"href":"https:\/\/truckmaint.ee\/lt\/wp-json\/wp\/v2\/types\/page"}],"author":[{"embeddable":true,"href":"https:\/\/truckmaint.ee\/lt\/wp-json\/wp\/v2\/users\/1"}],"replies":[{"embeddable":true,"href":"https:\/\/truckmaint.ee\/lt\/wp-json\/wp\/v2\/comments?post=3656"}],"version-history":[{"count":2,"href":"https:\/\/truckmaint.ee\/lt\/wp-json\/wp\/v2\/pages\/3656\/revisions"}],"predecessor-version":[{"id":4229,"href":"https:\/\/truckmaint.ee\/lt\/wp-json\/wp\/v2\/pages\/3656\/revisions\/4229"}],"up":[{"embeddable":true,"href":"https:\/\/truckmaint.ee\/lt\/wp-json\/wp\/v2\/pages\/3686"}],"wp:featuredmedia":[{"embeddable":true,"href":"https:\/\/truckmaint.ee\/lt\/wp-json\/wp\/v2\/media\/3663"}],"wp:attachment":[{"href":"https:\/\/truckmaint.ee\/lt\/wp-json\/wp\/v2\/media?parent=3656"}],"curies":[{"name":"wp","href":"https:\/\/api.w.org\/{rel}","templated":true}]}}