{"id":3648,"date":"2016-04-25T21:22:54","date_gmt":"2016-04-25T18:22:54","guid":{"rendered":"http:\/\/truckmaint.ee\/konteineritostukid\/"},"modified":"2017-04-18T11:03:26","modified_gmt":"2017-04-18T08:03:26","slug":"konteineriu-krautuvai","status":"publish","type":"page","link":"https:\/\/truckmaint.ee\/lt\/produktai\/konteineriu-krautuvai\/","title":{"rendered":"Konteineri\u0173 krautuvai"},"content":{"rendered":"<div class=\"wpb-content-wrapper\"><p>[vc_row][vc_column width=&#8221;2\/3&#8243;][vc_column_text]<\/p>\n<h1><strong>Konteineri\u0173 krautuvai<\/strong><\/h1>\n<p>&nbsp;<\/p>\n<h2><strong>Stiebiniai konteineri\u0173 krautuvai<\/strong><\/h2>\n<p><a class=\"tehase-valik\" href=\"https:\/\/www.kalmarglobal.com\/equipment\/masted-container-handlers\/\" target=\"_blank\" rel=\"noopener\">Gamintojo pasirinkimas<\/a><\/p>\n<p><img loading=\"lazy\" decoding=\"async\" class=\"size-medium wp-image-2511 alignleft\" src=\"http:\/\/truckmaint.ee\/wp-content\/uploads\/2016\/04\/Launch-picture-300x195.jpg\" alt=\"\" width=\"300\" height=\"195\" srcset=\"https:\/\/truckmaint.ee\/wp-content\/uploads\/2016\/04\/Launch-picture-300x195.jpg 300w, https:\/\/truckmaint.ee\/wp-content\/uploads\/2016\/04\/Launch-picture-768x500.jpg 768w, https:\/\/truckmaint.ee\/wp-content\/uploads\/2016\/04\/Launch-picture-1024x666.jpg 1024w, https:\/\/truckmaint.ee\/wp-content\/uploads\/2016\/04\/Launch-picture.jpg 1500w\" sizes=\"auto, (max-width: 300px) 100vw, 300px\" \/>\u0160iandien konteineri\u0173 terminal\u0173 veiklos s\u0117km\u0117 priklauso nuo darbo grei\u010dio ir lankstumo. D\u0117l padid\u0117jusi\u0173 l\u016bkes\u010di\u0173, u\u017e konteineri\u0173 krovos valdym\u0105 atsakingas personalas jau\u010dia didel\u012f spaudim\u0105. Terminal\u0173 efektyvumas vis labiau priklauso nuo didesnio operatori\u0173 produktyvumo. Tai \u012fmanoma tik sudarant geresnes darbo s\u0105lygas ir naudojant pa\u017eangesn\u0119 \u012frang\u0105. Jeigu manote, kad \u0161is apra\u0161ymas yra aktualus Jums, esate tinkamoje vietoje. Jau ne vien\u0105 de\u0161imtmet\u012f bendrov\u0117 \u201eKalmar\u201c gamina itin efektyvius, ergonomi\u0161kus ir stabilius \u0161akinius krautuvus. Su \u012frengtomis patogiomis \u201eSpirit Delta\u201c kabinomis ir veiksminga hidrauline \u012franga, \u201eKalmar\u201c krautuvai visada yra tarp pirm\u0173j\u0173 savo klas\u0117je.<\/p>\n<h2><strong>Konteineri\u0173 krautuvas<\/strong><\/h2>\n<p><a class=\"tehase-valik\" href=\"https:\/\/www.kalmarglobal.com\/equipment\/reachstackers\/\" target=\"_blank\" rel=\"noopener\">Gamintojo pasirinkimas<\/a><\/p>\n<p><img loading=\"lazy\" decoding=\"async\" class=\"size-medium wp-image-2357 alignleft\" src=\"http:\/\/truckmaint.ee\/wp-content\/uploads\/2016\/04\/konteinertostukid-300x200.jpg\" alt=\"\" width=\"300\" height=\"200\" srcset=\"https:\/\/truckmaint.ee\/wp-content\/uploads\/2016\/04\/konteinertostukid.jpg 300w, https:\/\/truckmaint.ee\/wp-content\/uploads\/2016\/04\/konteinertostukid-272x182.jpg 272w\" sizes=\"auto, (max-width: 300px) 100vw, 300px\" \/>\u201eKalmar\u201c konteineri\u0173 k\u0117limo \u012franga yra sukurta pasitelkus ilgamet\u0119 patirt\u012f. Pirmenyb\u0117 teikiama produktyvumui ir efektyvumui bei ergonomi\u0161kai darbo aplinkai. \u0160ie tikslai pasiekiami derinant funkcionalum\u0105 bei ypa\u010d auk\u0161to lygio efektyvum\u0105 per vis\u0105 ma\u0161inos naudojimo trukm\u0119. \u0160iuo metu visame pasaulyje jau naudojama 8000 \u0161i\u0173 ma\u0161in\u0173 daugiau kaip 100 \u0161ali\u0173.[\/vc_column_text][\/vc_column][vc_column width=&#8221;1\/3&#8243;][vc_wp_custommenu nav_menu=&#8221;71&#8243;][\/vc_column][\/vc_row][vc_row full_width=&#8221;stretch_row&#8221; css=&#8221;.vc_custom_1461668813999{padding-top: 30px !important;padding-bottom: 30px !important;background-color: #333333 !important;}&#8221; el_class=&#8221;contact-block&#8221;][vc_column][vc_column_text]<\/p>\n<p style=\"text-align: center;\"><strong><em>Kvie\u010diame kreiptis \u012f mus \u2013 kartu mes surasime geriausi\u0105 sprendim\u0105.<\/em><\/strong><\/p>\n<p style=\"text-align: center;\"><strong><a href=\"http:\/\/truckmaint.ee\/lt\/kontaktine-informacija\/\">SUSISIEKITE <i class=\"fa fa-angle-double-right\"><\/i><\/a><\/strong><\/p>\n<p>[\/vc_column_text][\/vc_column][\/vc_row]<\/p>\n<\/div><input class=\"fooboxshare_post_id\" type=\"hidden\" value=\"3648\"\/>","protected":false},"excerpt":{"rendered":"<p>[vc_row][vc_column width=&#8221;2\/3&#8243;][vc_column_text] Konteineri\u0173 krautuvai &nbsp; Stiebiniai konteineri\u0173 krautuvai Gamintojo pasirinkimas \u0160iandien konteineri\u0173 terminal\u0173 veiklos s\u0117km\u0117 priklauso nuo darbo grei\u010dio ir lankstumo. D\u0117l padid\u0117jusi\u0173 l\u016bkes\u010di\u0173, u\u017e konteineri\u0173 krovos valdym\u0105 atsakingas personalas jau\u010dia didel\u012f spaudim\u0105. Terminal\u0173 efektyvumas vis labiau priklauso nuo didesnio&#8230;<\/p>\n","protected":false},"author":1,"featured_media":3654,"parent":3686,"menu_order":0,"comment_status":"closed","ping_status":"closed","template":"","meta":{"_acf_changed":false,"footnotes":""},"class_list":["post-3648","page","type-page","status-publish","has-post-thumbnail","hentry"],"acf":[],"_links":{"self":[{"href":"https:\/\/truckmaint.ee\/lt\/wp-json\/wp\/v2\/pages\/3648","targetHints":{"allow":["GET"]}}],"collection":[{"href":"https:\/\/truckmaint.ee\/lt\/wp-json\/wp\/v2\/pages"}],"about":[{"href":"https:\/\/truckmaint.ee\/lt\/wp-json\/wp\/v2\/types\/page"}],"author":[{"embeddable":true,"href":"https:\/\/truckmaint.ee\/lt\/wp-json\/wp\/v2\/users\/1"}],"replies":[{"embeddable":true,"href":"https:\/\/truckmaint.ee\/lt\/wp-json\/wp\/v2\/comments?post=3648"}],"version-history":[{"count":2,"href":"https:\/\/truckmaint.ee\/lt\/wp-json\/wp\/v2\/pages\/3648\/revisions"}],"predecessor-version":[{"id":3833,"href":"https:\/\/truckmaint.ee\/lt\/wp-json\/wp\/v2\/pages\/3648\/revisions\/3833"}],"up":[{"embeddable":true,"href":"https:\/\/truckmaint.ee\/lt\/wp-json\/wp\/v2\/pages\/3686"}],"wp:featuredmedia":[{"embeddable":true,"href":"https:\/\/truckmaint.ee\/lt\/wp-json\/wp\/v2\/media\/3654"}],"wp:attachment":[{"href":"https:\/\/truckmaint.ee\/lt\/wp-json\/wp\/v2\/media?parent=3648"}],"curies":[{"name":"wp","href":"https:\/\/api.w.org\/{rel}","templated":true}]}}