{"id":3635,"date":"2016-04-25T21:23:16","date_gmt":"2016-04-25T18:23:16","guid":{"rendered":"http:\/\/truckmaint.ee\/terminalitraktorid\/"},"modified":"2017-04-18T11:04:38","modified_gmt":"2017-04-18T08:04:38","slug":"terminaliniai-vilkikai","status":"publish","type":"page","link":"https:\/\/truckmaint.ee\/lt\/produktai\/terminaliniai-vilkikai\/","title":{"rendered":"Terminaliniai vilkikai"},"content":{"rendered":"<div class=\"wpb-content-wrapper\"><p>[vc_row css=&#8221;.vc_custom_1462124598078{padding-bottom: 30px !important;}&#8221;][vc_column width=&#8221;2\/3&#8243;][vc_column_text]<\/p>\n<h2><strong>Terminaliniai vilkikai<\/strong><\/h2>\n<p><a class=\"tehase-valik\" href=\"https:\/\/www.kalmarglobal.com\/equipment\/terminal-tractors\/\" target=\"_blank\" rel=\"noopener\">Gamintojo pasirinkimas<\/a><\/p>\n<p><img loading=\"lazy\" decoding=\"async\" class=\"alignnone size-full wp-image-2517\" src=\"http:\/\/truckmaint.ee\/wp-content\/uploads\/2016\/04\/Terminal-Tractor-All-Products-Home-Page.jpg\" alt=\"\" width=\"655\" height=\"264\" srcset=\"https:\/\/truckmaint.ee\/wp-content\/uploads\/2016\/04\/Terminal-Tractor-All-Products-Home-Page.jpg 655w, https:\/\/truckmaint.ee\/wp-content\/uploads\/2016\/04\/Terminal-Tractor-All-Products-Home-Page-300x121.jpg 300w\" sizes=\"auto, (max-width: 655px) 100vw, 655px\" \/><\/p>\n<p>\u201eKalmar\u201c gamina daugiausia terminalini\u0173 vilkik\u0173 pasaulyje. \u0160iuo metu bendrov\u0117 yra pagaminusi jau daugiau nei 60 000 \u0161i\u0173 vilkik\u0173. Visi modeliai gaminami atsi\u017evelgiant \u012f klient\u0173 poreikius.<\/p>\n<h2><strong>Paskirstymo centr\u0173 \u012frangos<\/strong><\/h2>\n<p><a class=\"tehase-valik\" href=\"https:\/\/www.kalmarglobal.com\/equipment\/terminal-tractors\/distribution-handling\/\" target=\"_blank\" rel=\"noopener\">Gamintojo pasirinkimas<\/a><\/p>\n<p><img loading=\"lazy\" decoding=\"async\" class=\"alignleft wp-image-2519 size-medium\" src=\"http:\/\/truckmaint.ee\/wp-content\/uploads\/2016\/04\/FrontT2-300x249.png\" width=\"300\" height=\"249\" srcset=\"https:\/\/truckmaint.ee\/wp-content\/uploads\/2016\/04\/FrontT2-300x249.png 300w, https:\/\/truckmaint.ee\/wp-content\/uploads\/2016\/04\/FrontT2-768x637.png 768w, https:\/\/truckmaint.ee\/wp-content\/uploads\/2016\/04\/FrontT2.png 977w\" sizes=\"auto, (max-width: 300px) 100vw, 300px\" \/>Tai yra lengvos, lengvai manevruojan\u010dios, nesud\u0117tingos ma\u0161inos. Jos puikiai tinka tvarkyti priekabas paskirstymo centruose. Vilkikai turi 4 x 2 traukos sistem\u0105, yra pakankamai galingi ir pasi\u017eymi ergonomi\u0161ka darbo aplinka.<\/p>\n<p>&nbsp;<\/p>\n<p>&nbsp;<\/p>\n<p>&nbsp;<\/p>\n<p>&nbsp;<\/p>\n<h2><strong>\u201eRoRo\u201c tipo tvarkymas<\/strong><\/h2>\n<p><a class=\"tehase-valik\" href=\"https:\/\/www.kalmarglobal.com\/equipment\/terminal-tractors\/roro-handling\/\" target=\"_blank\" rel=\"noopener\">Gamintojo pasirinkimas<\/a><\/p>\n<p><img loading=\"lazy\" decoding=\"async\" class=\"alignleft wp-image-2520 size-medium\" src=\"http:\/\/truckmaint.ee\/wp-content\/uploads\/2016\/04\/Heavy_Terminal_Tractor_Poland__Office-300x202.jpg\" width=\"300\" height=\"202\" srcset=\"https:\/\/truckmaint.ee\/wp-content\/uploads\/2016\/04\/Heavy_Terminal_Tractor_Poland__Office-300x202.jpg 300w, https:\/\/truckmaint.ee\/wp-content\/uploads\/2016\/04\/Heavy_Terminal_Tractor_Poland__Office-768x517.jpg 768w, https:\/\/truckmaint.ee\/wp-content\/uploads\/2016\/04\/Heavy_Terminal_Tractor_Poland__Office-272x182.jpg 272w, https:\/\/truckmaint.ee\/wp-content\/uploads\/2016\/04\/Heavy_Terminal_Tractor_Poland__Office.jpg 1023w\" sizes=\"auto, (max-width: 300px) 100vw, 300px\" \/>\u0160ios ma\u0161inos yra galingos ir itin efektyvios krovininiuose uostose; jos pasi\u017eymi 4 x 4 traukos schema. Visame pasaulyje tik \u0161iek tiek daugiau nei 4 500 vilkik\u0173 turi \u0161i\u0105 konfig\u016bracij\u0105. Ma\u0161inos yra labai efektyvios ir \u0161iauriniame, ir pietiniame klimate.<\/p>\n<p>&nbsp;<\/p>\n<p>&nbsp;<\/p>\n<p>&nbsp;<\/p>\n<h2><strong>Pramoninis tvarkymas<\/strong><\/h2>\n<p><a class=\"tehase-valik\" href=\"https:\/\/www.kalmarglobal.com\/equipment\/terminal-tractors\/industrial-handling\/\" target=\"_blank\" rel=\"noopener\">Gamintojo pasirinkimas<\/a><\/p>\n<p><img loading=\"lazy\" decoding=\"async\" class=\"alignleft wp-image-2521 size-medium\" src=\"http:\/\/truckmaint.ee\/wp-content\/uploads\/2016\/04\/TT_TR632i_FI12_008_Print_47183-300x200.jpg\" width=\"300\" height=\"200\" srcset=\"https:\/\/truckmaint.ee\/wp-content\/uploads\/2016\/04\/TT_TR632i_FI12_008_Print_47183-300x200.jpg 300w, https:\/\/truckmaint.ee\/wp-content\/uploads\/2016\/04\/TT_TR632i_FI12_008_Print_47183-768x512.jpg 768w, https:\/\/truckmaint.ee\/wp-content\/uploads\/2016\/04\/TT_TR632i_FI12_008_Print_47183-1024x683.jpg 1024w, https:\/\/truckmaint.ee\/wp-content\/uploads\/2016\/04\/TT_TR632i_FI12_008_Print_47183-350x233.jpg 350w, https:\/\/truckmaint.ee\/wp-content\/uploads\/2016\/04\/TT_TR632i_FI12_008_Print_47183-272x182.jpg 272w, https:\/\/truckmaint.ee\/wp-content\/uploads\/2016\/04\/TT_TR632i_FI12_008_Print_47183.jpg 1600w\" sizes=\"auto, (max-width: 300px) 100vw, 300px\" \/>Specialiai gaminami pagal u\u017esakym\u0105, iki 300 ton\u0173 keliamosios galios vilkikai. Su padidintu r\u0117mu ir didesne trauka. Apgalvotas kiekvienas niuansas, atsi\u017evelgiant \u012f klient\u0173 pageidavimus. Skirti naudoti metalo, popieriaus, ma\u0161in\u0173 ir laiv\u0173 statybos pramon\u0117je.[\/vc_column_text][\/vc_column][vc_column width=&#8221;1\/3&#8243;][vc_wp_custommenu nav_menu=&#8221;71&#8243;][\/vc_column][\/vc_row][vc_row full_width=&#8221;stretch_row&#8221; css=&#8221;.vc_custom_1461668813999{padding-top: 30px !important;padding-bottom: 30px !important;background-color: #333333 !important;}&#8221; el_class=&#8221;contact-block&#8221;][vc_column][vc_column_text]<\/p>\n<p style=\"text-align: center;\"><strong><em>Kvie\u010diame kreiptis \u012f mus \u2013 kartu mes surasime geriausi\u0105 sprendim\u0105.<\/em><\/strong><\/p>\n<p style=\"text-align: center;\"><strong><a href=\"http:\/\/truckmaint.ee\/lt\/kontaktine-informacija\/\">SUSISIEKITE <i class=\"fa fa-angle-double-right\"><\/i><\/a><\/strong><\/p>\n<p>[\/vc_column_text][\/vc_column][\/vc_row]<\/p>\n<\/div><input class=\"fooboxshare_post_id\" type=\"hidden\" value=\"3635\"\/>","protected":false},"excerpt":{"rendered":"<p>[vc_row css=&#8221;.vc_custom_1462124598078{padding-bottom: 30px !important;}&#8221;][vc_column width=&#8221;2\/3&#8243;][vc_column_text] Terminaliniai vilkikai Gamintojo pasirinkimas \u201eKalmar\u201c gamina daugiausia terminalini\u0173 vilkik\u0173 pasaulyje. \u0160iuo metu bendrov\u0117 yra pagaminusi jau daugiau nei 60 000 \u0161i\u0173 vilkik\u0173. Visi modeliai gaminami atsi\u017evelgiant \u012f klient\u0173 poreikius. Paskirstymo centr\u0173 \u012frangos Gamintojo pasirinkimas Tai&#8230;<\/p>\n","protected":false},"author":1,"featured_media":3646,"parent":3686,"menu_order":0,"comment_status":"closed","ping_status":"closed","template":"","meta":{"_acf_changed":false,"footnotes":""},"class_list":["post-3635","page","type-page","status-publish","has-post-thumbnail","hentry"],"acf":[],"_links":{"self":[{"href":"https:\/\/truckmaint.ee\/lt\/wp-json\/wp\/v2\/pages\/3635","targetHints":{"allow":["GET"]}}],"collection":[{"href":"https:\/\/truckmaint.ee\/lt\/wp-json\/wp\/v2\/pages"}],"about":[{"href":"https:\/\/truckmaint.ee\/lt\/wp-json\/wp\/v2\/types\/page"}],"author":[{"embeddable":true,"href":"https:\/\/truckmaint.ee\/lt\/wp-json\/wp\/v2\/users\/1"}],"replies":[{"embeddable":true,"href":"https:\/\/truckmaint.ee\/lt\/wp-json\/wp\/v2\/comments?post=3635"}],"version-history":[{"count":2,"href":"https:\/\/truckmaint.ee\/lt\/wp-json\/wp\/v2\/pages\/3635\/revisions"}],"predecessor-version":[{"id":3840,"href":"https:\/\/truckmaint.ee\/lt\/wp-json\/wp\/v2\/pages\/3635\/revisions\/3840"}],"up":[{"embeddable":true,"href":"https:\/\/truckmaint.ee\/lt\/wp-json\/wp\/v2\/pages\/3686"}],"wp:featuredmedia":[{"embeddable":true,"href":"https:\/\/truckmaint.ee\/lt\/wp-json\/wp\/v2\/media\/3646"}],"wp:attachment":[{"href":"https:\/\/truckmaint.ee\/lt\/wp-json\/wp\/v2\/media?parent=3635"}],"curies":[{"name":"wp","href":"https:\/\/api.w.org\/{rel}","templated":true}]}}