{"id":3634,"date":"2016-04-25T21:23:35","date_gmt":"2016-04-25T18:23:35","guid":{"rendered":"http:\/\/truckmaint.ee\/palgikasitlusmasinad\/"},"modified":"2017-04-18T11:03:47","modified_gmt":"2017-04-18T08:03:47","slug":"palgikasitlusmasinad","status":"publish","type":"page","link":"https:\/\/truckmaint.ee\/lt\/produktai\/palgikasitlusmasinad\/","title":{"rendered":"Palgik\u00e4sitlusmasinad"},"content":{"rendered":"<div class=\"wpb-content-wrapper\"><p>[vc_row][vc_column width=&#8221;2\/3&#8243;][vc_column_text]Palgik\u00e4sitlusmasinaid pakume 16 kuni 30 tonni t\u00f5stej\u00f5uga.<\/p>\n<p>Palgik\u00e4sitlusmasinate kasutamine n\u00f5uab erilist l\u00e4henemist ja hoolikat platsivalikut. Kalmari palgik\u00e4sitlusmasinad on valikus RTD1623, RTD2626 ja RTD3026[\/vc_column_text][\/vc_column][vc_column width=&#8221;1\/3&#8243;][vc_wp_custommenu nav_menu=&#8221;71&#8243;][\/vc_column][\/vc_row][vc_row][vc_column][vc_separator css=&#8221;.vc_custom_1461671109624{margin-top: 30px !important;margin-bottom: 30px !important;}&#8221;][vc_column_text]<\/p>\n<h1 style=\"text-align: center;\"><strong>Pakutavad lahendused<\/strong><\/h1>\n<div id=\"jig1\" class=\"justified-image-grid jig-ce98754fdf09b62097908a56c0cefae1 jig-preset-global jig-source-wp-gallery jigFooBoxConnect\"><div class=\"jig-clearfix\"><\/div><noscript id=\"jig1-html\" class=\"justified-image-grid-html\" data-lazy-src=\"skiplazyload\" data-src=\"skipunveillazyload\"><ul><li><a href=\"https:\/\/truckmaint.ee\/wp-content\/uploads\/2015\/05\/modal-lg-03.jpg\"><img loading=\"lazy\" decoding=\"async\" src=\"https:\/\/truckmaint.ee\/wp-content\/plugins\/justified-image-grid\/timthumb.php?src=https%3A%2F%2Ftruckmaint.ee%2Fwp-content%2Fuploads%2F2015%2F05%2Fmodal-lg-03.jpg&amp;h=350&amp;q=90&amp;f=.jpg\" alt=\"\" width=\"525\" height=\"350\" \/><\/a><\/li><li><a href=\"https:\/\/truckmaint.ee\/wp-content\/uploads\/2015\/05\/modal-lg-08.jpg\"><img loading=\"lazy\" decoding=\"async\" src=\"https:\/\/truckmaint.ee\/wp-content\/plugins\/justified-image-grid\/timthumb.php?src=https%3A%2F%2Ftruckmaint.ee%2Fwp-content%2Fuploads%2F2015%2F05%2Fmodal-lg-08.jpg&amp;h=350&amp;q=90&amp;f=.jpg\" alt=\"\" width=\"525\" height=\"350\" \/><\/a><\/li><li><a href=\"https:\/\/truckmaint.ee\/wp-content\/uploads\/2015\/05\/modal-lg-05.jpg\"><img loading=\"lazy\" decoding=\"async\" src=\"https:\/\/truckmaint.ee\/wp-content\/plugins\/justified-image-grid\/timthumb.php?src=https%3A%2F%2Ftruckmaint.ee%2Fwp-content%2Fuploads%2F2015%2F05%2Fmodal-lg-05.jpg&amp;h=350&amp;q=90&amp;f=.jpg\" alt=\"Lahendus 2\" width=\"525\" height=\"350\" \/><\/a><p class=\"jig-HTMLdescription\">Lahendus 2<\/p><\/li><li><a href=\"https:\/\/truckmaint.ee\/wp-content\/uploads\/2015\/05\/modal-lg-04.jpg\"><img loading=\"lazy\" decoding=\"async\" src=\"https:\/\/truckmaint.ee\/wp-content\/plugins\/justified-image-grid\/timthumb.php?src=https%3A%2F%2Ftruckmaint.ee%2Fwp-content%2Fuploads%2F2015%2F05%2Fmodal-lg-04.jpg&amp;h=350&amp;q=90&amp;f=.jpg\" alt=\"Lahendus 3\" width=\"525\" height=\"350\" \/><\/a><p class=\"jig-HTMLdescription\">Lahendus 3<\/p><\/li><\/ul><\/noscript><\/div>\n<p>[\/vc_column_text][\/vc_column][\/vc_row][vc_row full_width=&#8221;stretch_row&#8221; css=&#8221;.vc_custom_1461668813999{padding-top: 30px !important;padding-bottom: 30px !important;background-color: #333333 !important;}&#8221; el_class=&#8221;contact-block&#8221;][vc_column][vc_column_text]<\/p>\n<p style=\"text-align: center;\"><strong><em>Meiega saad \u00fchendust kiirelt ka l\u00e4bi veebi. Leiame koos sobiva lahenduse.<\/em><\/strong><\/p>\n<p style=\"text-align: center;\"><strong><a href=\"\/?page_id=2107\">K\u00dcSI T\u00c4PSEMALT <i class=\"fa fa-angle-double-right\"><\/i><\/a><\/strong><\/p>\n<p>[\/vc_column_text][\/vc_column][\/vc_row]<\/p>\n<\/div><input class=\"fooboxshare_post_id\" type=\"hidden\" value=\"3634\"\/>","protected":false},"excerpt":{"rendered":"<p>[vc_row][vc_column width=&#8221;2\/3&#8243;][vc_column_text]Palgik\u00e4sitlusmasinaid pakume 16 kuni 30 tonni t\u00f5stej\u00f5uga. Palgik\u00e4sitlusmasinate kasutamine n\u00f5uab erilist l\u00e4henemist ja hoolikat platsivalikut. Kalmari palgik\u00e4sitlusmasinad on valikus RTD1623, RTD2626 ja RTD3026[\/vc_column_text][\/vc_column][vc_column width=&#8221;1\/3&#8243;][vc_wp_custommenu nav_menu=&#8221;71&#8243;][\/vc_column][\/vc_row][vc_row][vc_column][vc_separator css=&#8221;.vc_custom_1461671109624{margin-top: 30px !important;margin-bottom: 30px !important;}&#8221;][vc_column_text] Pakutavad lahendused [\/vc_column_text][\/vc_column][\/vc_row][vc_row full_width=&#8221;stretch_row&#8221; css=&#8221;.vc_custom_1461668813999{padding-top: 30px !important;padding-bottom: 30px !important;background-color:&#8230;<\/p>\n","protected":false},"author":1,"featured_media":3598,"parent":3686,"menu_order":0,"comment_status":"closed","ping_status":"closed","template":"","meta":{"_acf_changed":false,"footnotes":""},"class_list":["post-3634","page","type-page","status-publish","has-post-thumbnail","hentry"],"acf":[],"_links":{"self":[{"href":"https:\/\/truckmaint.ee\/lt\/wp-json\/wp\/v2\/pages\/3634","targetHints":{"allow":["GET"]}}],"collection":[{"href":"https:\/\/truckmaint.ee\/lt\/wp-json\/wp\/v2\/pages"}],"about":[{"href":"https:\/\/truckmaint.ee\/lt\/wp-json\/wp\/v2\/types\/page"}],"author":[{"embeddable":true,"href":"https:\/\/truckmaint.ee\/lt\/wp-json\/wp\/v2\/users\/1"}],"replies":[{"embeddable":true,"href":"https:\/\/truckmaint.ee\/lt\/wp-json\/wp\/v2\/comments?post=3634"}],"version-history":[{"count":1,"href":"https:\/\/truckmaint.ee\/lt\/wp-json\/wp\/v2\/pages\/3634\/revisions"}],"predecessor-version":[{"id":3835,"href":"https:\/\/truckmaint.ee\/lt\/wp-json\/wp\/v2\/pages\/3634\/revisions\/3835"}],"up":[{"embeddable":true,"href":"https:\/\/truckmaint.ee\/lt\/wp-json\/wp\/v2\/pages\/3686"}],"wp:featuredmedia":[{"embeddable":true,"href":"https:\/\/truckmaint.ee\/lt\/wp-json\/wp\/v2\/media\/3598"}],"wp:attachment":[{"href":"https:\/\/truckmaint.ee\/lt\/wp-json\/wp\/v2\/media?parent=3634"}],"curies":[{"name":"wp","href":"https:\/\/api.w.org\/{rel}","templated":true}]}}