{"id":3624,"date":"2016-04-25T21:23:56","date_gmt":"2016-04-25T18:23:56","guid":{"rendered":"http:\/\/truckmaint.ee\/lisaseadmed\/"},"modified":"2017-04-18T11:04:00","modified_gmt":"2017-04-18T08:04:00","slug":"papildomos-dalys","status":"publish","type":"page","link":"https:\/\/truckmaint.ee\/lt\/produktai\/papildomos-dalys\/","title":{"rendered":"Papildomos dalys"},"content":{"rendered":"<div class=\"wpb-content-wrapper\"><p>[vc_row][vc_column width=&#8221;2\/3&#8243;][vc_row_inner][vc_column_inner width=&#8221;1\/2&#8243;][vc_single_image image=&#8221;2464&#8243; img_size=&#8221;full&#8221;][\/vc_column_inner][vc_column_inner width=&#8221;1\/2&#8243;][vc_column_text]<\/p>\n<h2><strong>Kau\u0161ai<\/strong><\/h2>\n<p>Kau\u0161\u0173 pasirinkimas priklauso nuo med\u017eiag\u0173, veikimo ciklo ir speciali\u0173 poreiki\u0173. Mes si\u016blome plat\u0173 skirting\u0173 kain\u0173 ir kokyb\u0117s vidaus ir u\u017esienio gamintoj\u0173 kau\u0161\u0173 pasirinkim\u0105.[\/vc_column_text][\/vc_column_inner][\/vc_row_inner][vc_row_inner][vc_column_inner width=&#8221;1\/2&#8243;][vc_column_text]<\/p>\n<h2><strong>R\u0105st\u0173 griebtuvai<\/strong><\/h2>\n<p>R\u0105st\u0173 griebtuvai da\u017enai yra nepakankamai \u012fvertinama dalis. I\u0161 ties\u0173, egzistuoja \u012fvairi\u0173 tip\u0173 griebtuv\u0173, kurie skiriasi paskirtimi, med\u017eiagomis ir kaina.<\/p>\n<ul>\n<li>Transportavimo griebtuvai<\/li>\n<li>R\u016b\u0161iavimo griebtuvai<\/li>\n<li>Griebtuvai su ar be st\u016bmiklio<\/li>\n<li>Siauri ir plat\u016bs griebtuvai<\/li>\n<li>Griebtuvai su sustiprinta konstrukcija<\/li>\n<\/ul>\n<p>[\/vc_column_text][\/vc_column_inner][vc_column_inner width=&#8221;1\/2&#8243;][vc_single_image image=&#8221;2453&#8243; img_size=&#8221;full&#8221;][\/vc_column_inner][\/vc_row_inner][vc_row_inner][vc_column_inner width=&#8221;1\/2&#8243;][vc_single_image image=&#8221;2456&#8243; img_size=&#8221;full&#8221;][\/vc_column_inner][vc_column_inner width=&#8221;1\/2&#8243;][vc_column_text]<\/p>\n<h2><strong>\u0160ak\u0117s<\/strong><\/h2>\n<p>\u0160ak\u0117s yra neabejotinai da\u017eniausiai naudojamas med\u017eiag\u0173 krovimo ir k\u0117limo \u012frenginys. Perfrazuojant gars\u0173j\u012f posak\u012f: \u201ePasakykite, k\u0105 norite pakelti, ir mes pasakysime, kokios \u0161ak\u0117s jums reikalingos\u201c. Mes si\u016blome plat\u0173 galing\u0173, specialiai sukurt\u0173 \u0161aki\u0173 pasirinkim\u0105: ritinio tipo, veleno tipo, taip pat pagal u\u017esakym\u0105 geriausi\u0173 pasaulio gamintoj\u0173 gaminamas \u0161akes.[\/vc_column_text][\/vc_column_inner][\/vc_row_inner][\/vc_column][vc_column width=&#8221;1\/3&#8243;][vc_wp_custommenu nav_menu=&#8221;71&#8243;][\/vc_column][\/vc_row][vc_row full_width=&#8221;stretch_row&#8221; css=&#8221;.vc_custom_1461668813999{padding-top: 30px !important;padding-bottom: 30px !important;background-color: #333333 !important;}&#8221; el_class=&#8221;contact-block&#8221;][vc_column][vc_column_text]<\/p>\n<p style=\"text-align: center;\"><strong><em>Kvie\u010diame kreiptis \u012f mus \u2013 kartu mes surasime geriausi\u0105 sprendim\u0105.<\/em><\/strong><\/p>\n<p style=\"text-align: center;\"><strong><a href=\"http:\/\/truckmaint.ee\/lt\/kontaktine-informacija\/\">SUSISIEKITE <i class=\"fa fa-angle-double-right\"><\/i><\/a><\/strong><\/p>\n<p>[\/vc_column_text][\/vc_column][\/vc_row]<\/p>\n<\/div><input class=\"fooboxshare_post_id\" type=\"hidden\" value=\"3624\"\/>","protected":false},"excerpt":{"rendered":"<p>[vc_row][vc_column width=&#8221;2\/3&#8243;][vc_row_inner][vc_column_inner width=&#8221;1\/2&#8243;][vc_single_image image=&#8221;2464&#8243; img_size=&#8221;full&#8221;][\/vc_column_inner][vc_column_inner width=&#8221;1\/2&#8243;][vc_column_text] Kau\u0161ai Kau\u0161\u0173 pasirinkimas priklauso nuo med\u017eiag\u0173, veikimo ciklo ir speciali\u0173 poreiki\u0173. Mes si\u016blome plat\u0173 skirting\u0173 kain\u0173 ir kokyb\u0117s vidaus ir u\u017esienio gamintoj\u0173 kau\u0161\u0173 pasirinkim\u0105.[\/vc_column_text][\/vc_column_inner][\/vc_row_inner][vc_row_inner][vc_column_inner width=&#8221;1\/2&#8243;][vc_column_text] R\u0105st\u0173 griebtuvai R\u0105st\u0173 griebtuvai da\u017enai yra nepakankamai \u012fvertinama dalis&#8230;.<\/p>\n","protected":false},"author":1,"featured_media":3633,"parent":3686,"menu_order":0,"comment_status":"closed","ping_status":"closed","template":"","meta":{"_acf_changed":false,"footnotes":""},"class_list":["post-3624","page","type-page","status-publish","has-post-thumbnail","hentry"],"acf":[],"_links":{"self":[{"href":"https:\/\/truckmaint.ee\/lt\/wp-json\/wp\/v2\/pages\/3624","targetHints":{"allow":["GET"]}}],"collection":[{"href":"https:\/\/truckmaint.ee\/lt\/wp-json\/wp\/v2\/pages"}],"about":[{"href":"https:\/\/truckmaint.ee\/lt\/wp-json\/wp\/v2\/types\/page"}],"author":[{"embeddable":true,"href":"https:\/\/truckmaint.ee\/lt\/wp-json\/wp\/v2\/users\/1"}],"replies":[{"embeddable":true,"href":"https:\/\/truckmaint.ee\/lt\/wp-json\/wp\/v2\/comments?post=3624"}],"version-history":[{"count":2,"href":"https:\/\/truckmaint.ee\/lt\/wp-json\/wp\/v2\/pages\/3624\/revisions"}],"predecessor-version":[{"id":3836,"href":"https:\/\/truckmaint.ee\/lt\/wp-json\/wp\/v2\/pages\/3624\/revisions\/3836"}],"up":[{"embeddable":true,"href":"https:\/\/truckmaint.ee\/lt\/wp-json\/wp\/v2\/pages\/3686"}],"wp:featuredmedia":[{"embeddable":true,"href":"https:\/\/truckmaint.ee\/lt\/wp-json\/wp\/v2\/media\/3633"}],"wp:attachment":[{"href":"https:\/\/truckmaint.ee\/lt\/wp-json\/wp\/v2\/media?parent=3624"}],"curies":[{"name":"wp","href":"https:\/\/api.w.org\/{rel}","templated":true}]}}