{"id":3618,"date":"2016-04-25T21:24:15","date_gmt":"2016-04-25T18:24:15","guid":{"rendered":"http:\/\/truckmaint.ee\/varuosad\/"},"modified":"2017-04-18T15:00:17","modified_gmt":"2017-04-18T12:00:17","slug":"atsargines-dalys","status":"publish","type":"page","link":"https:\/\/truckmaint.ee\/lt\/paslaugos\/atsargines-dalys\/","title":{"rendered":"Atsargin\u0117s dalys"},"content":{"rendered":"<div class=\"wpb-content-wrapper\"><p>[vc_row][vc_column width=&#8221;2\/3&#8243;][vc_column_text]<\/p>\n<h1>Atsargin\u0117s dalys<\/h1>\n<p>Si\u016blome nebrangias kei\u010diamas dalis \u201eVolvo\u201c, \u201eKalmar\u201c ir \u201eSvetruck\u201c keltuvams.[\/vc_column_text][vc_separator css=&#8221;.vc_custom_1461671109624{margin-top: 30px !important;margin-bottom: 30px !important;}&#8221;][vc_column_text]<\/p>\n<div id=\"jig1\" class=\"justified-image-grid jig-d27d3885448a9ddc8635e69da49bd6ce jig-preset-global jig-source-wp-gallery jigFooBoxConnect\"><div class=\"jig-clearfix\"><\/div><noscript id=\"jig1-html\" class=\"justified-image-grid-html\" data-lazy-src=\"skiplazyload\" data-src=\"skipunveillazyload\"><ul><li><a href=\"https:\/\/truckmaint.ee\/wp-content\/uploads\/2016\/04\/0261_12_00005-Continental-R20.png\"><img loading=\"lazy\" decoding=\"async\" src=\"https:\/\/truckmaint.ee\/wp-content\/plugins\/justified-image-grid\/timthumb.php?src=https%3A%2F%2Ftruckmaint.ee%2Fwp-content%2Fuploads%2F2016%2F04%2F0261_12_00005-Continental-R20.png&amp;h=350&amp;q=90&amp;f=.png\" alt=\"\" width=\"210\" height=\"350\" \/><\/a><\/li><li><a href=\"https:\/\/truckmaint.ee\/wp-content\/uploads\/2016\/04\/varuosad2.png\" title=\"varuosad2\"><img loading=\"lazy\" decoding=\"async\" src=\"https:\/\/truckmaint.ee\/wp-content\/plugins\/justified-image-grid\/timthumb.php?src=https%3A%2F%2Ftruckmaint.ee%2Fwp-content%2Fuploads%2F2016%2F04%2Fvaruosad2.png&amp;h=350&amp;q=90&amp;f=.png\" alt=\"varuosad2\" width=\"622\" height=\"350\" \/><\/a><p class=\"jig-HTMLdescription\">varuosad2<\/p><\/li><li><a href=\"https:\/\/truckmaint.ee\/wp-content\/uploads\/2016\/04\/varuosad1.png\" title=\"varuosad1\"><img loading=\"lazy\" decoding=\"async\" src=\"https:\/\/truckmaint.ee\/wp-content\/plugins\/justified-image-grid\/timthumb.php?src=https%3A%2F%2Ftruckmaint.ee%2Fwp-content%2Fuploads%2F2016%2F04%2Fvaruosad1.png&amp;h=350&amp;q=90&amp;f=.png\" alt=\"varuosad1\" width=\"621\" height=\"350\" \/><\/a><p class=\"jig-HTMLdescription\">varuosad1<\/p><\/li><li><a href=\"https:\/\/truckmaint.ee\/wp-content\/uploads\/2016\/04\/Truck.ACTION.HR_-765x1024.jpg\"><img loading=\"lazy\" decoding=\"async\" src=\"https:\/\/truckmaint.ee\/wp-content\/plugins\/justified-image-grid\/timthumb.php?src=https%3A%2F%2Ftruckmaint.ee%2Fwp-content%2Fuploads%2F2016%2F04%2FTruck.ACTION.HR_-765x1024.jpg&amp;h=350&amp;q=90&amp;f=.jpg\" alt=\"\" width=\"261\" height=\"350\" \/><\/a><\/li><\/ul><\/noscript><\/div>\n<p>[\/vc_column_text][\/vc_column][vc_column width=&#8221;1\/3&#8243;][vc_wp_custommenu nav_menu=&#8221;72&#8243;][\/vc_column][\/vc_row][vc_row full_width=&#8221;stretch_row&#8221; css=&#8221;.vc_custom_1461668813999{padding-top: 30px !important;padding-bottom: 30px !important;background-color: #333333 !important;}&#8221; el_class=&#8221;contact-block&#8221;][vc_column][vc_column_text]<\/p>\n<p style=\"text-align: center;\"><strong><em>Kvie\u010diame kreiptis \u012f mus \u2013 kartu mes surasime geriausi\u0105 sprendim\u0105.<\/em><\/strong><\/p>\n<p style=\"text-align: center;\"><strong><a href=\"http:\/\/truckmaint.ee\/lt\/kontaktine-informacija\/\">SUSISIEKITE <i class=\"fa fa-angle-double-right\"><\/i><\/a><\/strong><\/p>\n<p>[\/vc_column_text][\/vc_column][\/vc_row]<\/p>\n<\/div><input class=\"fooboxshare_post_id\" type=\"hidden\" value=\"3618\"\/>","protected":false},"excerpt":{"rendered":"<p>[vc_row][vc_column width=&#8221;2\/3&#8243;][vc_column_text] Atsargin\u0117s dalys Si\u016blome nebrangias kei\u010diamas dalis \u201eVolvo\u201c, \u201eKalmar\u201c ir \u201eSvetruck\u201c keltuvams.[\/vc_column_text][vc_separator css=&#8221;.vc_custom_1461671109624{margin-top: 30px !important;margin-bottom: 30px !important;}&#8221;][vc_column_text] [\/vc_column_text][\/vc_column][vc_column width=&#8221;1\/3&#8243;][vc_wp_custommenu nav_menu=&#8221;72&#8243;][\/vc_column][\/vc_row][vc_row full_width=&#8221;stretch_row&#8221; css=&#8221;.vc_custom_1461668813999{padding-top: 30px !important;padding-bottom: 30px !important;background-color: #333333 !important;}&#8221; el_class=&#8221;contact-block&#8221;][vc_column][vc_column_text] Kvie\u010diame kreiptis \u012f mus \u2013 kartu mes surasime geriausi\u0105 sprendim\u0105&#8230;.<\/p>\n","protected":false},"author":1,"featured_media":3621,"parent":3727,"menu_order":0,"comment_status":"closed","ping_status":"closed","template":"","meta":{"_acf_changed":false,"footnotes":""},"class_list":["post-3618","page","type-page","status-publish","has-post-thumbnail","hentry"],"acf":[],"_links":{"self":[{"href":"https:\/\/truckmaint.ee\/lt\/wp-json\/wp\/v2\/pages\/3618","targetHints":{"allow":["GET"]}}],"collection":[{"href":"https:\/\/truckmaint.ee\/lt\/wp-json\/wp\/v2\/pages"}],"about":[{"href":"https:\/\/truckmaint.ee\/lt\/wp-json\/wp\/v2\/types\/page"}],"author":[{"embeddable":true,"href":"https:\/\/truckmaint.ee\/lt\/wp-json\/wp\/v2\/users\/1"}],"replies":[{"embeddable":true,"href":"https:\/\/truckmaint.ee\/lt\/wp-json\/wp\/v2\/comments?post=3618"}],"version-history":[{"count":2,"href":"https:\/\/truckmaint.ee\/lt\/wp-json\/wp\/v2\/pages\/3618\/revisions"}],"predecessor-version":[{"id":3902,"href":"https:\/\/truckmaint.ee\/lt\/wp-json\/wp\/v2\/pages\/3618\/revisions\/3902"}],"up":[{"embeddable":true,"href":"https:\/\/truckmaint.ee\/lt\/wp-json\/wp\/v2\/pages\/3727"}],"wp:featuredmedia":[{"embeddable":true,"href":"https:\/\/truckmaint.ee\/lt\/wp-json\/wp\/v2\/media\/3621"}],"wp:attachment":[{"href":"https:\/\/truckmaint.ee\/lt\/wp-json\/wp\/v2\/media?parent=3618"}],"curies":[{"name":"wp","href":"https:\/\/api.w.org\/{rel}","templated":true}]}}