{"id":3612,"date":"2016-04-25T21:24:32","date_gmt":"2016-04-25T18:24:32","guid":{"rendered":"http:\/\/truckmaint.ee\/kasutatud-masinad\/"},"modified":"2017-04-18T11:03:36","modified_gmt":"2017-04-18T08:03:36","slug":"naudota-iranga","status":"publish","type":"page","link":"https:\/\/truckmaint.ee\/lt\/naudota-iranga\/","title":{"rendered":"Naudota \u012franga"},"content":{"rendered":"<div class=\"wpb-content-wrapper\"><p>[vc_row][vc_column width=&#8221;2\/3&#8243;][vc_column_text]<\/p>\n<h2><strong>Naudota \u012franga<\/strong><\/h2>\n<p>Kai \u012franga yra sena ir susid\u0117v\u0117jusi, da\u017enai staiga ir netik\u0117tai kyla \u012fvairi\u0173 problem\u0173. Jeigu pavargote nuo nuolatinio problem\u0173 sprendimo, mes galime pasi\u016blyti Jums pakeisti J\u016bs\u0173 ma\u0161inas \u012f nauj\u0105 arba \u0161iek tiek naudot\u0105 \u012frang\u0105.[\/vc_column_text][vc_separator css=&#8221;.vc_custom_1461671109624{margin-top: 30px !important;margin-bottom: 30px !important;}&#8221;][vc_column_text]<\/p>\n<div id=\"jig1\" class=\"justified-image-grid jig-ce901fdd95f29669d2342c2d7e36cb7a jig-preset-global jig-source-wp-gallery jigFooBoxConnect\"><div class=\"jig-clearfix\"><\/div><noscript id=\"jig1-html\" class=\"justified-image-grid-html\" data-lazy-src=\"skiplazyload\" data-src=\"skipunveillazyload\"><ul><li><a href=\"https:\/\/truckmaint.ee\/wp-content\/uploads\/2016\/04\/20151211_092633-1024x614.jpg\"><img loading=\"lazy\" decoding=\"async\" src=\"https:\/\/truckmaint.ee\/wp-content\/plugins\/justified-image-grid\/timthumb.php?src=https%3A%2F%2Ftruckmaint.ee%2Fwp-content%2Fuploads%2F2016%2F04%2F20151211_092633-1024x614.jpg&amp;h=350&amp;q=90&amp;f=.jpg\" alt=\"\" width=\"583\" height=\"350\" \/><\/a><\/li><li><a href=\"https:\/\/truckmaint.ee\/wp-content\/uploads\/2016\/04\/DSC_0006-576x1024.jpg\"><img loading=\"lazy\" decoding=\"async\" src=\"https:\/\/truckmaint.ee\/wp-content\/plugins\/justified-image-grid\/timthumb.php?src=https%3A%2F%2Ftruckmaint.ee%2Fwp-content%2Fuploads%2F2016%2F04%2FDSC_0006-576x1024.jpg&amp;h=350&amp;q=90&amp;f=.jpg\" alt=\"\" width=\"196\" height=\"350\" \/><\/a><\/li><li><a href=\"https:\/\/truckmaint.ee\/wp-content\/uploads\/2016\/04\/DSC_0023-1024x576.jpg\"><img loading=\"lazy\" decoding=\"async\" src=\"https:\/\/truckmaint.ee\/wp-content\/plugins\/justified-image-grid\/timthumb.php?src=https%3A%2F%2Ftruckmaint.ee%2Fwp-content%2Fuploads%2F2016%2F04%2FDSC_0023-1024x576.jpg&amp;h=350&amp;q=90&amp;f=.jpg\" alt=\"\" width=\"622\" height=\"350\" \/><\/a><\/li><li><a href=\"https:\/\/truckmaint.ee\/wp-content\/uploads\/2016\/04\/DSC_0040-576x1024.jpg\"><img loading=\"lazy\" decoding=\"async\" src=\"https:\/\/truckmaint.ee\/wp-content\/plugins\/justified-image-grid\/timthumb.php?src=https%3A%2F%2Ftruckmaint.ee%2Fwp-content%2Fuploads%2F2016%2F04%2FDSC_0040-576x1024.jpg&amp;h=350&amp;q=90&amp;f=.jpg\" alt=\"\" width=\"196\" height=\"350\" \/><\/a><\/li><\/ul><\/noscript><\/div>\n<p>[\/vc_column_text][\/vc_column][vc_column width=&#8221;1\/3&#8243;][vc_wp_custommenu nav_menu=&#8221;71&#8243;][\/vc_column][\/vc_row][vc_row full_width=&#8221;stretch_row&#8221; css=&#8221;.vc_custom_1461668813999{padding-top: 30px !important;padding-bottom: 30px !important;background-color: #333333 !important;}&#8221; el_class=&#8221;contact-block&#8221;][vc_column][vc_column_text]<\/p>\n<p style=\"text-align: center;\"><strong><em>Kvie\u010diame kreiptis \u012f mus \u2013 kartu mes surasime geriausi\u0105 sprendim\u0105.<\/em><\/strong><\/p>\n<p style=\"text-align: center;\"><strong><a href=\"http:\/\/truckmaint.ee\/lt\/kontaktine-informacija\/\">SUSISIEKITE <i class=\"fa fa-angle-double-right\"><\/i><\/a><\/strong><\/p>\n<p>[\/vc_column_text][\/vc_column][\/vc_row]<\/p>\n<\/div><input class=\"fooboxshare_post_id\" type=\"hidden\" value=\"3612\"\/>","protected":false},"excerpt":{"rendered":"<p>[vc_row][vc_column width=&#8221;2\/3&#8243;][vc_column_text] Naudota \u012franga Kai \u012franga yra sena ir susid\u0117v\u0117jusi, da\u017enai staiga ir netik\u0117tai kyla \u012fvairi\u0173 problem\u0173. Jeigu pavargote nuo nuolatinio problem\u0173 sprendimo, mes galime pasi\u016blyti Jums pakeisti J\u016bs\u0173 ma\u0161inas \u012f nauj\u0105 arba \u0161iek tiek naudot\u0105 \u012frang\u0105.[\/vc_column_text][vc_separator css=&#8221;.vc_custom_1461671109624{margin-top: 30px !important;margin-bottom:&#8230;<\/p>\n","protected":false},"author":1,"featured_media":0,"parent":0,"menu_order":0,"comment_status":"closed","ping_status":"closed","template":"","meta":{"_acf_changed":false,"footnotes":""},"class_list":["post-3612","page","type-page","status-publish","hentry"],"acf":[],"_links":{"self":[{"href":"https:\/\/truckmaint.ee\/lt\/wp-json\/wp\/v2\/pages\/3612","targetHints":{"allow":["GET"]}}],"collection":[{"href":"https:\/\/truckmaint.ee\/lt\/wp-json\/wp\/v2\/pages"}],"about":[{"href":"https:\/\/truckmaint.ee\/lt\/wp-json\/wp\/v2\/types\/page"}],"author":[{"embeddable":true,"href":"https:\/\/truckmaint.ee\/lt\/wp-json\/wp\/v2\/users\/1"}],"replies":[{"embeddable":true,"href":"https:\/\/truckmaint.ee\/lt\/wp-json\/wp\/v2\/comments?post=3612"}],"version-history":[{"count":2,"href":"https:\/\/truckmaint.ee\/lt\/wp-json\/wp\/v2\/pages\/3612\/revisions"}],"predecessor-version":[{"id":3834,"href":"https:\/\/truckmaint.ee\/lt\/wp-json\/wp\/v2\/pages\/3612\/revisions\/3834"}],"wp:attachment":[{"href":"https:\/\/truckmaint.ee\/lt\/wp-json\/wp\/v2\/media?parent=3612"}],"curies":[{"name":"wp","href":"https:\/\/api.w.org\/{rel}","templated":true}]}}