{"id":3607,"date":"2016-05-01T22:02:24","date_gmt":"2016-05-01T19:02:24","guid":{"rendered":"http:\/\/truckmaint.ee\/avade-taastamine\/"},"modified":"2017-04-18T14:52:41","modified_gmt":"2017-04-18T11:52:41","slug":"linijinis-grezimas","status":"publish","type":"page","link":"https:\/\/truckmaint.ee\/lt\/paslaugos\/linijinis-grezimas\/","title":{"rendered":"Linijinis gr\u0119\u017eimas"},"content":{"rendered":"<div class=\"wpb-content-wrapper\"><p>[vc_row][vc_column width=&#8221;2\/3&#8243;][vc_row_inner][vc_column_inner width=&#8221;1\/2&#8243;][vc_column_text]<\/p>\n<h1 style=\"margin-top: 0;\">\u00a0<strong>Linijinis gr\u0119\u017eimas <\/strong><\/h1>\n<p>Mes naudojame pasaulyje populiariausi\u0105 lininio gr\u0119\u017eimo \u012frang\u0105. Tai padeda u\u017etikrinti darbo greit\u012f ir tikslum\u0105.[\/vc_column_text][\/vc_column_inner][vc_column_inner width=&#8221;1\/2&#8243;][vc_single_image image=&#8221;2577&#8243; img_size=&#8221;large&#8221; alignment=&#8221;center&#8221; onclick=&#8221;link_image&#8221;][\/vc_column_inner][\/vc_row_inner][vc_row_inner][vc_column_inner width=&#8221;1\/2&#8243;][vc_single_image image=&#8221;2778&#8243; img_size=&#8221;large&#8221; alignment=&#8221;center&#8221; onclick=&#8221;link_image&#8221;][\/vc_column_inner][vc_column_inner width=&#8221;1\/2&#8243;][vc_column_text]Mobili \u012franga, skirta atlikti serijin\u012f bendraa\u0161\u012f gr\u0119\u017eim\u0105 ir aptaisym\u0105 tiesiai remonto vietoje.<br \/>\nM\u016bs\u0173 \u012franga yra tinkama nuo \u00d8 35 mm iki \u00d8 400 mm skersmens skyli\u0173 gr\u0119\u017eimui.<\/p>\n<p>Ma\u0161inos su papildomomis dalimis, naudojamos atlikti \u0161iuos darbus: aptaisymo, gr\u0119\u017eimo, frezavimo, sriegi\u0173 sriegimo, jungi\u0173 aptaisymo, \u201eSeeger\u201c atramini\u0173 \u017eied\u0173 montavimo darbus.[\/vc_column_text][\/vc_column_inner][\/vc_row_inner][\/vc_column][vc_column width=&#8221;1\/3&#8243;][vc_wp_custommenu nav_menu=&#8221;72&#8243;][\/vc_column][\/vc_row][vc_row full_width=&#8221;stretch_row&#8221; css=&#8221;.vc_custom_1461668813999{padding-top: 30px !important;padding-bottom: 30px !important;background-color: #333333 !important;}&#8221; el_class=&#8221;contact-block&#8221;][vc_column][vc_column_text]<\/p>\n<p style=\"text-align: center;\"><strong><em>Kvie\u010diame kreiptis \u012f mus \u2013 kartu mes surasime geriausi\u0105 sprendim\u0105.<\/em><\/strong><\/p>\n<p style=\"text-align: center;\"><strong><a href=\"http:\/\/truckmaint.ee\/lt\/kontaktine-informacija\/\">SUSISIEKITE <i class=\"fa fa-angle-double-right\"><\/i><\/a><\/strong><\/p>\n<p>[\/vc_column_text][\/vc_column][\/vc_row]<\/p>\n<\/div><input class=\"fooboxshare_post_id\" type=\"hidden\" value=\"3607\"\/>","protected":false},"excerpt":{"rendered":"<p>[vc_row][vc_column width=&#8221;2\/3&#8243;][vc_row_inner][vc_column_inner width=&#8221;1\/2&#8243;][vc_column_text] \u00a0Linijinis gr\u0119\u017eimas Mes naudojame pasaulyje populiariausi\u0105 lininio gr\u0119\u017eimo \u012frang\u0105. Tai padeda u\u017etikrinti darbo greit\u012f ir tikslum\u0105.[\/vc_column_text][\/vc_column_inner][vc_column_inner width=&#8221;1\/2&#8243;][vc_single_image image=&#8221;2577&#8243; img_size=&#8221;large&#8221; alignment=&#8221;center&#8221; onclick=&#8221;link_image&#8221;][\/vc_column_inner][\/vc_row_inner][vc_row_inner][vc_column_inner width=&#8221;1\/2&#8243;][vc_single_image image=&#8221;2778&#8243; img_size=&#8221;large&#8221; alignment=&#8221;center&#8221; onclick=&#8221;link_image&#8221;][\/vc_column_inner][vc_column_inner width=&#8221;1\/2&#8243;][vc_column_text]Mobili \u012franga, skirta atlikti serijin\u012f bendraa\u0161\u012f gr\u0119\u017eim\u0105 ir aptaisym\u0105 tiesiai remonto&#8230;<\/p>\n","protected":false},"author":1,"featured_media":3608,"parent":3727,"menu_order":0,"comment_status":"closed","ping_status":"closed","template":"","meta":{"_acf_changed":false,"footnotes":""},"class_list":["post-3607","page","type-page","status-publish","has-post-thumbnail","hentry"],"acf":[],"_links":{"self":[{"href":"https:\/\/truckmaint.ee\/lt\/wp-json\/wp\/v2\/pages\/3607","targetHints":{"allow":["GET"]}}],"collection":[{"href":"https:\/\/truckmaint.ee\/lt\/wp-json\/wp\/v2\/pages"}],"about":[{"href":"https:\/\/truckmaint.ee\/lt\/wp-json\/wp\/v2\/types\/page"}],"author":[{"embeddable":true,"href":"https:\/\/truckmaint.ee\/lt\/wp-json\/wp\/v2\/users\/1"}],"replies":[{"embeddable":true,"href":"https:\/\/truckmaint.ee\/lt\/wp-json\/wp\/v2\/comments?post=3607"}],"version-history":[{"count":2,"href":"https:\/\/truckmaint.ee\/lt\/wp-json\/wp\/v2\/pages\/3607\/revisions"}],"predecessor-version":[{"id":3895,"href":"https:\/\/truckmaint.ee\/lt\/wp-json\/wp\/v2\/pages\/3607\/revisions\/3895"}],"up":[{"embeddable":true,"href":"https:\/\/truckmaint.ee\/lt\/wp-json\/wp\/v2\/pages\/3727"}],"wp:featuredmedia":[{"embeddable":true,"href":"https:\/\/truckmaint.ee\/lt\/wp-json\/wp\/v2\/media\/3608"}],"wp:attachment":[{"href":"https:\/\/truckmaint.ee\/lt\/wp-json\/wp\/v2\/media?parent=3607"}],"curies":[{"name":"wp","href":"https:\/\/api.w.org\/{rel}","templated":true}]}}