{"id":3600,"date":"2016-09-13T09:26:04","date_gmt":"2016-09-13T06:26:04","guid":{"rendered":"http:\/\/truckmaint.ee\/rehvide-taastamine\/"},"modified":"2017-04-18T14:53:12","modified_gmt":"2017-04-18T11:53:12","slug":"padangu-restauravimas","status":"publish","type":"page","link":"https:\/\/truckmaint.ee\/lt\/paslaugos\/padangu-restauravimas\/","title":{"rendered":"Padang\u0173 restauravimas"},"content":{"rendered":"<div class=\"wpb-content-wrapper\"><p>[vc_row][vc_column width=&#8221;2\/3&#8243;][vc_row_inner][vc_column_inner][vc_column_text]<\/p>\n<h1 style=\"margin-top: 0;\"><strong>Padang\u0173 restauravimas<\/strong><\/h1>\n<p>Si\u016blome padang\u0173 restauravimo paslaugas.<br \/>\nBaltijos \u0161alyse atstovaujame \u201eR\u00f6sler\u201c padang\u0173 restauravimo bendrovei. \u201eR\u00f6sler\u201c \u2013 tai 50 met\u0173 voki\u0161k\u0173 tradicij\u0173.<\/p>\n<ol>\n<li>Pirmin\u0117s vulkanizacijos b\u016bdu apdorota \u201eSchelkmann\u201c serija<\/li>\n<li>\u201eRodos\u201c serija, aprdorota naudojant vulkanizacij\u0105 formose<\/li>\n<li>Padang\u0173 pildymas<\/li>\n<li>\u201eIntread\u201c padang\u0173 jutikli\u0173 sistemos<\/li>\n<\/ol>\n<p>[\/vc_column_text][\/vc_column_inner][\/vc_row_inner][vc_column_text]<\/p>\n<h3><strong>Rodos<\/strong><\/h3>\n<p>[\/vc_column_text][vc_single_image image=&#8221;3015&#8243; img_size=&#8221;large&#8221;][vc_column_text]<\/p>\n<h3><strong>Schelkmann<\/strong><\/h3>\n<p>[\/vc_column_text][vc_single_image image=&#8221;3070&#8243; img_size=&#8221;large&#8221;][vc_column_text]<\/p>\n<h3>Padang\u0173 pildymas<\/h3>\n<p>[\/vc_column_text][vc_single_image image=&#8221;3072&#8243; img_size=&#8221;large&#8221;][vc_column_text]<\/p>\n<h3><strong>\u201eIntread\u201c padang\u0173 jutikli\u0173 sistemos<\/strong><\/h3>\n<p>[\/vc_column_text][vc_single_image image=&#8221;3075&#8243; img_size=&#8221;large&#8221;][\/vc_column][vc_column width=&#8221;1\/3&#8243;][vc_wp_custommenu nav_menu=&#8221;72&#8243;][\/vc_column][\/vc_row][vc_row full_width=&#8221;stretch_row&#8221; css=&#8221;.vc_custom_1473749874315{margin-bottom: 0px !important;padding-top: 30px !important;padding-bottom: 30px !important;background-color: #333333 !important;}&#8221; el_class=&#8221;contact-block&#8221;][vc_column][vc_column_text]<\/p>\n<p style=\"text-align: center;\"><strong><em>Kvie\u010diame kreiptis \u012f mus \u2013 kartu mes surasime geriausi\u0105 sprendim\u0105.<\/em><\/strong><\/p>\n<p style=\"text-align: center;\"><strong><a href=\"http:\/\/truckmaint.ee\/lt\/kontaktine-informacija\/\">SUSISIEKITE <i class=\"fa fa-angle-double-right\"><\/i><\/a><\/strong><\/p>\n<p>[\/vc_column_text][\/vc_column][\/vc_row]<\/p>\n<\/div><input class=\"fooboxshare_post_id\" type=\"hidden\" value=\"3600\"\/>","protected":false},"excerpt":{"rendered":"<p>[vc_row][vc_column width=&#8221;2\/3&#8243;][vc_row_inner][vc_column_inner][vc_column_text] Padang\u0173 restauravimas Si\u016blome padang\u0173 restauravimo paslaugas. Baltijos \u0161alyse atstovaujame \u201eR\u00f6sler\u201c padang\u0173 restauravimo bendrovei. \u201eR\u00f6sler\u201c \u2013 tai 50 met\u0173 voki\u0161k\u0173 tradicij\u0173. Pirmin\u0117s vulkanizacijos b\u016bdu apdorota \u201eSchelkmann\u201c serija \u201eRodos\u201c serija, aprdorota naudojant vulkanizacij\u0105 formose Padang\u0173 pildymas \u201eIntread\u201c padang\u0173 jutikli\u0173 sistemos&#8230;<\/p>\n","protected":false},"author":1,"featured_media":3606,"parent":3727,"menu_order":0,"comment_status":"closed","ping_status":"closed","template":"","meta":{"_acf_changed":false,"footnotes":""},"class_list":["post-3600","page","type-page","status-publish","has-post-thumbnail","hentry"],"acf":[],"_links":{"self":[{"href":"https:\/\/truckmaint.ee\/lt\/wp-json\/wp\/v2\/pages\/3600","targetHints":{"allow":["GET"]}}],"collection":[{"href":"https:\/\/truckmaint.ee\/lt\/wp-json\/wp\/v2\/pages"}],"about":[{"href":"https:\/\/truckmaint.ee\/lt\/wp-json\/wp\/v2\/types\/page"}],"author":[{"embeddable":true,"href":"https:\/\/truckmaint.ee\/lt\/wp-json\/wp\/v2\/users\/1"}],"replies":[{"embeddable":true,"href":"https:\/\/truckmaint.ee\/lt\/wp-json\/wp\/v2\/comments?post=3600"}],"version-history":[{"count":2,"href":"https:\/\/truckmaint.ee\/lt\/wp-json\/wp\/v2\/pages\/3600\/revisions"}],"predecessor-version":[{"id":3897,"href":"https:\/\/truckmaint.ee\/lt\/wp-json\/wp\/v2\/pages\/3600\/revisions\/3897"}],"up":[{"embeddable":true,"href":"https:\/\/truckmaint.ee\/lt\/wp-json\/wp\/v2\/pages\/3727"}],"wp:featuredmedia":[{"embeddable":true,"href":"https:\/\/truckmaint.ee\/lt\/wp-json\/wp\/v2\/media\/3606"}],"wp:attachment":[{"href":"https:\/\/truckmaint.ee\/lt\/wp-json\/wp\/v2\/media?parent=3600"}],"curies":[{"name":"wp","href":"https:\/\/api.w.org\/{rel}","templated":true}]}}