{"id":3590,"date":"2016-12-07T10:13:27","date_gmt":"2016-12-07T08:13:27","guid":{"rendered":"http:\/\/truckmaint.ee\/palgilaadur\/"},"modified":"2017-04-18T11:04:13","modified_gmt":"2017-04-18T08:04:13","slug":"rastu-griebtuvai","status":"publish","type":"page","link":"https:\/\/truckmaint.ee\/lt\/produktai\/rastu-griebtuvai\/","title":{"rendered":"R\u0105st\u0173 griebtuvai"},"content":{"rendered":"<div class=\"wpb-content-wrapper\"><p>[vc_row][vc_column width=&#8221;2\/3&#8243;][vc_column_text]<\/p>\n<h1>R\u0105st\u0173 griebtuvai<\/h1>\n<p><a class=\"tehase-valik\" href=\"http:\/\/twlogstacker.fi\" target=\"_blank\" rel=\"noopener\">Produkt\u0173 tinklalapis<\/a><\/p>\n<p>Nuolat did\u0117jantis didesni\u0173 kieki\u0173 perdirbimo poreikis reikalauja didesn\u0117s ma\u0161in\u0173 galios. \u0160ioje r\u0105st\u0173 griebtuv\u0173 klas\u0117je si\u016blomos skirtingos k\u0117limo galios ma\u0161inos \u2013 12 t, 17 t ir 32 t.<\/p>\n<p>\u0160aki\u0173 skerspj\u016bvio plotas yra 3\u20138,5 m2. J\u016bs galite pasirinkti viengubas ir dvigubas \u0161akes.<\/p>\n<p>Kuro s\u0105naudos yra nuo 121 l\/h \u2013 tai ekonomi\u0161kiausias kuro suvartojimas vienam kvadratiniam metrui.[\/vc_column_text][\/vc_column][vc_column width=&#8221;1\/3&#8243;][vc_wp_custommenu nav_menu=&#8221;71&#8243;][\/vc_column][\/vc_row][vc_row][vc_column][vc_separator css=&#8221;.vc_custom_1461671109624{margin-top: 30px !important;margin-bottom: 30px !important;}&#8221;][vc_column_text]<\/p>\n<div id=\"jig1\" class=\"justified-image-grid jig-dada879c1602e900e086bb389fd59627 jig-preset-global jig-source-wp-gallery jigFooBoxConnect\"><div class=\"jig-clearfix\"><\/div><noscript id=\"jig1-html\" class=\"justified-image-grid-html\" data-lazy-src=\"skiplazyload\" data-src=\"skipunveillazyload\"><ul><li><a href=\"https:\/\/truckmaint.ee\/wp-content\/uploads\/2016\/12\/RTD12KURO_12-11-2015-14-30_02-1024x576.jpg\"><img loading=\"lazy\" decoding=\"async\" src=\"https:\/\/truckmaint.ee\/wp-content\/plugins\/justified-image-grid\/timthumb.php?src=https%3A%2F%2Ftruckmaint.ee%2Fwp-content%2Fuploads%2F2016%2F12%2FRTD12KURO_12-11-2015-14-30_02-1024x576.jpg&amp;h=350&amp;q=90&amp;f=.jpg\" alt=\"Palgilaadur\" width=\"622\" height=\"350\" \/><\/a><p class=\"jig-HTMLdescription\">Palgilaadur<\/p><\/li><li><a href=\"https:\/\/truckmaint.ee\/wp-content\/uploads\/2016\/12\/RTD12KURO_13-04-2016-09-28-1024x576.jpg\"><img loading=\"lazy\" decoding=\"async\" src=\"https:\/\/truckmaint.ee\/wp-content\/plugins\/justified-image-grid\/timthumb.php?src=https%3A%2F%2Ftruckmaint.ee%2Fwp-content%2Fuploads%2F2016%2F12%2FRTD12KURO_13-04-2016-09-28-1024x576.jpg&amp;h=350&amp;q=90&amp;f=.jpg\" alt=\"Palgilaadur\" width=\"622\" height=\"350\" \/><\/a><p class=\"jig-HTMLdescription\">Palgilaadur<\/p><\/li><li><a href=\"https:\/\/truckmaint.ee\/wp-content\/uploads\/2016\/12\/RTD12KURO_13-11-2015-11-22_02-1-1024x576.jpg\"><img loading=\"lazy\" decoding=\"async\" src=\"https:\/\/truckmaint.ee\/wp-content\/plugins\/justified-image-grid\/timthumb.php?src=https%3A%2F%2Ftruckmaint.ee%2Fwp-content%2Fuploads%2F2016%2F12%2FRTD12KURO_13-11-2015-11-22_02-1-1024x576.jpg&amp;h=350&amp;q=90&amp;f=.jpg\" alt=\"Palgilaadur\" width=\"622\" height=\"350\" \/><\/a><p class=\"jig-HTMLdescription\">Palgilaadur<\/p><\/li><li><a href=\"https:\/\/truckmaint.ee\/wp-content\/uploads\/2016\/12\/RTD1723_01-09-2014-13-53_04-1024x576.jpg\"><img loading=\"lazy\" decoding=\"async\" src=\"https:\/\/truckmaint.ee\/wp-content\/plugins\/justified-image-grid\/timthumb.php?src=https%3A%2F%2Ftruckmaint.ee%2Fwp-content%2Fuploads%2F2016%2F12%2FRTD1723_01-09-2014-13-53_04-1024x576.jpg&amp;h=350&amp;q=90&amp;f=.jpg\" alt=\"Palgilaadur\" width=\"622\" height=\"350\" \/><\/a><p class=\"jig-HTMLdescription\">Palgilaadur<\/p><\/li><li><a href=\"https:\/\/truckmaint.ee\/wp-content\/uploads\/2016\/12\/RTD1723_01-09-2014-13-57_13-1024x809.jpg\"><img loading=\"lazy\" decoding=\"async\" src=\"https:\/\/truckmaint.ee\/wp-content\/plugins\/justified-image-grid\/timthumb.php?src=https%3A%2F%2Ftruckmaint.ee%2Fwp-content%2Fuploads%2F2016%2F12%2FRTD1723_01-09-2014-13-57_13-1024x809.jpg&amp;h=350&amp;q=90&amp;f=.jpg\" alt=\"Palgilaadur\" width=\"443\" height=\"350\" \/><\/a><p class=\"jig-HTMLdescription\">Palgilaadur<\/p><\/li><li><a href=\"https:\/\/truckmaint.ee\/wp-content\/uploads\/2016\/12\/RTD3126_19-05-2014-14-02_02-1024x577.jpg\"><img loading=\"lazy\" decoding=\"async\" src=\"https:\/\/truckmaint.ee\/wp-content\/plugins\/justified-image-grid\/timthumb.php?src=https%3A%2F%2Ftruckmaint.ee%2Fwp-content%2Fuploads%2F2016%2F12%2FRTD3126_19-05-2014-14-02_02-1024x577.jpg&amp;h=350&amp;q=90&amp;f=.jpg\" alt=\"Palgilaadur\" width=\"621\" height=\"350\" \/><\/a><p class=\"jig-HTMLdescription\">Palgilaadur<\/p><\/li><\/ul><\/noscript><\/div>\n<p>[\/vc_column_text][\/vc_column][\/vc_row][vc_row full_width=&#8221;stretch_row&#8221; css=&#8221;.vc_custom_1481099502452{margin-bottom: 0px !important;padding-top: 30px !important;padding-bottom: 30px !important;background-color: #333333 !important;}&#8221; el_class=&#8221;contact-block&#8221;][vc_column][vc_column_text]<\/p>\n<p style=\"text-align: center;\"><strong><em>Kvie\u010diame kreiptis \u012f mus \u2013 kartu mes surasime geriausi\u0105 sprendim\u0105.<\/em><\/strong><\/p>\n<p style=\"text-align: center;\"><strong><a href=\"http:\/\/truckmaint.ee\/lt\/kontaktine-informacija\/\">SUSISIEKITE <i class=\"fa fa-angle-double-right\"><\/i><\/a><\/strong><\/p>\n<p>[\/vc_column_text][\/vc_column][\/vc_row]<\/p>\n<\/div><input class=\"fooboxshare_post_id\" type=\"hidden\" value=\"3590\"\/>","protected":false},"excerpt":{"rendered":"<p>[vc_row][vc_column width=&#8221;2\/3&#8243;][vc_column_text] R\u0105st\u0173 griebtuvai Produkt\u0173 tinklalapis Nuolat did\u0117jantis didesni\u0173 kieki\u0173 perdirbimo poreikis reikalauja didesn\u0117s ma\u0161in\u0173 galios. \u0160ioje r\u0105st\u0173 griebtuv\u0173 klas\u0117je si\u016blomos skirtingos k\u0117limo galios ma\u0161inos \u2013 12 t, 17 t ir 32 t. \u0160aki\u0173 skerspj\u016bvio plotas yra 3\u20138,5 m2. J\u016bs&#8230;<\/p>\n","protected":false},"author":1,"featured_media":3598,"parent":3686,"menu_order":0,"comment_status":"closed","ping_status":"closed","template":"","meta":{"_acf_changed":false,"footnotes":""},"class_list":["post-3590","page","type-page","status-publish","has-post-thumbnail","hentry"],"acf":[],"_links":{"self":[{"href":"https:\/\/truckmaint.ee\/lt\/wp-json\/wp\/v2\/pages\/3590","targetHints":{"allow":["GET"]}}],"collection":[{"href":"https:\/\/truckmaint.ee\/lt\/wp-json\/wp\/v2\/pages"}],"about":[{"href":"https:\/\/truckmaint.ee\/lt\/wp-json\/wp\/v2\/types\/page"}],"author":[{"embeddable":true,"href":"https:\/\/truckmaint.ee\/lt\/wp-json\/wp\/v2\/users\/1"}],"replies":[{"embeddable":true,"href":"https:\/\/truckmaint.ee\/lt\/wp-json\/wp\/v2\/comments?post=3590"}],"version-history":[{"count":2,"href":"https:\/\/truckmaint.ee\/lt\/wp-json\/wp\/v2\/pages\/3590\/revisions"}],"predecessor-version":[{"id":3837,"href":"https:\/\/truckmaint.ee\/lt\/wp-json\/wp\/v2\/pages\/3590\/revisions\/3837"}],"up":[{"embeddable":true,"href":"https:\/\/truckmaint.ee\/lt\/wp-json\/wp\/v2\/pages\/3686"}],"wp:featuredmedia":[{"embeddable":true,"href":"https:\/\/truckmaint.ee\/lt\/wp-json\/wp\/v2\/media\/3598"}],"wp:attachment":[{"href":"https:\/\/truckmaint.ee\/lt\/wp-json\/wp\/v2\/media?parent=3590"}],"curies":[{"name":"wp","href":"https:\/\/api.w.org\/{rel}","templated":true}]}}