{"id":2661,"date":"2016-04-25T21:25:03","date_gmt":"2016-04-25T18:25:03","guid":{"rendered":"http:\/\/truckmaint.ee\/en\/masinate-tagasiost\/"},"modified":"2016-12-14T17:44:52","modified_gmt":"2016-12-14T15:44:52","slug":"masinate-tagasiost","status":"publish","type":"page","link":"https:\/\/truckmaint.ee\/en\/services\/masinate-tagasiost\/","title":{"rendered":"Masinate tagasiost"},"content":{"rendered":"<div class=\"wpb-content-wrapper\"><p>[vc_row][vc_column width=&#8221;2\/3&#8243;][vc_column_text]<\/p>\n<h2><strong>Masinate tagasiost<\/strong><\/h2>\n<p>V\u00f5ime tagasi osta Teie vana masina. Kui Teile meie pakutav ei sobi, siis on v\u00f5imalik Teil masin j\u00e4tta m\u00fc\u00fcki meie kodulehel.[\/vc_column_text][\/vc_column][vc_column width=&#8221;1\/3&#8243;][vc_wp_custommenu nav_menu=&#8221;64&#8243;][\/vc_column][\/vc_row][vc_row full_width=&#8221;stretch_row&#8221; css=&#8221;.vc_custom_1461668813999{padding-top: 30px !important;padding-bottom: 30px !important;background-color: #333333 !important;}&#8221; el_class=&#8221;contact-block&#8221;][vc_column][vc_column_text]<\/p>\n<p style=\"text-align: center;\"><strong><em>Meiega saad \u00fchendust kiirelt ka l\u00e4bi veebi. Leiame koos sobiva lahenduse.<\/em><\/strong><\/p>\n<p style=\"text-align: center;\"><strong><a href=\"http:\/\/truckmaint.ee\/kontakt\/\">K\u00dcSI T\u00c4PSEMALT <i class=\"fa fa-angle-double-right\"><\/i><\/a><\/strong><\/p>\n<p>[\/vc_column_text][\/vc_column][\/vc_row]<\/p>\n<\/div><input class=\"fooboxshare_post_id\" type=\"hidden\" value=\"2661\"\/>","protected":false},"excerpt":{"rendered":"<p>[vc_row][vc_column width=&#8221;2\/3&#8243;][vc_column_text] Masinate tagasiost V\u00f5ime tagasi osta Teie vana masina. Kui Teile meie pakutav ei sobi, siis on v\u00f5imalik Teil masin j\u00e4tta m\u00fc\u00fcki meie kodulehel.[\/vc_column_text][\/vc_column][vc_column width=&#8221;1\/3&#8243;][vc_wp_custommenu nav_menu=&#8221;64&#8243;][\/vc_column][\/vc_row][vc_row full_width=&#8221;stretch_row&#8221; css=&#8221;.vc_custom_1461668813999{padding-top: 30px !important;padding-bottom: 30px !important;background-color: #333333 !important;}&#8221; el_class=&#8221;contact-block&#8221;][vc_column][vc_column_text] Meiega saad \u00fchendust kiirelt&#8230;<\/p>\n","protected":false},"author":1,"featured_media":0,"parent":2677,"menu_order":0,"comment_status":"closed","ping_status":"closed","template":"","meta":{"_acf_changed":false,"footnotes":""},"class_list":["post-2661","page","type-page","status-publish","hentry"],"acf":[],"_links":{"self":[{"href":"https:\/\/truckmaint.ee\/en\/wp-json\/wp\/v2\/pages\/2661","targetHints":{"allow":["GET"]}}],"collection":[{"href":"https:\/\/truckmaint.ee\/en\/wp-json\/wp\/v2\/pages"}],"about":[{"href":"https:\/\/truckmaint.ee\/en\/wp-json\/wp\/v2\/types\/page"}],"author":[{"embeddable":true,"href":"https:\/\/truckmaint.ee\/en\/wp-json\/wp\/v2\/users\/1"}],"replies":[{"embeddable":true,"href":"https:\/\/truckmaint.ee\/en\/wp-json\/wp\/v2\/comments?post=2661"}],"version-history":[{"count":1,"href":"https:\/\/truckmaint.ee\/en\/wp-json\/wp\/v2\/pages\/2661\/revisions"}],"predecessor-version":[{"id":2774,"href":"https:\/\/truckmaint.ee\/en\/wp-json\/wp\/v2\/pages\/2661\/revisions\/2774"}],"up":[{"embeddable":true,"href":"https:\/\/truckmaint.ee\/en\/wp-json\/wp\/v2\/pages\/2677"}],"wp:attachment":[{"href":"https:\/\/truckmaint.ee\/en\/wp-json\/wp\/v2\/media?parent=2661"}],"curies":[{"name":"wp","href":"https:\/\/api.w.org\/{rel}","templated":true}]}}